{"id":4565,"date":"2021-11-30T10:27:27","date_gmt":"2021-11-30T09:27:27","guid":{"rendered":"https:\/\/edv-cad.de\/contact\/"},"modified":"2025-01-07T09:56:13","modified_gmt":"2025-01-07T08:56:13","slug":"contact","status":"publish","type":"page","link":"https:\/\/edv-cad.de\/en\/contact\/","title":{"rendered":"Contact"},"content":{"rendered":"\t\t<div data-elementor-type=\"wp-page\" data-elementor-id=\"4565\" class=\"elementor elementor-4565 elementor-15\" data-elementor-post-type=\"page\">\n\t\t\t\t\t\t<section class=\"elementor-section elementor-top-section elementor-element elementor-element-44e502b elementor-section-boxed elementor-section-height-default elementor-section-height-default\" data-id=\"44e502b\" data-element_type=\"section\" data-e-type=\"section\">\n\t\t\t\t\t\t<div class=\"elementor-container elementor-column-gap-default\">\n\t\t\t\t\t<div class=\"elementor-column elementor-col-50 elementor-top-column elementor-element elementor-element-9f9ef07\" data-id=\"9f9ef07\" data-element_type=\"column\" data-e-type=\"column\">\n\t\t\t<div class=\"elementor-widget-wrap elementor-element-populated\">\n\t\t\t\t\t\t<div class=\"elementor-element elementor-element-19b6510 elementor-widget elementor-widget-heading\" data-id=\"19b6510\" data-element_type=\"widget\" data-e-type=\"widget\" data-widget_type=\"heading.default\">\n\t\t\t\t<div class=\"elementor-widget-container\">\n\t\t\t\t\t<h2 class=\"elementor-heading-title elementor-size-default\">edv &amp; cad group<\/h2>\t\t\t\t<\/div>\n\t\t\t\t<\/div>\n\t\t\t\t<div class=\"elementor-element elementor-element-630644d elementor-widget elementor-widget-text-editor\" data-id=\"630644d\" data-element_type=\"widget\" data-e-type=\"widget\" data-widget_type=\"text-editor.default\">\n\t\t\t\t<div class=\"elementor-widget-container\">\n\t\t\t\t\t\t\t\t\t<p><strong>E-mail: <a href=\"mailto:info@edv-cad.de\">info@edv-cad.de<\/a><\/strong><\/p>\n<p><strong>Address:<\/strong><br \/>Linden 4<br \/>83052 Bruckm\u00fchl<br \/>Germany<\/p>\n<p><strong>Customer service:<\/strong> <a href=\"tel:\/\/+498025995969\">+49 8025 995969<\/a><\/p>\n\t\t\t\t\t\t\t\t<\/div>\n\t\t\t\t<\/div>\n\t\t\t\t<div class=\"elementor-element elementor-element-b92c5f4 elementor-shape-rounded elementor-grid-0 e-grid-align-center elementor-widget elementor-widget-social-icons\" data-id=\"b92c5f4\" data-element_type=\"widget\" data-e-type=\"widget\" data-widget_type=\"social-icons.default\">\n\t\t\t\t<div class=\"elementor-widget-container\">\n\t\t\t\t\t\t\t<div class=\"elementor-social-icons-wrapper elementor-grid\" role=\"list\">\n\t\t\t\t\t\t\t<span class=\"elementor-grid-item\" role=\"listitem\">\n\t\t\t\t\t<a class=\"elementor-icon elementor-social-icon elementor-social-icon-facebook elementor-animation-grow elementor-repeater-item-63c8e21\" href=\"https:\/\/www.facebook.com\/edvcadgroup\" target=\"_blank\" rel=\"noopener\">\n\t\t\t\t\t\t<span class=\"elementor-screen-only\">Facebook<\/span>\n\t\t\t\t\t\t<i aria-hidden=\"true\" class=\"fab fa-facebook\"><\/i>\t\t\t\t\t<\/a>\n\t\t\t\t<\/span>\n\t\t\t\t\t\t\t<span class=\"elementor-grid-item\" role=\"listitem\">\n\t\t\t\t\t<a class=\"elementor-icon elementor-social-icon elementor-social-icon-twitter elementor-animation-grow elementor-repeater-item-c98d558\" href=\"https:\/\/twitter.com\/edvcadgroup\" target=\"_blank\" rel=\"noopener\">\n\t\t\t\t\t\t<span class=\"elementor-screen-only\">Twitter<\/span>\n\t\t\t\t\t\t<i aria-hidden=\"true\" class=\"fab fa-twitter\"><\/i>\t\t\t\t\t<\/a>\n\t\t\t\t<\/span>\n\t\t\t\t\t\t\t<span class=\"elementor-grid-item\" role=\"listitem\">\n\t\t\t\t\t<a class=\"elementor-icon elementor-social-icon elementor-social-icon-youtube elementor-animation-grow elementor-repeater-item-7640f01\" href=\"https:\/\/www.youtube.com\/user\/edvcad\" target=\"_blank\" rel=\"noopener\">\n\t\t\t\t\t\t<span class=\"elementor-screen-only\">Youtube<\/span>\n\t\t\t\t\t\t<i aria-hidden=\"true\" class=\"fab fa-youtube\"><\/i>\t\t\t\t\t<\/a>\n\t\t\t\t<\/span>\n\t\t\t\t\t\t\t<span class=\"elementor-grid-item\" role=\"listitem\">\n\t\t\t\t\t<a class=\"elementor-icon elementor-social-icon elementor-social-icon-instagram elementor-animation-grow elementor-repeater-item-b6a5661\" href=\"https:\/\/www.instagram.com\/vectorwor\/\" target=\"_blank\" rel=\"noopener\">\n\t\t\t\t\t\t<span class=\"elementor-screen-only\">Instagram<\/span>\n\t\t\t\t\t\t<i aria-hidden=\"true\" class=\"fab fa-instagram\"><\/i>\t\t\t\t\t<\/a>\n\t\t\t\t<\/span>\n\t\t\t\t\t\t\t<span class=\"elementor-grid-item\" role=\"listitem\">\n\t\t\t\t\t<a class=\"elementor-icon elementor-social-icon elementor-social-icon-linkedin elementor-animation-grow elementor-repeater-item-957c913\" href=\"https:\/\/www.linkedin.com\/company\/edv-cad-group\" target=\"_blank\" rel=\"noopener\">\n\t\t\t\t\t\t<span class=\"elementor-screen-only\">Linkedin<\/span>\n\t\t\t\t\t\t<i aria-hidden=\"true\" class=\"fab fa-linkedin\"><\/i>\t\t\t\t\t<\/a>\n\t\t\t\t<\/span>\n\t\t\t\t\t\t\t<span class=\"elementor-grid-item\" role=\"listitem\">\n\t\t\t\t\t<a class=\"elementor-icon elementor-social-icon elementor-social-icon-xing elementor-animation-grow elementor-repeater-item-ec73e5b\" href=\"https:\/\/www.xing.com\/profile\/Hannes_Ellmeier\" target=\"_blank\" rel=\"noopener\">\n\t\t\t\t\t\t<span class=\"elementor-screen-only\">Xing<\/span>\n\t\t\t\t\t\t<i aria-hidden=\"true\" class=\"fab fa-xing\"><\/i>\t\t\t\t\t<\/a>\n\t\t\t\t<\/span>\n\t\t\t\t\t<\/div>\n\t\t\t\t\t\t<\/div>\n\t\t\t\t<\/div>\n\t\t\t\t\t<\/div>\n\t\t<\/div>\n\t\t\t\t<div class=\"elementor-column elementor-col-50 elementor-top-column elementor-element elementor-element-635bb27\" data-id=\"635bb27\" data-element_type=\"column\" data-e-type=\"column\">\n\t\t\t<div class=\"elementor-widget-wrap elementor-element-populated\">\n\t\t\t\t\t\t<div class=\"elementor-element elementor-element-9365c0d elementor-widget elementor-widget-wpforms\" data-id=\"9365c0d\" data-element_type=\"widget\" data-e-type=\"widget\" data-widget_type=\"wpforms.default\">\n\t\t\t\t<div class=\"elementor-widget-container\">\n\t\t\t\t\t<div class=\"wpforms-container wpforms-container-full\" id=\"wpforms-1499\"><form id=\"wpforms-form-1499\" class=\"wpforms-validate wpforms-form\" data-formid=\"1499\" method=\"post\" enctype=\"multipart\/form-data\" action=\"\/en\/wp-json\/wp\/v2\/pages\/4565\" data-token=\"3c03d35b27251009ad88934a54ae8ed8\" data-token-time=\"1777097980\"><noscript class=\"wpforms-error-noscript\">Please enable JavaScript in your browser to complete this form.<\/noscript><div class=\"wpforms-field-container\"><div id=\"wpforms-1499-field_1-container\" class=\"wpforms-field wpforms-field-select wpforms-field-select-style-classic\" data-field-id=\"1\"><label class=\"wpforms-field-label\" for=\"wpforms-1499-field_1\">Salutation<\/label><select id=\"wpforms-1499-field_1\" class=\"wpforms-field-medium\" name=\"wpforms[fields][1]\"><option value=\"Mr\"  class=\"choice-0 depth-1\"  >Mr<\/option><option value=\"Mrs\"  class=\"choice-1 depth-1\"  >Mrs<\/option><option value=\"Miscellaneous\"  class=\"choice-2 depth-1\"  >Miscellaneous<\/option><\/select><\/div><div id=\"wpforms-1499-field_16-container\" class=\"wpforms-field wpforms-field-name\" data-field-id=\"16\"><label class=\"wpforms-field-label\">Name <span class=\"wpforms-required-label\">*<\/span><\/label><div class=\"wpforms-field-row wpforms-field-medium\"><div class=\"wpforms-field-row-block wpforms-first wpforms-one-half\"><input type=\"text\" id=\"wpforms-1499-field_16\" class=\"wpforms-field-name-first wpforms-field-required\" name=\"wpforms[fields][16][first]\" required><label for=\"wpforms-1499-field_16\" class=\"wpforms-field-sublabel after\">First<\/label><\/div><div class=\"wpforms-field-row-block wpforms-one-half\"><input type=\"text\" id=\"wpforms-1499-field_16-last\" class=\"wpforms-field-name-last wpforms-field-required\" name=\"wpforms[fields][16][last]\" required><label for=\"wpforms-1499-field_16-last\" class=\"wpforms-field-sublabel after\">Last<\/label><\/div><\/div><\/div><div id=\"wpforms-1499-field_3-container\" class=\"wpforms-field wpforms-field-text\" data-field-id=\"3\"><label class=\"wpforms-field-label\" for=\"wpforms-1499-field_3\">Firma<\/label><input type=\"text\" id=\"wpforms-1499-field_3\" class=\"wpforms-field-medium\" name=\"wpforms[fields][3]\" ><\/div><div id=\"wpforms-1499-field_14-container\" class=\"wpforms-field wpforms-field-email\" data-field-id=\"14\"><label class=\"wpforms-field-label\" for=\"wpforms-1499-field_14\">e-mail <span class=\"wpforms-required-label\">*<\/span><\/label><input type=\"email\" id=\"wpforms-1499-field_14\" class=\"wpforms-field-medium wpforms-field-required\" name=\"wpforms[fields][14]\" spellcheck=\"false\" required><\/div><div id=\"wpforms-1499-field_15-container\" class=\"wpforms-field wpforms-field-text\" data-field-id=\"15\"><label class=\"wpforms-field-label\" for=\"wpforms-1499-field_15\">phone<\/label><input type=\"text\" id=\"wpforms-1499-field_15\" class=\"wpforms-field-medium\" name=\"wpforms[fields][15]\" ><\/div><div id=\"wpforms-1499-field_6-container\" class=\"wpforms-field wpforms-field-text\" data-field-id=\"6\"><label class=\"wpforms-field-label\" for=\"wpforms-1499-field_6\">Street &amp; house number<\/label><input type=\"text\" id=\"wpforms-1499-field_6\" class=\"wpforms-field-medium\" name=\"wpforms[fields][6]\" ><\/div><div id=\"wpforms-1499-field_7-container\" class=\"wpforms-field wpforms-field-text\" data-field-id=\"7\"><label class=\"wpforms-field-label\" for=\"wpforms-1499-field_7\">Post Code<\/label><input type=\"text\" id=\"wpforms-1499-field_7\" class=\"wpforms-field-medium\" name=\"wpforms[fields][7]\" ><\/div><div id=\"wpforms-1499-field_8-container\" class=\"wpforms-field wpforms-field-text\" data-field-id=\"8\"><label class=\"wpforms-field-label\" for=\"wpforms-1499-field_8\">city<\/label><input type=\"text\" id=\"wpforms-1499-field_8\" class=\"wpforms-field-medium\" name=\"wpforms[fields][8]\" ><\/div><div id=\"wpforms-1499-field_9-container\" class=\"wpforms-field wpforms-field-text\" data-field-id=\"9\"><label class=\"wpforms-field-label\" for=\"wpforms-1499-field_9\">country<\/label><input type=\"text\" id=\"wpforms-1499-field_9\" class=\"wpforms-field-medium\" name=\"wpforms[fields][9]\" value=\"Germany\" ><\/div><div id=\"wpforms-1499-field_10-container\" class=\"wpforms-field wpforms-field-select wpforms-field-select-style-classic\" data-field-id=\"10\"><label class=\"wpforms-field-label\" for=\"wpforms-1499-field_10\">Branch<\/label><select id=\"wpforms-1499-field_10\" class=\"wpforms-field-medium\" name=\"wpforms[fields][10]\"><option value=\"--Not specified--\"  class=\"choice-0 depth-1\"  >--Not specified--<\/option><option value=\"Shop &amp; Trade Fair Construction\"  class=\"choice-1 depth-1\"  >Shop &amp; Trade Fair Construction<\/option><option value=\"Innenarchitektur\"  class=\"choice-2 depth-1\"  >Innenarchitektur<\/option><option value=\"Architektur\"  class=\"choice-3 depth-1\"  >Architektur<\/option><option value=\"Lieferant EDV-CAD\"  class=\"choice-4 depth-1\"  >Lieferant EDV-CAD<\/option><option value=\"Supplier general.\"  class=\"choice-5 depth-1\"  >Supplier general.<\/option><option value=\"Verlag - Presse\"  class=\"choice-6 depth-1\"  >Verlag - Presse<\/option><option value=\"Berufsschule\"  class=\"choice-7 depth-1\"  >Berufsschule<\/option><option value=\"Meisterschule\"  class=\"choice-8 depth-1\"  >Meisterschule<\/option><option value=\"UNI - FH\"  class=\"choice-9 depth-1\"  >UNI - FH<\/option><option value=\"School general.\"  class=\"choice-10 depth-1\"  >School general.<\/option><option value=\"Beh\u00f6rde - HWK - IHK\"  class=\"choice-11 depth-1\"  >Beh\u00f6rde - HWK - IHK<\/option><option value=\"Lehrer\"  class=\"choice-12 depth-1\"  >Lehrer<\/option><option value=\"Student\"  class=\"choice-13 depth-1\"  >Student<\/option><option value=\"Craftsmanship general.\"  class=\"choice-14 depth-1\"  >Craftsmanship general.<\/option><option value=\"Holzbau - Zimmerei\"  class=\"choice-19 depth-1\"  >Holzbau - Zimmerei<\/option><option value=\"Firma allgemein\"  class=\"choice-16 depth-1\"  >Firma allgemein<\/option><option value=\"Planungsb\u00fcro\"  class=\"choice-17 depth-1\"  >Planungsb\u00fcro<\/option><option value=\"Privat\"  class=\"choice-15 depth-1\"  >Privat<\/option><option value=\"Sonstiges\"  class=\"choice-18 depth-1\"  >Sonstiges<\/option><\/select><\/div><div id=\"wpforms-1499-field_11-container\" class=\"wpforms-field wpforms-field-text\" data-field-id=\"11\"><label class=\"wpforms-field-label\" for=\"wpforms-1499-field_11\">Subject<\/label><input type=\"text\" id=\"wpforms-1499-field_11\" class=\"wpforms-field-medium\" name=\"wpforms[fields][11]\" placeholder=\"Contact\" ><\/div><div id=\"wpforms-1499-field_12-container\" class=\"wpforms-field wpforms-field-textarea\" data-field-id=\"12\"><label class=\"wpforms-field-label\" for=\"wpforms-1499-field_12\">Message <span class=\"wpforms-required-label\">*<\/span><\/label><textarea id=\"wpforms-1499-field_12\" class=\"wpforms-field-medium wpforms-field-required\" name=\"wpforms[fields][12]\" required><\/textarea><\/div><div id=\"wpforms-1499-field_17-container\" class=\"wpforms-field wpforms-field-gdpr-checkbox\" data-field-id=\"17\"><label class=\"wpforms-field-label\">GDPR consent <span class=\"wpforms-required-label\">*<\/span><\/label><ul id=\"wpforms-1499-field_17\" class=\"wpforms-field-required\"><li class=\"choice-1\"><input type=\"checkbox\" id=\"wpforms-1499-field_17_1\" name=\"wpforms[fields][17][]\" value=\"I consent to the processing of my personal data in accordance with the &lt;a href=&quot;https:\/\/edv-cad.de\/datenschutz\/&quot;&gt;privacy policy.&lt;\/a&gt; I can revoke my consent at any time.\" required ><label class=\"wpforms-field-label-inline\" for=\"wpforms-1499-field_17_1\">I consent to the processing of my personal data in accordance with the <a href=\"https:\/\/edv-cad.de\/datenschutz\/\">privacy policy.<\/a> I can revoke my consent at any time.<\/label><\/li><\/ul><\/div><\/div><!-- .wpforms-field-container --><div class=\"wpforms-recaptcha-container wpforms-is-hcaptcha\" ><div class=\"h-captcha\" data-sitekey=\"d4c74407-c955-4742-a8c2-0614cb46f4b4\"><\/div><input type=\"text\" name=\"g-recaptcha-hidden\" class=\"wpforms-recaptcha-hidden\" style=\"position:absolute!important;clip:rect(0,0,0,0)!important;height:1px!important;width:1px!important;border:0!important;overflow:hidden!important;padding:0!important;margin:0!important;\" data-rule-hcaptcha=\"1\"><\/div><div class=\"wpforms-submit-container\" ><input type=\"hidden\" name=\"wpforms[id]\" value=\"1499\"><input type=\"hidden\" name=\"page_title\" value=\"\"><input type=\"hidden\" name=\"page_url\" value=\"https:\/\/edv-cad.de\/en\/wp-json\/wp\/v2\/pages\/4565\"><input type=\"hidden\" name=\"url_referer\" value=\"\"><button type=\"submit\" name=\"wpforms[submit]\" id=\"wpforms-submit-1499\" class=\"wpforms-submit\" data-alt-text=\"Send\" data-submit-text=\"Dispatch\" aria-live=\"assertive\" value=\"wpforms-submit\">Dispatch<\/button><\/div><\/form><\/div>  <!-- .wpforms-container -->\t\t\t\t<\/div>\n\t\t\t\t<\/div>\n\t\t\t\t\t<\/div>\n\t\t<\/div>\n\t\t\t\t\t<\/div>\n\t\t<\/section>\n\t\t\t\t<\/div>\n\t\t","protected":false},"excerpt":{"rendered":"<p>edv &amp; cad group E-mail: info@edv-cad.de Address:Linden 483052 Bruckm\u00fchlGermany Customer service: +49 8025 995969 Facebook Twitter Youtube Instagram Linkedin Xing Bitte aktiviere JavaScript in deinem Browser, um dieses Formular fertigzustellen.AnredeHerrFrauDiversName *VornameNachnameFirmaE-Mail *TelefonStra\u00dfe &amp; HausnummerPostleitzahlStadtLandBranche&#8211;Keine Angabe&#8211;Laden- &amp; MessebauInnenarchitekturArchitekturLieferant EDV-CADLieferant allg.Verlag &#8211; PresseBerufsschuleMeisterschuleUNI &#8211; FHSchule allg.Beh\u00f6rde &#8211; HWK &#8211; IHKLehrerStudentHandwerk allg.Holzbau &#8211; ZimmereiFirma allgemeinPlanungsb\u00fcroPrivatSonstigesBetreffNachricht *DSGVO-Einverst\u00e4ndnis * Ich [&hellip;]<\/p>\n","protected":false},"author":1,"featured_media":0,"parent":0,"menu_order":0,"comment_status":"closed","ping_status":"closed","template":"","meta":{"ocean_post_layout":"full-width","ocean_both_sidebars_style":"","ocean_both_sidebars_content_width":0,"ocean_both_sidebars_sidebars_width":0,"ocean_sidebar":"sidebar","ocean_second_sidebar":"footer-four","ocean_disable_margins":"enable","ocean_add_body_class":"","ocean_shortcode_before_top_bar":"","ocean_shortcode_after_top_bar":"","ocean_shortcode_before_header":"","ocean_shortcode_after_header":"","ocean_has_shortcode":"","ocean_shortcode_after_title":"","ocean_shortcode_before_footer_widgets":"","ocean_shortcode_after_footer_widgets":"","ocean_shortcode_before_footer_bottom":"","ocean_shortcode_after_footer_bottom":"","ocean_display_top_bar":"default","ocean_display_header":"default","ocean_header_style":"","ocean_center_header_left_menu":"0","ocean_custom_header_template":"0","ocean_custom_logo":0,"ocean_custom_retina_logo":0,"ocean_custom_logo_max_width":0,"ocean_custom_logo_tablet_max_width":0,"ocean_custom_logo_mobile_max_width":0,"ocean_custom_logo_max_height":0,"ocean_custom_logo_tablet_max_height":0,"ocean_custom_logo_mobile_max_height":0,"ocean_header_custom_menu":"0","ocean_menu_typo_font_family":"0","ocean_menu_typo_font_subset":"","ocean_menu_typo_font_size":0,"ocean_menu_typo_font_size_tablet":0,"ocean_menu_typo_font_size_mobile":0,"ocean_menu_typo_font_size_unit":"px","ocean_menu_typo_font_weight":"","ocean_menu_typo_font_weight_tablet":"","ocean_menu_typo_font_weight_mobile":"","ocean_menu_typo_transform":"","ocean_menu_typo_transform_tablet":"","ocean_menu_typo_transform_mobile":"","ocean_menu_typo_line_height":0,"ocean_menu_typo_line_height_tablet":0,"ocean_menu_typo_line_height_mobile":0,"ocean_menu_typo_line_height_unit":"","ocean_menu_typo_spacing":0,"ocean_menu_typo_spacing_tablet":0,"ocean_menu_typo_spacing_mobile":0,"ocean_menu_typo_spacing_unit":"","ocean_menu_link_color":"","ocean_menu_link_color_hover":"","ocean_menu_link_color_active":"","ocean_menu_link_background":"","ocean_menu_link_hover_background":"","ocean_menu_link_active_background":"","ocean_menu_social_links_bg":"","ocean_menu_social_hover_links_bg":"","ocean_menu_social_links_color":"","ocean_menu_social_hover_links_color":"","ocean_disable_title":"default","ocean_disable_heading":"default","ocean_post_title":"","ocean_post_subheading":"","ocean_post_title_style":"","ocean_post_title_background_color":"","ocean_post_title_background":0,"ocean_post_title_bg_image_position":"","ocean_post_title_bg_image_attachment":"","ocean_post_title_bg_image_repeat":"","ocean_post_title_bg_image_size":"","ocean_post_title_height":0,"ocean_post_title_bg_overlay":0.5,"ocean_post_title_bg_overlay_color":"","ocean_disable_breadcrumbs":"default","ocean_breadcrumbs_color":"","ocean_breadcrumbs_separator_color":"","ocean_breadcrumbs_links_color":"","ocean_breadcrumbs_links_hover_color":"","ocean_display_footer_widgets":"default","ocean_display_footer_bottom":"default","ocean_custom_footer_template":"0","footnotes":""},"class_list":["post-4565","page","type-page","status-publish","hentry","entry"],"_links":{"self":[{"href":"https:\/\/edv-cad.de\/en\/wp-json\/wp\/v2\/pages\/4565","targetHints":{"allow":["GET"]}}],"collection":[{"href":"https:\/\/edv-cad.de\/en\/wp-json\/wp\/v2\/pages"}],"about":[{"href":"https:\/\/edv-cad.de\/en\/wp-json\/wp\/v2\/types\/page"}],"author":[{"embeddable":true,"href":"https:\/\/edv-cad.de\/en\/wp-json\/wp\/v2\/users\/1"}],"replies":[{"embeddable":true,"href":"https:\/\/edv-cad.de\/en\/wp-json\/wp\/v2\/comments?post=4565"}],"version-history":[{"count":2,"href":"https:\/\/edv-cad.de\/en\/wp-json\/wp\/v2\/pages\/4565\/revisions"}],"predecessor-version":[{"id":9893,"href":"https:\/\/edv-cad.de\/en\/wp-json\/wp\/v2\/pages\/4565\/revisions\/9893"}],"wp:attachment":[{"href":"https:\/\/edv-cad.de\/en\/wp-json\/wp\/v2\/media?parent=4565"}],"curies":[{"name":"wp","href":"https:\/\/api.w.org\/{rel}","templated":true}]}}