{"id":7193,"date":"2023-02-17T05:23:09","date_gmt":"2023-02-17T04:23:09","guid":{"rendered":"https:\/\/edv-cad.de\/portal-de-servicios\/aplicacion-de-escritorio-remoto\/"},"modified":"2023-12-05T07:41:03","modified_gmt":"2023-12-05T06:41:03","slug":"aplicacion-de-escritorio-remoto","status":"publish","type":"page","link":"https:\/\/edv-cad.de\/es\/portal-de-servicios\/aplicacion-de-escritorio-remoto\/","title":{"rendered":"Aplicaci\u00f3n de escritorio remoto"},"content":{"rendered":"\t\t<div data-elementor-type=\"wp-page\" data-elementor-id=\"7193\" class=\"elementor elementor-7193 elementor-5680\" data-elementor-post-type=\"page\">\n\t\t\t\t\t\t<section class=\"elementor-section elementor-top-section elementor-element elementor-element-5fa353a elementor-section-boxed elementor-section-height-default elementor-section-height-default\" data-id=\"5fa353a\" data-element_type=\"section\" data-e-type=\"section\">\n\t\t\t\t\t\t<div class=\"elementor-container elementor-column-gap-default\">\n\t\t\t\t\t<div class=\"elementor-column elementor-col-100 elementor-top-column elementor-element elementor-element-736e6a5\" data-id=\"736e6a5\" data-element_type=\"column\" data-e-type=\"column\">\n\t\t\t<div class=\"elementor-widget-wrap elementor-element-populated\">\n\t\t\t\t\t\t<div class=\"elementor-element elementor-element-46b62d7 elementor-widget elementor-widget-heading\" data-id=\"46b62d7\" data-element_type=\"widget\" data-e-type=\"widget\" data-widget_type=\"heading.default\">\n\t\t\t\t<div class=\"elementor-widget-container\">\n\t\t\t\t\t<h2 class=\"elementor-heading-title elementor-size-default\">Aplicaciones de escritorio remoto<\/h2>\t\t\t\t<\/div>\n\t\t\t\t<\/div>\n\t\t\t\t<div class=\"elementor-element elementor-element-f9ddc33 elementor-widget elementor-widget-text-editor\" data-id=\"f9ddc33\" data-element_type=\"widget\" data-e-type=\"widget\" data-widget_type=\"text-editor.default\">\n\t\t\t\t<div class=\"elementor-widget-container\">\n\t\t\t\t\t\t\t\t\t<p>Si tiene problemas con nuestras ElementsApps o Vectorworks , puede ser necesario y \u00fatil que nuestro soporte tenga acceso a su PC. Para ello, utilizamos principalmente la herramienta \u00abSupremo\u00bb.<\/p>\n\t\t\t\t\t\t\t\t<\/div>\n\t\t\t\t<\/div>\n\t\t\t\t<div class=\"elementor-element elementor-element-ea6de50 elementor-widget elementor-widget-text-editor\" data-id=\"ea6de50\" data-element_type=\"widget\" data-e-type=\"widget\" data-widget_type=\"text-editor.default\">\n\t\t\t\t<div class=\"elementor-widget-container\">\n\t\t\t\t\t\t\t\t\t<h3>Supremo<\/h3>\n<p> <\/p>\n<p>Descargue e inicie Supremo usando el bot\u00f3n de abajo. Despu\u00e9s de iniciar el software, se le presentar\u00e1 una identificaci\u00f3n y una contrase\u00f1a. Debe proporcionar esta informaci\u00f3n a nuestro equipo de soporte para que se pueda realizar el mantenimiento remoto.<br>Consulte la configuraci\u00f3n de <strong><a href=\"https:\/\/www.supremocontrol.com\/de\/anleitungen-de\/so-starten-sie-supremo-per-mac-unter-macos-10-14-und-hoeher\/\" target=\"_blank\" rel=\"noopener\">uso compartido para MacOS.<\/a><\/strong><\/p>\n<p> <\/p>\n<div class=\"wp-block-buttons\">\n<div class=\"wp-block-button\"><a class=\"wp-block-button__link wp-element-button\" href=\"https:\/\/www.supremocontrol.com\/de\/supremo-herunterladen\/?autoDownload=1\" target=\"_blank\" rel=\"noreferrer noopener\">Descargar Supremo<\/a><\/div>\n<\/div>\t\t\t\t\t\t\t\t<\/div>\n\t\t\t\t<\/div>\n\t\t\t\t<div class=\"elementor-element elementor-element-894ded2 elementor-widget elementor-widget-accordion\" data-id=\"894ded2\" data-element_type=\"widget\" data-e-type=\"widget\" data-widget_type=\"accordion.default\">\n\t\t\t\t<div class=\"elementor-widget-container\">\n\t\t\t\t\t\t\t<div class=\"elementor-accordion\">\n\t\t\t\t\t\t\t<div class=\"elementor-accordion-item\">\n\t\t\t\t\t<div id=\"elementor-tab-title-1431\" class=\"elementor-tab-title\" data-tab=\"1\" role=\"button\" aria-controls=\"elementor-tab-content-1431\" aria-expanded=\"false\">\n\t\t\t\t\t\t\t\t\t\t\t\t\t<span class=\"elementor-accordion-icon elementor-accordion-icon-left\" aria-hidden=\"true\">\n\t\t\t\t\t\t\t\t\t\t\t\t\t\t\t<span class=\"elementor-accordion-icon-closed\"><i class=\"fas fa-plus\"><\/i><\/span>\n\t\t\t\t\t\t\t\t<span class=\"elementor-accordion-icon-opened\"><i class=\"fas fa-minus\"><\/i><\/span>\n\t\t\t\t\t\t\t\t\t\t\t\t\t\t<\/span>\n\t\t\t\t\t\t\t\t\t\t\t\t<a class=\"elementor-accordion-title\" tabindex=\"0\">AnyDesk<\/a>\n\t\t\t\t\t<\/div>\n\t\t\t\t\t<div id=\"elementor-tab-content-1431\" class=\"elementor-tab-content elementor-clearfix\" data-tab=\"1\" role=\"region\" aria-labelledby=\"elementor-tab-title-1431\"><p><!-- \/wp:heading --><!-- wp:paragraph --><\/p>\n<p>Descargue e instale AnyDesk usando el bot\u00f3n a continuaci\u00f3n. Despu\u00e9s de iniciar el software, se le presentar\u00e1 una direcci\u00f3n de AnyDesk. Debe proporcionar este n\u00famero a nuestro equipo de soporte para que se pueda realizar el mantenimiento remoto.<\/p>\n<p><!-- \/wp:paragraph --><!-- wp:buttons --><\/p>\n<div class=\"wp-block-buttons\"><!-- wp:button --><\/p>\n<div class=\"wp-block-button\"><a class=\"wp-block-button__link wp-element-button\" href=\"https:\/\/anydesk.com\/de\/downloads\" target=\"_blank\" rel=\"noreferrer noopener\">Descargar AnyDesk<\/a><\/div>\n<\/div>\n<\/div>\n\t\t\t\t<\/div>\n\t\t\t\t\t\t\t<div class=\"elementor-accordion-item\">\n\t\t\t\t\t<div id=\"elementor-tab-title-1432\" class=\"elementor-tab-title\" data-tab=\"2\" role=\"button\" aria-controls=\"elementor-tab-content-1432\" aria-expanded=\"false\">\n\t\t\t\t\t\t\t\t\t\t\t\t\t<span class=\"elementor-accordion-icon elementor-accordion-icon-left\" aria-hidden=\"true\">\n\t\t\t\t\t\t\t\t\t\t\t\t\t\t\t<span class=\"elementor-accordion-icon-closed\"><i class=\"fas fa-plus\"><\/i><\/span>\n\t\t\t\t\t\t\t\t<span class=\"elementor-accordion-icon-opened\"><i class=\"fas fa-minus\"><\/i><\/span>\n\t\t\t\t\t\t\t\t\t\t\t\t\t\t<\/span>\n\t\t\t\t\t\t\t\t\t\t\t\t<a class=\"elementor-accordion-title\" tabindex=\"0\">Teamviewer (Visor de equipos)<\/a>\n\t\t\t\t\t<\/div>\n\t\t\t\t\t<div id=\"elementor-tab-content-1432\" class=\"elementor-tab-content elementor-clearfix\" data-tab=\"2\" role=\"region\" aria-labelledby=\"elementor-tab-title-1432\"><h3>Teamviewer (Visor de equipos)<\/h3>\n<p><!-- \/wp:heading --><!-- wp:paragraph --><\/p>\n<p>Descargue e instale Teamviewer usando el bot\u00f3n a continuaci\u00f3n. Despu\u00e9s de iniciar el software, se le presentar\u00e1 una identificaci\u00f3n. Debe proporcionar esta identificaci\u00f3n a nuestro equipo de soporte para que se pueda realizar el mantenimiento remoto<\/p>\n<p><!-- \/wp:paragraph --><!-- wp:buttons --><\/p>\n<div class=\"wp-block-buttons\"><!-- wp:button --><\/p>\n<div class=\"wp-block-button\"><a class=\"wp-block-button__link wp-element-button\" href=\"https:\/\/www.teamviewer.com\/download\" target=\"_blank\" rel=\"noreferrer noopener\">Descargar Teamviewer<\/a><\/div>\n<\/div>\n<\/div>\n\t\t\t\t<\/div>\n\t\t\t\t\t\t\t\t<\/div>\n\t\t\t\t\t\t<\/div>\n\t\t\t\t<\/div>\n\t\t\t\t\t<\/div>\n\t\t<\/div>\n\t\t\t\t\t<\/div>\n\t\t<\/section>\n\t\t\t\t<\/div>\n\t\t","protected":false},"excerpt":{"rendered":"<p>Aplicaciones de escritorio remoto Si tiene problemas con nuestras ElementsApps o Vectorworks , puede ser necesario y \u00fatil que nuestro soporte tenga acceso a su PC. Para ello, utilizamos principalmente la herramienta \u00abSupremo\u00bb. Supremo Descargue e inicie Supremo usando el bot\u00f3n de abajo. Despu\u00e9s de iniciar el software, se le presentar\u00e1 una identificaci\u00f3n y una [&hellip;]<\/p>\n","protected":false},"author":1,"featured_media":0,"parent":7170,"menu_order":0,"comment_status":"closed","ping_status":"closed","template":"","meta":{"ocean_post_layout":"full-width","ocean_both_sidebars_style":"","ocean_both_sidebars_content_width":0,"ocean_both_sidebars_sidebars_width":0,"ocean_sidebar":"0","ocean_second_sidebar":"0","ocean_disable_margins":"enable","ocean_add_body_class":"","ocean_shortcode_before_top_bar":"","ocean_shortcode_after_top_bar":"","ocean_shortcode_before_header":"","ocean_shortcode_after_header":"","ocean_has_shortcode":"","ocean_shortcode_after_title":"","ocean_shortcode_before_footer_widgets":"","ocean_shortcode_after_footer_widgets":"","ocean_shortcode_before_footer_bottom":"","ocean_shortcode_after_footer_bottom":"","ocean_display_top_bar":"default","ocean_display_header":"default","ocean_header_style":"","ocean_center_header_left_menu":"0","ocean_custom_header_template":"0","ocean_custom_logo":0,"ocean_custom_retina_logo":0,"ocean_custom_logo_max_width":0,"ocean_custom_logo_tablet_max_width":0,"ocean_custom_logo_mobile_max_width":0,"ocean_custom_logo_max_height":0,"ocean_custom_logo_tablet_max_height":0,"ocean_custom_logo_mobile_max_height":0,"ocean_header_custom_menu":"0","ocean_menu_typo_font_family":"0","ocean_menu_typo_font_subset":"","ocean_menu_typo_font_size":0,"ocean_menu_typo_font_size_tablet":0,"ocean_menu_typo_font_size_mobile":0,"ocean_menu_typo_font_size_unit":"px","ocean_menu_typo_font_weight":"","ocean_menu_typo_font_weight_tablet":"","ocean_menu_typo_font_weight_mobile":"","ocean_menu_typo_transform":"","ocean_menu_typo_transform_tablet":"","ocean_menu_typo_transform_mobile":"","ocean_menu_typo_line_height":0,"ocean_menu_typo_line_height_tablet":0,"ocean_menu_typo_line_height_mobile":0,"ocean_menu_typo_line_height_unit":"","ocean_menu_typo_spacing":0,"ocean_menu_typo_spacing_tablet":0,"ocean_menu_typo_spacing_mobile":0,"ocean_menu_typo_spacing_unit":"","ocean_menu_link_color":"","ocean_menu_link_color_hover":"","ocean_menu_link_color_active":"","ocean_menu_link_background":"","ocean_menu_link_hover_background":"","ocean_menu_link_active_background":"","ocean_menu_social_links_bg":"","ocean_menu_social_hover_links_bg":"","ocean_menu_social_links_color":"","ocean_menu_social_hover_links_color":"","ocean_disable_title":"default","ocean_disable_heading":"default","ocean_post_title":"","ocean_post_subheading":"","ocean_post_title_style":"","ocean_post_title_background_color":"","ocean_post_title_background":0,"ocean_post_title_bg_image_position":"","ocean_post_title_bg_image_attachment":"","ocean_post_title_bg_image_repeat":"","ocean_post_title_bg_image_size":"","ocean_post_title_height":0,"ocean_post_title_bg_overlay":0.5,"ocean_post_title_bg_overlay_color":"","ocean_disable_breadcrumbs":"default","ocean_breadcrumbs_color":"","ocean_breadcrumbs_separator_color":"","ocean_breadcrumbs_links_color":"","ocean_breadcrumbs_links_hover_color":"","ocean_display_footer_widgets":"default","ocean_display_footer_bottom":"default","ocean_custom_footer_template":"0","footnotes":""},"class_list":["post-7193","page","type-page","status-publish","hentry","entry"],"_links":{"self":[{"href":"https:\/\/edv-cad.de\/es\/wp-json\/wp\/v2\/pages\/7193","targetHints":{"allow":["GET"]}}],"collection":[{"href":"https:\/\/edv-cad.de\/es\/wp-json\/wp\/v2\/pages"}],"about":[{"href":"https:\/\/edv-cad.de\/es\/wp-json\/wp\/v2\/types\/page"}],"author":[{"embeddable":true,"href":"https:\/\/edv-cad.de\/es\/wp-json\/wp\/v2\/users\/1"}],"replies":[{"embeddable":true,"href":"https:\/\/edv-cad.de\/es\/wp-json\/wp\/v2\/comments?post=7193"}],"version-history":[{"count":0,"href":"https:\/\/edv-cad.de\/es\/wp-json\/wp\/v2\/pages\/7193\/revisions"}],"up":[{"embeddable":true,"href":"https:\/\/edv-cad.de\/es\/wp-json\/wp\/v2\/pages\/7170"}],"wp:attachment":[{"href":"https:\/\/edv-cad.de\/es\/wp-json\/wp\/v2\/media?parent=7193"}],"curies":[{"name":"wp","href":"https:\/\/api.w.org\/{rel}","templated":true}]}}