{"id":6887,"date":"2021-11-30T10:41:53","date_gmt":"2021-11-30T09:41:53","guid":{"rendered":"https:\/\/edv-cad.de\/termini-e-condizioni-generali\/"},"modified":"2023-12-05T07:41:44","modified_gmt":"2023-12-05T06:41:44","slug":"termini-e-condizioni-generali","status":"publish","type":"page","link":"https:\/\/edv-cad.de\/it\/termini-e-condizioni-generali\/","title":{"rendered":"Termini e condizioni"},"content":{"rendered":"\n<p>Questi sono i termini e le condizioni generali del Gruppo EDV &amp; CAD. Ad aprile 2020.<\/p>\n\n<h2 class=\"wp-block-heading\">\u00a71 Base giuridica<\/h2>\n\n<p>La base giuridica per tutte le offerte, i servizi e le consegne del edv &amp; cad group sono le leggi e i regolamenti corrispondenti della Repubblica Federale di Germania, nonch\u00e9 le presenti Condizioni Generali di Contratto. Gli accordi che si discostano da questi termini e condizioni richiedono la conferma scritta del edv &amp; cad group.<\/p>\n\n<h2 class=\"wp-block-heading\">\u00a72 Offerte<\/h2>\n\n<p>Le offerte edv &amp; cad group sono soggette a modifiche e non vincolanti, salvo diverso accordo.<br\/>Le singole offerte sono valide per 20 giorni di calendario, se non diversamente specificato. Il carattere vincolante delle offerte decade anche se i prezzi dei beni offerti vengono modificati di oltre il 3% dal fornitore a monte durante il periodo di validit\u00e0 dell&#8217;offerta. Salvo diversa indicazione, i prezzi sono indicati al netto dell&#8217;imposta sulle vendite o dell&#8217;imposta sul valore aggiunto.<\/p>\n\n<h2 class=\"wp-block-heading\">\u00a73 Ordine<\/h2>\n\n<p>Gli ordini possono essere effettuati telefonicamente o per iscritto. Se non diversamente concordato, gli ordini telefonici e gli ordini per i nuovi clienti saranno eseguiti dietro pagamento in contrassegno o pagamento anticipato.<br\/>Gli ordini scritti e gli ordini saranno eseguiti su richiesta e solo con il consenso del edv &amp; cad group contro fattura. Nel caso di consegne il cui valore della merce superi i 2500 EURO, edv &amp; cad group pu\u00f2 richiedere al cliente una prova di solvibilit\u00e0 o una garanzia bancaria. Se non diversamente concordato, le presenti condizioni generali di contratto del edv &amp; cad group si considerano accettate al momento dell&#8217;ordine.<\/p>\n\n<h2 class=\"wp-block-heading\">\u00a74 Stipula del contratto<\/h2>\n\n<p>Il contratto tra edv &amp; cad group e il cliente entra in vigore con la conferma scritta dell&#8217;ordine da parte edv &amp; cad group o con edv &amp; cad group. Se non diversamente concordato, la conferma d&#8217;ordine scritta da parte del edv &amp; cad group costituisce la base del contratto.<\/p>\n\n<p><em>Nel caso di corsi e seminari, l&#8217;iscrizione scritta al corso \u00e8 la base del contratto.<br\/>Le iscrizioni ai corsi sono vincolanti. La quota del corso \u00e8 da versare per intero anche in caso di mancata partecipazione,<\/em><br\/><em>a meno che la cancellazione non venga effettuata almeno 10 giorni prima dell&#8217;inizio del corso.<\/em><\/p>\n\n<p>Il edv &amp; cad group offre la possibilit\u00e0 di recuperare eventuali assenze entro 6 mesi, a condizione che ci siano posti liberi disponibili e che il corso non venga interrotto.<br\/>Tuttavia, non vi \u00e8 alcun diritto giuridicamente vincolante a tale diritto.<\/p>\n\n<h2 class=\"wp-block-heading\">\u00a75 Tempi di consegna<\/h2>\n\n<p>I termini di consegna e di servizio richiedono la conferma scritta del edv &amp; cad group per la loro validit\u00e0.<br\/>edv &amp; cad group group non \u00e8 responsabile per ritardi nella consegna e nell&#8217;esecuzione dovuti a cause di forza maggiore o a circostanze o eventi che rendano significativamente pi\u00f9 difficile o impossibile per edv &amp; cad group evadere il proprio ordine. In tali circostanze, edv &amp; cad group si riserva il diritto di recedere dal contratto in tutto o in parte o di prolungare i termini di consegna e di esecuzione di un periodo di tempo corrispondente.<\/p>\n\n<h2 class=\"wp-block-heading\">\u00a76 Spedizione, consegna<\/h2>\n\n<p>La spedizione o la consegna della merce \u00e8 a carico del cliente. Se non diversamente concordato, le spese di consegna della merce sono a carico del cliente. Il rischio viene trasferito al cliente nel momento in cui la merce viene spedita per la spedizione.<\/p>\n\n<h2 class=\"wp-block-heading\">\u00a77 Condizioni di pagamento<\/h2>\n\n<p>Se la consegna viene effettuata contro fattura, il pagamento del prezzo della fattura deve essere effettuato senza detrazioni entro 5 giorni di calendario dalla data della fattura, salvo diverso accordo.<\/p>\n\n<h2 class=\"wp-block-heading\">\u00a78 Ritardo nel pagamento<\/h2>\n\n<p>L&#8217;acquirente \u00e8 in mora con il pagamento se l&#8217;importo della fattura richiesto non \u00e8 stato pagato al edv &amp; cad group entro il periodo di pagamento concordato dalla data della fattura. Il mancato pagamento entra in vigore anche senza sollecito. In caso di ritardo nel pagamento, l&#8217;acquirente \u00e8 tenuto a pagare a edv &amp; cad group l&#8217;importo della fattura, gli interessi di mora, le spese amministrative e i costi sostenuti a seguito dell&#8217;affermazione giudiziaria dei crediti di edv &amp; cad group.edv &amp; cad group Ci\u00f2 include tutte le spese legali e processuali, nonch\u00e9 le spese. Per ogni sollecito sono dovute spese amministrative. Il edv &amp; cad group si riserva il diritto di richiedere ulteriori costi a causa dei danni causati dal ritardo.<br\/>In caso di pagamento rateale, l&#8217;acquirente \u00e8 in mora in caso di ritardo di una rata. In questo caso, il edv &amp; cad group diritto di addebitare l&#8217;intero importo della fattura, comprese le spese accessorie (vedi sopra).<\/p>\n\n<h2 class=\"wp-block-heading\">\u00a79 Riserva di propriet\u00e0<\/h2>\n\n<p>La merce consegnata e la licenza rimangono di propriet\u00e0 del edv &amp; cad group fino al completo pagamento dell&#8217;importo della fattura, nonch\u00e9 dei costi di mora, che consistono in eventuali spese di sollecito dovute, interessi di mora e altri costi richiesti.<br\/>Nel caso del software, l&#8217;acquirente riceve i diritti di utilizzo del software solo dopo il pagamento dell&#8217;importo della fattura e, se del caso, dei costi di mora. In generale, la propriet\u00e0 e il copyright del software rimangono del produttore, se non diversamente previsto nelle condizioni di licenza.<br\/>L&#8217;acquirente \u00e8 tenuto a comunicare immediatamente edv &amp; cad group qualsiasi accesso da parte di terzi alla merce interessata dalla riserva di propriet\u00e0.<br\/>In caso di rivendita di merci e licenze consegnate da edv &amp; cad group a terzi (= acquirenti), l&#8217;acquirente deve essere informato della riserva di propriet\u00e0 di edv &amp; cad group.edv &amp; cad group<br\/>Il edv &amp; cad group si riserva il diritto di reclamare merci e licenze dall&#8217;acquirente se le richieste di pagamento basate sulla loro consegna non vengono saldate.<\/p>\n\n<h2 class=\"wp-block-heading\">\u00a710 Condizioni di licenza (condizioni di licenza)<\/h2>\n\n<p>Il riconoscimento da parte dell&#8217;acquirente dei diritti d&#8217;uso e delle condizioni di licenza del produttore del software sono parte integrante dell&#8217;ordine. L&#8217;acquirente indennizza edv &amp; cad group dal produttore del software per i danni derivanti dall&#8217;uso illecito del software o rivendicati dal produttore del software.<\/p>\n\n<h2 class=\"wp-block-heading\">\u00a711 Reclami, garanzia<\/h2>\n\n<p>Il software non \u00e8 restituibile.<br\/>Se un reso viene comunque accettato, il edv &amp; cad group addebiter\u00e0 una tassa amministrativa pari al 10% del valore della merce, ma almeno 20 EURO pi\u00f9 IVA di legge. IVA.<br\/>I danni materiali legati alla produzione (ad es. supporti difettosi o difettosi), che vengono segnalati dall&#8217;acquirente al venditore entro 30 giorni dalla consegna, saranno riparati gratuitamente contro l&#8217;invio del prodotto danneggiato, nella misura in cui il produttore \u00e8 responsabile per i danni\/difetti lamentati. Per alcuni prodotti potrebbe essere previsto un periodo di notifica pi\u00f9 breve.<br\/>Il edv &amp; cad group \u00e8 responsabile solo per errori, difetti funzionali e malfunzionamenti dei prodotti software nell&#8217;ambito della garanzia legale. Il edv &amp; cad group non si assume alcuna responsabilit\u00e0 per danni consequenziali o perdite finanziarie subite a seguito dell&#8217;uso del software.<br\/>Nel caso di prodotti fabbricati internamente, l&#8217;utente legittimo deve notificare per iscritto edv &amp; cad group errori, difetti funzionali e malfunzionamenti. Il edv &amp; cad group si impegna a correggere errori e difetti il pi\u00f9 rapidamente possibile. Questo viene fatto gratuitamente.<br\/>Per errori segnalati, difetti funzionali e malfunzionamenti che si rivelano essere un errore di calcolo o un errore da parte dell&#8217;utente, edv &amp; cad group si riserva il diritto di fatturare all&#8217;utente la quantit\u00e0 di lavoro causata a seguito della notifica.<\/p>\n\n<h2 class=\"wp-block-heading\">\u00a712 Supporto per l&#8217;utente<\/h2>\n\n<p>Qualsiasi utente legittimo di prodotti acquistati da edv &amp; cad group e pagati per intero ha diritto all&#8217;assistenza ai sensi del contratto di supporto edv &amp; cad group.edv &amp; cad group<br\/>Gli utenti senza un contratto di assistenza non hanno diritto al supporto gratuito.<\/p>\n\n<h2 class=\"wp-block-heading\">\u00a713 Luogo di adempimento, foro competente<\/h2>\n\n<p>Il luogo di adempimento e il foro competente \u00e8 la sede legale del edv &amp; cad group.<\/p>\n\n<h2 class=\"wp-block-heading\">\u00a714 Efficacia<\/h2>\n\n<p>Nel caso in cui alcuni dei termini e delle condizioni di cui sopra non siano legalmente validi, la validit\u00e0 degli altri termini e condizioni rimane inalterata.<\/p>\n\n<h2 class=\"wp-block-heading\">\u00a715 Definizione di sito web e pagina web<\/h2>\n\n<p>Di seguito, sito web si riferisce al contenuto di un file HTML (che termina in .htm o .html).<br\/>Ci\u00f2 include non solo il testo visualizzato dai browser Internet, ma anche qualsiasi altro contenuto del file, in particolare le caratteristiche di formattazione, i riferimenti ai fogli di stile (i file terminano in .css) e gli script (i file terminano in .js).<br\/>Sito web si riferisce alla totalit\u00e0 di tutte le pagine web e alla loro struttura.<\/p>\n\n<h2 class=\"wp-block-heading\">\u00a716 Responsabilit\u00e0 per le informazioni pubblicate dal edv &amp; cad group<\/h2>\n\n<p>Le informazioni su prodotti e servizi sono state compilate al meglio delle nostre conoscenze e convinzioni. Si basano su dati forniti dai produttori o tratti dalla documentazione del prodotto. Nessuna garanzia pu\u00f2 essere data per la correttezza e la tempestivit\u00e0 di queste informazioni. L&#8217;importo massimo della responsabilit\u00e0 da parte del edv &amp; cad group \u00e8 limitato al valore del prodotto o servizio pagato per l&#8217;ordine in questione. \u00c8 esclusa ogni ulteriore responsabilit\u00e0.<\/p>\n\n<h2 class=\"wp-block-heading\">\u00a717 Riconoscimento dei diritti di altre societ\u00e0<\/h2>\n\n<p>Sono riconosciuti i diritti delle aziende sui marchi e sui marchi utilizzati dal gruppo edv &amp; cad group &amp; cad o denominati edv &amp; cad group .<\/p>\n\n<h2 class=\"wp-block-heading\">\u00a718 Avviso sui diritti d&#8217;autore<\/h2>\n\n<p>I siti web del edv &amp; cad group sono soggetti al diritto d&#8217;autore. Le pubblicazioni, anche estratti, sono consentite solo con il consenso scritto di edv &amp; cad group .<\/p>\n","protected":false},"excerpt":{"rendered":"<p>Questi sono i termini e le condizioni generali del Gruppo EDV &amp; CAD. Ad aprile 2020. \u00a71 Base giuridica La base giuridica per tutte le offerte, i servizi e le consegne del edv &amp; cad group sono le leggi e i regolamenti corrispondenti della Repubblica Federale di Germania, nonch\u00e9 le presenti Condizioni Generali di Contratto. [&hellip;]<\/p>\n","protected":false},"author":1,"featured_media":0,"parent":0,"menu_order":0,"comment_status":"closed","ping_status":"closed","template":"","meta":{"ocean_post_layout":"","ocean_both_sidebars_style":"","ocean_both_sidebars_content_width":0,"ocean_both_sidebars_sidebars_width":0,"ocean_sidebar":"0","ocean_second_sidebar":"0","ocean_disable_margins":"enable","ocean_add_body_class":"","ocean_shortcode_before_top_bar":"","ocean_shortcode_after_top_bar":"","ocean_shortcode_before_header":"","ocean_shortcode_after_header":"","ocean_has_shortcode":"","ocean_shortcode_after_title":"","ocean_shortcode_before_footer_widgets":"","ocean_shortcode_after_footer_widgets":"","ocean_shortcode_before_footer_bottom":"","ocean_shortcode_after_footer_bottom":"","ocean_display_top_bar":"default","ocean_display_header":"default","ocean_header_style":"","ocean_center_header_left_menu":"0","ocean_custom_header_template":"0","ocean_custom_logo":0,"ocean_custom_retina_logo":0,"ocean_custom_logo_max_width":0,"ocean_custom_logo_tablet_max_width":0,"ocean_custom_logo_mobile_max_width":0,"ocean_custom_logo_max_height":0,"ocean_custom_logo_tablet_max_height":0,"ocean_custom_logo_mobile_max_height":0,"ocean_header_custom_menu":"0","ocean_menu_typo_font_family":"0","ocean_menu_typo_font_subset":"","ocean_menu_typo_font_size":0,"ocean_menu_typo_font_size_tablet":0,"ocean_menu_typo_font_size_mobile":0,"ocean_menu_typo_font_size_unit":"px","ocean_menu_typo_font_weight":"","ocean_menu_typo_font_weight_tablet":"","ocean_menu_typo_font_weight_mobile":"","ocean_menu_typo_transform":"","ocean_menu_typo_transform_tablet":"","ocean_menu_typo_transform_mobile":"","ocean_menu_typo_line_height":0,"ocean_menu_typo_line_height_tablet":0,"ocean_menu_typo_line_height_mobile":0,"ocean_menu_typo_line_height_unit":"","ocean_menu_typo_spacing":0,"ocean_menu_typo_spacing_tablet":0,"ocean_menu_typo_spacing_mobile":0,"ocean_menu_typo_spacing_unit":"","ocean_menu_link_color":"","ocean_menu_link_color_hover":"","ocean_menu_link_color_active":"","ocean_menu_link_background":"","ocean_menu_link_hover_background":"","ocean_menu_link_active_background":"","ocean_menu_social_links_bg":"","ocean_menu_social_hover_links_bg":"","ocean_menu_social_links_color":"","ocean_menu_social_hover_links_color":"","ocean_disable_title":"default","ocean_disable_heading":"default","ocean_post_title":"","ocean_post_subheading":"","ocean_post_title_style":"","ocean_post_title_background_color":"","ocean_post_title_background":0,"ocean_post_title_bg_image_position":"","ocean_post_title_bg_image_attachment":"","ocean_post_title_bg_image_repeat":"","ocean_post_title_bg_image_size":"","ocean_post_title_height":0,"ocean_post_title_bg_overlay":0.5,"ocean_post_title_bg_overlay_color":"","ocean_disable_breadcrumbs":"default","ocean_breadcrumbs_color":"","ocean_breadcrumbs_separator_color":"","ocean_breadcrumbs_links_color":"","ocean_breadcrumbs_links_hover_color":"","ocean_display_footer_widgets":"default","ocean_display_footer_bottom":"default","ocean_custom_footer_template":"0","footnotes":""},"class_list":["post-6887","page","type-page","status-publish","hentry","entry"],"_links":{"self":[{"href":"https:\/\/edv-cad.de\/it\/wp-json\/wp\/v2\/pages\/6887","targetHints":{"allow":["GET"]}}],"collection":[{"href":"https:\/\/edv-cad.de\/it\/wp-json\/wp\/v2\/pages"}],"about":[{"href":"https:\/\/edv-cad.de\/it\/wp-json\/wp\/v2\/types\/page"}],"author":[{"embeddable":true,"href":"https:\/\/edv-cad.de\/it\/wp-json\/wp\/v2\/users\/1"}],"replies":[{"embeddable":true,"href":"https:\/\/edv-cad.de\/it\/wp-json\/wp\/v2\/comments?post=6887"}],"version-history":[{"count":0,"href":"https:\/\/edv-cad.de\/it\/wp-json\/wp\/v2\/pages\/6887\/revisions"}],"wp:attachment":[{"href":"https:\/\/edv-cad.de\/it\/wp-json\/wp\/v2\/media?parent=6887"}],"curies":[{"name":"wp","href":"https:\/\/api.w.org\/{rel}","templated":true}]}}