{"id":7089,"date":"2021-11-30T10:26:57","date_gmt":"2021-11-30T09:26:57","guid":{"rendered":"https:\/\/edv-cad.de\/imprimere\/"},"modified":"2025-01-08T18:13:21","modified_gmt":"2025-01-08T17:13:21","slug":"imprimere","status":"publish","type":"page","link":"https:\/\/edv-cad.de\/it\/imprimere\/","title":{"rendered":"Imprimere"},"content":{"rendered":"\n<p>Questa \u00e8 la nostra impronta. Qui troverete tutte le informazioni rilevanti e legali sull&#8217;identificazione del nostro fornitore.<\/p>\n\n<h2 class=\"wp-block-heading\">Informazioni ai sensi del \u00a7 5 TMG<\/h2>\n\n<p>edv &amp; cad group<br\/>Linden 4<br\/>83052 Bruckm\u00fchl<br\/>Germania<\/p>\n\n<h2 class=\"wp-block-heading\">Contatto<\/h2>\n\n<p>Telefono: <a href=\"http:\/\/tel:008025995969\/\">+49 (0)8025 995969<\/a><br\/><\/p>\n\n<p><a href=\"mailto:info@edv-cad.de\">info@edv-cad.de<\/a> o <a href=\"https:\/\/edv-cad.de\/it\/contatto\/\" type=\"page\" id=\"15\">modulo di contatto in questa pagina<\/a><\/p>\n\n<h2 class=\"wp-block-heading\">Responsabile del contenuto ai sensi del \u00a7 55 Abs. 2 RStV<\/h2>\n\n<p>Hannes Ellmeier<\/p>\n\n<h2 class=\"wp-block-heading\">Risoluzione delle controversie nell&#8217;UE<\/h2>\n\n<p>La Commissione europea fornisce una piattaforma per la risoluzione delle controversie online (ODR): <a href=\"https:\/\/ec.europa.eu\/consumers\/odr\/main\/index.cfm\" target=\"_blank\" rel=\"noreferrer noopener\">https:\/\/ec.europa.eu\/consumers\/odr\/main\/index.cfm<\/a><br\/>Il nostro indirizzo e-mail \u00e8 riportato nell&#8217;imprint qui sopra.<\/p>\n\n<h2 class=\"wp-block-heading\">Risoluzione delle controversie dei consumatori \/ Collegio arbitrale universale<\/h2>\n\n<p>Non siamo disposti o obbligati a partecipare a procedure di risoluzione delle controversie davanti a un collegio arbitrale dei consumatori.<\/p>\n\n<h2 class=\"wp-block-heading\">Responsabilit\u00e0 per i contenuti<\/h2>\n\n<p>In qualit\u00e0 di fornitore di servizi, siamo obbligati a rispettare il \u00a7 7 par. 1 TMG \u00e8 responsabile del contenuto di queste pagine in conformit\u00e0 con le leggi generali. Tuttavia, ai sensi dei \u00a7\u00a7 da 8 a 10 TMG, in qualit\u00e0 di fornitore di servizi non siamo obbligati a monitorare le informazioni di terzi trasmesse o memorizzate o a indagare su circostanze che indicano un&#8217;attivit\u00e0 illegale.<\/p>\n\n<p>Gli obblighi di rimuovere o bloccare l&#8217;uso delle informazioni in conformit\u00e0 con le leggi generali rimangono inalterati. Tuttavia, la responsabilit\u00e0 in questo senso \u00e8 possibile solo dal momento in cui si viene a conoscenza di una violazione concreta. Se veniamo a conoscenza di tali violazioni, rimuoveremo immediatamente questi contenuti. Gli obblighi di rimuovere o bloccare l&#8217;uso delle informazioni in conformit\u00e0 con le leggi generali rimangono inalterati. Tuttavia, la responsabilit\u00e0 in questo senso \u00e8 possibile solo dal momento in cui si viene a conoscenza di una violazione concreta. Se veniamo a conoscenza di tali violazioni, rimuoveremo immediatamente questi contenuti.<\/p>\n\n<h2 class=\"wp-block-heading\">Responsabilit\u00e0 per i link<\/h2>\n\n<p>Il nostro sito web contiene link a siti web esterni di terzi, sul cui contenuto non abbiamo alcuna influenza. Pertanto, non possiamo assumerci alcuna responsabilit\u00e0 per questi contenuti di terze parti. Il rispettivo fornitore o gestore delle pagine \u00e8 sempre responsabile per il contenuto delle pagine collegate. Le pagine collegate sono state controllate per possibili violazioni legali al momento del collegamento. Al momento del collegamento non erano riconoscibili contenuti illegali.<\/p>\n\n<p>Tuttavia, un controllo permanente del contenuto delle pagine collegate non \u00e8 ragionevole senza indizi concreti di una violazione della legge. Se veniamo a conoscenza di violazioni legali, rimuoveremo immediatamente tali collegamenti.<\/p>\n\n<h2 class=\"wp-block-heading\">Diritto d\u2019autore<\/h2>\n\n<p>I contenuti e le opere create dai gestori del sito su queste pagine sono soggetti alla legge tedesca sul diritto d&#8217;autore. La riproduzione, l&#8217;elaborazione, la distribuzione e qualsiasi tipo di sfruttamento al di fuori dei limiti del diritto d&#8217;autore richiedono il consenso scritto del rispettivo autore o creatore. Nella misura in cui il contenuto di questa pagina non \u00e8 stato creato dal gestore, vengono rispettati i diritti d&#8217;autore di terzi. In particolare, i contenuti di terze parti saranno contrassegnati come tali. Nel caso in cui veniste comunque a conoscenza di una violazione del diritto d&#8217;autore, vi preghiamo di informarci di conseguenza. Se veniamo a conoscenza di violazioni legali, rimuoveremo immediatamente tali contenuti.<\/p>\n","protected":false},"excerpt":{"rendered":"<p>Questa \u00e8 la nostra impronta. Qui troverete tutte le informazioni rilevanti e legali sull&#8217;identificazione del nostro fornitore. Informazioni ai sensi del \u00a7 5 TMG edv &amp; cad groupLinden 483052 Bruckm\u00fchlGermania Contatto Telefono: +49 (0)8025 995969 info@edv-cad.de o modulo di contatto in questa pagina Responsabile del contenuto ai sensi del \u00a7 55 Abs. 2 RStV Hannes [&hellip;]<\/p>\n","protected":false},"author":1,"featured_media":0,"parent":0,"menu_order":0,"comment_status":"closed","ping_status":"closed","template":"","meta":{"ocean_post_layout":"","ocean_both_sidebars_style":"","ocean_both_sidebars_content_width":0,"ocean_both_sidebars_sidebars_width":0,"ocean_sidebar":"0","ocean_second_sidebar":"0","ocean_disable_margins":"enable","ocean_add_body_class":"","ocean_shortcode_before_top_bar":"","ocean_shortcode_after_top_bar":"","ocean_shortcode_before_header":"","ocean_shortcode_after_header":"","ocean_has_shortcode":"","ocean_shortcode_after_title":"","ocean_shortcode_before_footer_widgets":"","ocean_shortcode_after_footer_widgets":"","ocean_shortcode_before_footer_bottom":"","ocean_shortcode_after_footer_bottom":"","ocean_display_top_bar":"default","ocean_display_header":"default","ocean_header_style":"","ocean_center_header_left_menu":"0","ocean_custom_header_template":"0","ocean_custom_logo":0,"ocean_custom_retina_logo":0,"ocean_custom_logo_max_width":0,"ocean_custom_logo_tablet_max_width":0,"ocean_custom_logo_mobile_max_width":0,"ocean_custom_logo_max_height":0,"ocean_custom_logo_tablet_max_height":0,"ocean_custom_logo_mobile_max_height":0,"ocean_header_custom_menu":"0","ocean_menu_typo_font_family":"0","ocean_menu_typo_font_subset":"","ocean_menu_typo_font_size":0,"ocean_menu_typo_font_size_tablet":0,"ocean_menu_typo_font_size_mobile":0,"ocean_menu_typo_font_size_unit":"px","ocean_menu_typo_font_weight":"","ocean_menu_typo_font_weight_tablet":"","ocean_menu_typo_font_weight_mobile":"","ocean_menu_typo_transform":"","ocean_menu_typo_transform_tablet":"","ocean_menu_typo_transform_mobile":"","ocean_menu_typo_line_height":0,"ocean_menu_typo_line_height_tablet":0,"ocean_menu_typo_line_height_mobile":0,"ocean_menu_typo_line_height_unit":"","ocean_menu_typo_spacing":0,"ocean_menu_typo_spacing_tablet":0,"ocean_menu_typo_spacing_mobile":0,"ocean_menu_typo_spacing_unit":"","ocean_menu_link_color":"","ocean_menu_link_color_hover":"","ocean_menu_link_color_active":"","ocean_menu_link_background":"","ocean_menu_link_hover_background":"","ocean_menu_link_active_background":"","ocean_menu_social_links_bg":"","ocean_menu_social_hover_links_bg":"","ocean_menu_social_links_color":"","ocean_menu_social_hover_links_color":"","ocean_disable_title":"default","ocean_disable_heading":"default","ocean_post_title":"","ocean_post_subheading":"","ocean_post_title_style":"","ocean_post_title_background_color":"","ocean_post_title_background":0,"ocean_post_title_bg_image_position":"","ocean_post_title_bg_image_attachment":"","ocean_post_title_bg_image_repeat":"","ocean_post_title_bg_image_size":"","ocean_post_title_height":0,"ocean_post_title_bg_overlay":0.5,"ocean_post_title_bg_overlay_color":"","ocean_disable_breadcrumbs":"default","ocean_breadcrumbs_color":"","ocean_breadcrumbs_separator_color":"","ocean_breadcrumbs_links_color":"","ocean_breadcrumbs_links_hover_color":"","ocean_display_footer_widgets":"default","ocean_display_footer_bottom":"default","ocean_custom_footer_template":"0","footnotes":""},"class_list":["post-7089","page","type-page","status-publish","hentry","entry"],"_links":{"self":[{"href":"https:\/\/edv-cad.de\/it\/wp-json\/wp\/v2\/pages\/7089","targetHints":{"allow":["GET"]}}],"collection":[{"href":"https:\/\/edv-cad.de\/it\/wp-json\/wp\/v2\/pages"}],"about":[{"href":"https:\/\/edv-cad.de\/it\/wp-json\/wp\/v2\/types\/page"}],"author":[{"embeddable":true,"href":"https:\/\/edv-cad.de\/it\/wp-json\/wp\/v2\/users\/1"}],"replies":[{"embeddable":true,"href":"https:\/\/edv-cad.de\/it\/wp-json\/wp\/v2\/comments?post=7089"}],"version-history":[{"count":4,"href":"https:\/\/edv-cad.de\/it\/wp-json\/wp\/v2\/pages\/7089\/revisions"}],"predecessor-version":[{"id":9918,"href":"https:\/\/edv-cad.de\/it\/wp-json\/wp\/v2\/pages\/7089\/revisions\/9918"}],"wp:attachment":[{"href":"https:\/\/edv-cad.de\/it\/wp-json\/wp\/v2\/media?parent=7089"}],"curies":[{"name":"wp","href":"https:\/\/api.w.org\/{rel}","templated":true}]}}