{"id":8320,"date":"2022-06-30T10:45:07","date_gmt":"2022-06-30T08:45:07","guid":{"rendered":"https:\/\/edv-cad.de\/vectorworks-ontwerper\/"},"modified":"2024-02-03T03:53:06","modified_gmt":"2024-02-03T02:53:06","slug":"vectorworks-ontwerper","status":"publish","type":"page","link":"https:\/\/edv-cad.de\/nl\/vectorworks\/vectorworks-ontwerper\/","title":{"rendered":"Vectorworks Ontwerper"},"content":{"rendered":"\t\t<div data-elementor-type=\"wp-page\" data-elementor-id=\"8320\" class=\"elementor elementor-8320 elementor-3982\" data-elementor-post-type=\"page\">\n\t\t\t\t\t\t<section class=\"elementor-section elementor-top-section elementor-element elementor-element-39b2f684 elementor-section-full_width elementor-section-height-min-height elementor-section-height-default elementor-section-items-middle\" data-id=\"39b2f684\" data-element_type=\"section\" data-e-type=\"section\" data-settings=\"{&quot;background_background&quot;:&quot;classic&quot;}\">\n\t\t\t\t\t\t<div class=\"elementor-container elementor-column-gap-default\">\n\t\t\t\t\t<div class=\"elementor-column elementor-col-50 elementor-top-column elementor-element elementor-element-712f8e9a\" data-id=\"712f8e9a\" data-element_type=\"column\" data-e-type=\"column\" data-settings=\"{&quot;background_background&quot;:&quot;classic&quot;}\">\n\t\t\t<div class=\"elementor-widget-wrap elementor-element-populated\">\n\t\t\t\t\t\t<div class=\"elementor-element elementor-element-8a74e5d elementor-widget elementor-widget-image\" data-id=\"8a74e5d\" data-element_type=\"widget\" data-e-type=\"widget\" data-widget_type=\"image.default\">\n\t\t\t\t<div class=\"elementor-widget-container\">\n\t\t\t\t\t\t\t\t\t\t\t\t\t\t\t<img fetchpriority=\"high\" decoding=\"async\" width=\"1024\" height=\"184\" src=\"https:\/\/edv-cad.de\/wp-content\/uploads\/2023\/05\/Vectorworks_own-1024x184.png\" class=\"attachment-large size-large wp-image-6825\" alt=\"\" srcset=\"https:\/\/edv-cad.de\/wp-content\/uploads\/2023\/05\/Vectorworks_own-1024x184.png 1024w, https:\/\/edv-cad.de\/wp-content\/uploads\/2023\/05\/Vectorworks_own-300x54.png 300w, https:\/\/edv-cad.de\/wp-content\/uploads\/2023\/05\/Vectorworks_own-768x138.png 768w, https:\/\/edv-cad.de\/wp-content\/uploads\/2023\/05\/Vectorworks_own-1536x276.png 1536w, https:\/\/edv-cad.de\/wp-content\/uploads\/2023\/05\/Vectorworks_own.png 1950w\" sizes=\"(max-width: 1024px) 100vw, 1024px\" title=\"Aantal\">\t\t\t\t\t\t\t\t\t\t\t\t\t\t\t<\/div>\n\t\t\t\t<\/div>\n\t\t\t\t<div class=\"elementor-element elementor-element-a40998d elementor-widget elementor-widget-heading\" data-id=\"a40998d\" data-element_type=\"widget\" data-e-type=\"widget\" data-widget_type=\"heading.default\">\n\t\t\t\t<div class=\"elementor-widget-container\">\n\t\t\t\t\t<h2 class=\"elementor-heading-title elementor-size-default\">Ontwerper<\/h2>\t\t\t\t<\/div>\n\t\t\t\t<\/div>\n\t\t\t\t<div class=\"elementor-element elementor-element-633430c2 elementor-widget elementor-widget-text-editor\" data-id=\"633430c2\" data-element_type=\"widget\" data-e-type=\"widget\" data-widget_type=\"text-editor.default\">\n\t\t\t\t<div class=\"elementor-widget-container\">\n\t\t\t\t\t\t\t\t\t<p>Met ElementsCAD &amp; Renderworks, een absolute high-end tool<\/p>\n\t\t\t\t\t\t\t\t<\/div>\n\t\t\t\t<\/div>\n\t\t\t\t<section class=\"elementor-section elementor-inner-section elementor-element elementor-element-4550f32 elementor-section-boxed elementor-section-height-default elementor-section-height-default\" data-id=\"4550f32\" data-element_type=\"section\" data-e-type=\"section\">\n\t\t\t\t\t\t<div class=\"elementor-container elementor-column-gap-default\">\n\t\t\t\t\t<div class=\"elementor-column elementor-col-50 elementor-inner-column elementor-element elementor-element-2e77232\" data-id=\"2e77232\" data-element_type=\"column\" data-e-type=\"column\">\n\t\t\t<div class=\"elementor-widget-wrap elementor-element-populated\">\n\t\t\t\t\t\t<div class=\"elementor-element elementor-element-9272d5e elementor-align-left elementor-widget elementor-widget-button\" data-id=\"9272d5e\" data-element_type=\"widget\" data-e-type=\"widget\" data-widget_type=\"button.default\">\n\t\t\t\t<div class=\"elementor-widget-container\">\n\t\t\t\t\t\t\t\t\t<div class=\"elementor-button-wrapper\">\n\t\t\t\t\t<a class=\"elementor-button elementor-button-link elementor-size-md elementor-animation-grow\" href=\"https:\/\/edv-cad.de\/nl\/contact\/citaat\/\" target=\"_blank\">\n\t\t\t\t\t\t<span class=\"elementor-button-content-wrapper\">\n\t\t\t\t\t\t\t\t\t<span class=\"elementor-button-text\">Vraag een demo aan<\/span>\n\t\t\t\t\t<\/span>\n\t\t\t\t\t<\/a>\n\t\t\t\t<\/div>\n\t\t\t\t\t\t\t\t<\/div>\n\t\t\t\t<\/div>\n\t\t\t\t\t<\/div>\n\t\t<\/div>\n\t\t\t\t<div class=\"elementor-column elementor-col-50 elementor-inner-column elementor-element elementor-element-f76ccbe\" data-id=\"f76ccbe\" data-element_type=\"column\" data-e-type=\"column\">\n\t\t\t<div class=\"elementor-widget-wrap elementor-element-populated\">\n\t\t\t\t\t\t<div class=\"elementor-element elementor-element-5c9cd7d elementor-align-left elementor-widget elementor-widget-button\" data-id=\"5c9cd7d\" data-element_type=\"widget\" data-e-type=\"widget\" data-widget_type=\"button.default\">\n\t\t\t\t<div class=\"elementor-widget-container\">\n\t\t\t\t\t\t\t\t\t<div class=\"elementor-button-wrapper\">\n\t\t\t\t\t<a class=\"elementor-button elementor-button-link elementor-size-md elementor-animation-grow\" href=\"https:\/\/edv-cad.de\/nl\/contact\/citaat\/\" target=\"_blank\">\n\t\t\t\t\t\t<span class=\"elementor-button-content-wrapper\">\n\t\t\t\t\t\t\t\t\t<span class=\"elementor-button-text\">Volledige versie aanvragen<\/span>\n\t\t\t\t\t<\/span>\n\t\t\t\t\t<\/a>\n\t\t\t\t<\/div>\n\t\t\t\t\t\t\t\t<\/div>\n\t\t\t\t<\/div>\n\t\t\t\t\t<\/div>\n\t\t<\/div>\n\t\t\t\t\t<\/div>\n\t\t<\/section>\n\t\t\t\t\t<\/div>\n\t\t<\/div>\n\t\t\t\t<div class=\"elementor-column elementor-col-50 elementor-top-column elementor-element elementor-element-de965b2\" data-id=\"de965b2\" data-element_type=\"column\" data-e-type=\"column\">\n\t\t\t<div class=\"elementor-widget-wrap\">\n\t\t\t\t\t\t\t<\/div>\n\t\t<\/div>\n\t\t\t\t\t<\/div>\n\t\t<\/section>\n\t\t\t\t<section class=\"elementor-section elementor-top-section elementor-element elementor-element-08172b6 elementor-section-boxed elementor-section-height-default elementor-section-height-default\" data-id=\"08172b6\" data-element_type=\"section\" data-e-type=\"section\">\n\t\t\t\t\t\t<div class=\"elementor-container elementor-column-gap-default\">\n\t\t\t\t\t<div class=\"elementor-column elementor-col-50 elementor-top-column elementor-element elementor-element-6a2d3b1\" data-id=\"6a2d3b1\" data-element_type=\"column\" data-e-type=\"column\">\n\t\t\t<div class=\"elementor-widget-wrap elementor-element-populated\">\n\t\t\t\t\t\t<div class=\"elementor-element elementor-element-9b2c1da elementor-widget elementor-widget-text-editor\" data-id=\"9b2c1da\" data-element_type=\"widget\" data-e-type=\"widget\" data-widget_type=\"text-editor.default\">\n\t\t\t\t<div class=\"elementor-widget-container\">\n\t\t\t\t\t\t\t\t\t<h3>In combinatie met ElementsCAD en Renderworks heb je te maken met de &#8220;Mercedes&#8221; van Vectorworks .<\/h3>\n<p>Met Vectorworks Designer kan je alle taken die nodig zijn voor jouw gebied in het ontwerp end-to-end uitvoeren:<br \/>Wedstrijdontwerpen, werkplannen met ge\u00efntegreerde stuklijsten, fotorealistische modellen&#8230;<\/p>\n<p>De Duitstalige industrieversies zijn tot 40% hoger dan de prijs van een internationale versie.<\/p>\n\t\t\t\t\t\t\t\t<\/div>\n\t\t\t\t<\/div>\n\t\t\t\t\t<\/div>\n\t\t<\/div>\n\t\t\t\t<div class=\"elementor-column elementor-col-50 elementor-top-column elementor-element elementor-element-1427059\" data-id=\"1427059\" data-element_type=\"column\" data-e-type=\"column\">\n\t\t\t<div class=\"elementor-widget-wrap elementor-element-populated\">\n\t\t\t\t\t\t<div class=\"elementor-element elementor-element-d2e85bd elementor-widget elementor-widget-image\" data-id=\"d2e85bd\" data-element_type=\"widget\" data-e-type=\"widget\" data-widget_type=\"image.default\">\n\t\t\t\t<div class=\"elementor-widget-container\">\n\t\t\t\t\t\t\t\t\t\t\t\t\t\t\t<img fetchpriority=\"high\" decoding=\"async\" width=\"1024\" height=\"184\" src=\"https:\/\/edv-cad.de\/wp-content\/uploads\/2023\/05\/Vectorworks_own-1024x184.png\" class=\"attachment-large size-large wp-image-6825\" alt=\"\" srcset=\"https:\/\/edv-cad.de\/wp-content\/uploads\/2023\/05\/Vectorworks_own-1024x184.png 1024w, https:\/\/edv-cad.de\/wp-content\/uploads\/2023\/05\/Vectorworks_own-300x54.png 300w, https:\/\/edv-cad.de\/wp-content\/uploads\/2023\/05\/Vectorworks_own-768x138.png 768w, https:\/\/edv-cad.de\/wp-content\/uploads\/2023\/05\/Vectorworks_own-1536x276.png 1536w, https:\/\/edv-cad.de\/wp-content\/uploads\/2023\/05\/Vectorworks_own.png 1950w\" sizes=\"(max-width: 1024px) 100vw, 1024px\" title=\"Aantal\">\t\t\t\t\t\t\t\t\t\t\t\t\t\t\t<\/div>\n\t\t\t\t<\/div>\n\t\t\t\t<div class=\"elementor-element elementor-element-8f916d9 elementor-widget elementor-widget-text-editor\" data-id=\"8f916d9\" data-element_type=\"widget\" data-e-type=\"widget\" data-widget_type=\"text-editor.default\">\n\t\t\t\t<div class=\"elementor-widget-container\">\n\t\t\t\t\t\t\t\t\t<p>De designversie bevat alle modules van de Vectorworks , d.w.z. Spotlight, Architecture, Landscape, evenals functies voor de machinebouw.<\/p>\n\t\t\t\t\t\t\t\t<\/div>\n\t\t\t\t<\/div>\n\t\t\t\t\t<\/div>\n\t\t<\/div>\n\t\t\t\t\t<\/div>\n\t\t<\/section>\n\t\t\t\t<section class=\"elementor-section elementor-top-section elementor-element elementor-element-43221e9 elementor-section-boxed elementor-section-height-default elementor-section-height-default\" data-id=\"43221e9\" data-element_type=\"section\" data-e-type=\"section\" data-settings=\"{&quot;background_background&quot;:&quot;classic&quot;}\">\n\t\t\t\t\t\t<div class=\"elementor-container elementor-column-gap-default\">\n\t\t\t\t\t<div class=\"elementor-column elementor-col-66 elementor-top-column elementor-element elementor-element-96438af\" data-id=\"96438af\" data-element_type=\"column\" data-e-type=\"column\">\n\t\t\t<div class=\"elementor-widget-wrap elementor-element-populated\">\n\t\t\t\t\t\t<div class=\"elementor-element elementor-element-994e43e elementor-widget elementor-widget-text-editor\" data-id=\"994e43e\" data-element_type=\"widget\" data-e-type=\"widget\" data-widget_type=\"text-editor.default\">\n\t\t\t\t<div class=\"elementor-widget-container\">\n\t\t\t\t\t\t\t\t\t<h3>Vectorworks Designer International is de toonaangevende software voor ontwerpprofessionals in de architectuur-, landschaps- en entertainmentindustrie.<\/h3>\n<p class=\"vc_custom_heading\"><span style=\"font-size: 16px;\">Deze release bevat alle functionaliteiten <\/span>van Vectorworks Fundamentals, Architect, Landscape en Spotlight.<\/p>\n<div class=\"vc_row wpb_row vc_inner vc_row-fluid\">\n<div class=\"wpb_column vc_column_container vc_col-sm-12\">\n<div class=\"vc_column-inner\">\n<div class=\"wpb_wrapper\">\n<div class=\"wpb_text_column wpb_content_element \">\n<div class=\"wpb_wrapper\">\n<p>Deze versie wordt vaak gebruikt door planners die in meerdere beroepen werken.<\/p>\n<p>Vectorworks Designer international biedt een concurrentievoordeel,<br \/>door een groot aantal ontwerptools aan te bieden in \u00e9\u00e9n enkele, intu\u00eftieve interface.<br \/>Of u nu ontwerpen, modellen of gedetailleerde plannen maakt,<br \/>Vectorworks Designer is de ultieme oplossing voor de professional.<\/p>\n<p>De Duitse versie &#8220;Designer&#8221; is gebaseerd op de versie &#8220;<em><br \/>\n  <strong>Vectorworks Designer international<\/strong><br \/>\n<\/em>&#8220;.<br \/>Daarom lijken de versies qua functionaliteit sterk op elkaar.<\/p>\n<\/div>\n<\/div>\n<\/div>\n<\/div>\n<\/div>\n<\/div>\n\t\t\t\t\t\t\t\t<\/div>\n\t\t\t\t<\/div>\n\t\t\t\t\t<\/div>\n\t\t<\/div>\n\t\t\t\t<div class=\"elementor-column elementor-col-33 elementor-top-column elementor-element elementor-element-837bb8a\" data-id=\"837bb8a\" data-element_type=\"column\" data-e-type=\"column\">\n\t\t\t<div class=\"elementor-widget-wrap elementor-element-populated\">\n\t\t\t\t\t\t<div class=\"elementor-element elementor-element-60a92c5 elementor-widget elementor-widget-image\" data-id=\"60a92c5\" data-element_type=\"widget\" data-e-type=\"widget\" data-widget_type=\"image.default\">\n\t\t\t\t<div class=\"elementor-widget-container\">\n\t\t\t\t\t\t\t\t\t\t\t\t\t\t\t<img decoding=\"async\" width=\"300\" height=\"168\" src=\"https:\/\/edv-cad.de\/wp-content\/uploads\/2022\/06\/Vectorworks-2019-ebenen-klassen-filtern.jpg\" class=\"attachment-large size-large wp-image-7350\" alt=\"\" title=\"Aantal\">\t\t\t\t\t\t\t\t\t\t\t\t\t\t\t<\/div>\n\t\t\t\t<\/div>\n\t\t\t\t<div class=\"elementor-element elementor-element-1c3aef4 elementor-widget elementor-widget-image\" data-id=\"1c3aef4\" data-element_type=\"widget\" data-e-type=\"widget\" data-widget_type=\"image.default\">\n\t\t\t\t<div class=\"elementor-widget-container\">\n\t\t\t\t\t\t\t\t\t\t\t\t\t\t\t<img decoding=\"async\" width=\"642\" height=\"436\" src=\"https:\/\/edv-cad.de\/wp-content\/uploads\/2022\/06\/Vectorworks-2019-ansichtsbereich-aus-schnittbox.jpg\" class=\"attachment-medium_large size-medium_large wp-image-7356\" alt=\"\" srcset=\"https:\/\/edv-cad.de\/wp-content\/uploads\/2022\/06\/Vectorworks-2019-ansichtsbereich-aus-schnittbox.jpg 642w, https:\/\/edv-cad.de\/wp-content\/uploads\/2022\/06\/Vectorworks-2019-ansichtsbereich-aus-schnittbox-300x204.jpg 300w\" sizes=\"(max-width: 642px) 100vw, 642px\" title=\"Aantal\">\t\t\t\t\t\t\t\t\t\t\t\t\t\t\t<\/div>\n\t\t\t\t<\/div>\n\t\t\t\t\t<\/div>\n\t\t<\/div>\n\t\t\t\t\t<\/div>\n\t\t<\/section>\n\t\t\t\t<\/div>\n\t\t","protected":false},"excerpt":{"rendered":"<p>Ontwerper Met ElementsCAD &amp; Renderworks, een absolute high-end tool Vraag een demo aan Volledige versie aanvragen In combinatie met ElementsCAD en Renderworks heb je te maken met de &#8220;Mercedes&#8221; van Vectorworks . Met Vectorworks Designer kan je alle taken die nodig zijn voor jouw gebied in het ontwerp end-to-end uitvoeren:Wedstrijdontwerpen, werkplannen met ge\u00efntegreerde stuklijsten, fotorealistische [&hellip;]<\/p>\n","protected":false},"author":3,"featured_media":0,"parent":8675,"menu_order":0,"comment_status":"closed","ping_status":"closed","template":"","meta":{"ocean_post_layout":"full-screen","ocean_both_sidebars_style":"","ocean_both_sidebars_content_width":0,"ocean_both_sidebars_sidebars_width":0,"ocean_sidebar":"0","ocean_second_sidebar":"0","ocean_disable_margins":"enable","ocean_add_body_class":"","ocean_shortcode_before_top_bar":"","ocean_shortcode_after_top_bar":"","ocean_shortcode_before_header":"","ocean_shortcode_after_header":"","ocean_has_shortcode":"","ocean_shortcode_after_title":"","ocean_shortcode_before_footer_widgets":"","ocean_shortcode_after_footer_widgets":"","ocean_shortcode_before_footer_bottom":"","ocean_shortcode_after_footer_bottom":"","ocean_display_top_bar":"default","ocean_display_header":"default","ocean_header_style":"","ocean_center_header_left_menu":"0","ocean_custom_header_template":"0","ocean_custom_logo":0,"ocean_custom_retina_logo":0,"ocean_custom_logo_max_width":0,"ocean_custom_logo_tablet_max_width":0,"ocean_custom_logo_mobile_max_width":0,"ocean_custom_logo_max_height":0,"ocean_custom_logo_tablet_max_height":0,"ocean_custom_logo_mobile_max_height":0,"ocean_header_custom_menu":"0","ocean_menu_typo_font_family":"0","ocean_menu_typo_font_subset":"","ocean_menu_typo_font_size":0,"ocean_menu_typo_font_size_tablet":0,"ocean_menu_typo_font_size_mobile":0,"ocean_menu_typo_font_size_unit":"px","ocean_menu_typo_font_weight":"","ocean_menu_typo_font_weight_tablet":"","ocean_menu_typo_font_weight_mobile":"","ocean_menu_typo_transform":"","ocean_menu_typo_transform_tablet":"","ocean_menu_typo_transform_mobile":"","ocean_menu_typo_line_height":0,"ocean_menu_typo_line_height_tablet":0,"ocean_menu_typo_line_height_mobile":0,"ocean_menu_typo_line_height_unit":"","ocean_menu_typo_spacing":0,"ocean_menu_typo_spacing_tablet":0,"ocean_menu_typo_spacing_mobile":0,"ocean_menu_typo_spacing_unit":"","ocean_menu_link_color":"","ocean_menu_link_color_hover":"","ocean_menu_link_color_active":"","ocean_menu_link_background":"","ocean_menu_link_hover_background":"","ocean_menu_link_active_background":"","ocean_menu_social_links_bg":"","ocean_menu_social_hover_links_bg":"","ocean_menu_social_links_color":"","ocean_menu_social_hover_links_color":"","ocean_disable_title":"on","ocean_disable_heading":"default","ocean_post_title":"","ocean_post_subheading":"","ocean_post_title_style":"","ocean_post_title_background_color":"","ocean_post_title_background":0,"ocean_post_title_bg_image_position":"","ocean_post_title_bg_image_attachment":"","ocean_post_title_bg_image_repeat":"","ocean_post_title_bg_image_size":"","ocean_post_title_height":0,"ocean_post_title_bg_overlay":0.5,"ocean_post_title_bg_overlay_color":"","ocean_disable_breadcrumbs":"default","ocean_breadcrumbs_color":"","ocean_breadcrumbs_separator_color":"","ocean_breadcrumbs_links_color":"","ocean_breadcrumbs_links_hover_color":"","ocean_display_footer_widgets":"default","ocean_display_footer_bottom":"default","ocean_custom_footer_template":"0","footnotes":""},"class_list":["post-8320","page","type-page","status-publish","hentry","entry"],"_links":{"self":[{"href":"https:\/\/edv-cad.de\/nl\/wp-json\/wp\/v2\/pages\/8320","targetHints":{"allow":["GET"]}}],"collection":[{"href":"https:\/\/edv-cad.de\/nl\/wp-json\/wp\/v2\/pages"}],"about":[{"href":"https:\/\/edv-cad.de\/nl\/wp-json\/wp\/v2\/types\/page"}],"author":[{"embeddable":true,"href":"https:\/\/edv-cad.de\/nl\/wp-json\/wp\/v2\/users\/3"}],"replies":[{"embeddable":true,"href":"https:\/\/edv-cad.de\/nl\/wp-json\/wp\/v2\/comments?post=8320"}],"version-history":[{"count":0,"href":"https:\/\/edv-cad.de\/nl\/wp-json\/wp\/v2\/pages\/8320\/revisions"}],"up":[{"embeddable":true,"href":"https:\/\/edv-cad.de\/nl\/wp-json\/wp\/v2\/pages\/8675"}],"wp:attachment":[{"href":"https:\/\/edv-cad.de\/nl\/wp-json\/wp\/v2\/media?parent=8320"}],"curies":[{"name":"wp","href":"https:\/\/api.w.org\/{rel}","templated":true}]}}