{"id":6889,"date":"2021-11-30T10:41:53","date_gmt":"2021-11-30T09:41:53","guid":{"rendered":"https:\/\/edv-cad.de\/ogolne-warunki-handlowe\/"},"modified":"2023-12-05T07:41:44","modified_gmt":"2023-12-05T06:41:44","slug":"ogolne-warunki-handlowe","status":"publish","type":"page","link":"https:\/\/edv-cad.de\/pl\/ogolne-warunki-handlowe\/","title":{"rendered":"Zasady i warunki"},"content":{"rendered":"\n<p>S\u0105 to og\u00f3lne warunki handlowe Grupy EDV &amp; CAD. Stan na kwiecie\u0144 2020 r.<\/p>\n\n<h2 class=\"wp-block-heading\">\u00a71 Podstawa prawna<\/h2>\n\n<p>Podstaw\u0105 prawn\u0105 wszystkich ofert, us\u0142ug i dostaw edv &amp; cad group s\u0105 odpowiednie ustawy i rozporz\u0105dzenia Republiki Federalnej Niemiec oraz niniejsze Og\u00f3lne Warunki Handlowe. Umowy odbiegaj\u0105ce od niniejszych warunk\u00f3w wymagaj\u0105 pisemnego potwierdzenia edv &amp; cad group.<\/p>\n\n<h2 class=\"wp-block-heading\">\u00a72 Oferty<\/h2>\n\n<p>Oferty edv &amp; cad group mog\u0105 ulec zmianie i nie s\u0105 wi\u0105\u017c\u0105ce, chyba \u017ce uzgodniono inaczej.<br\/>Oferty indywidualne s\u0105 wa\u017cne przez 20 dni kalendarzowych, chyba \u017ce okre\u015blono inaczej. Wi\u0105\u017c\u0105cy charakter ofert traci r\u00f3wnie\u017c w przypadku, gdy ceny oferowanych towar\u00f3w zostan\u0105 zmienione o wi\u0119cej ni\u017c 3% przez dostawc\u0119 wy\u017cszego szczebla w okresie obowi\u0105zywania oferty. O ile nie zaznaczono inaczej, ceny s\u0105 podawane bez ustawowego podatku od sprzeda\u017cy lub podatku od warto\u015bci dodanej.<\/p>\n\n<h2 class=\"wp-block-heading\">\u00a73 Zam\u00f3wienie<\/h2>\n\n<p>Zam\u00f3wienia mo\u017cna sk\u0142ada\u0107 telefonicznie lub pisemnie. O ile nie uzgodniono inaczej, zam\u00f3wienia telefoniczne i zam\u00f3wienia dla nowych klient\u00f3w b\u0119d\u0105 realizowane za op\u0142at\u0105 za pobraniem lub przedp\u0142at\u0105.<br\/>Zam\u00f3wienia pisemne i zam\u00f3wienia b\u0119d\u0105 realizowane na \u017cyczenie i tylko za zgod\u0105 edv &amp; cad group na podstawie faktury. W przypadku dostaw, kt\u00f3rych warto\u015b\u0107 towaru przekracza 2500 EURO, edv &amp; cad group mo\u017ce za\u017c\u0105da\u0107 od klienta dowodu zdolno\u015bci kredytowej lub gwarancji bankowej. O ile nie uzgodniono inaczej, niniejsze Og\u00f3lne Warunki edv &amp; cad group uwa\u017ca si\u0119 za zaakceptowane w momencie z\u0142o\u017cenia zam\u00f3wienia.<\/p>\n\n<h2 class=\"wp-block-heading\">\u00a74 Zawarcie umowy<\/h2>\n\n<p>Umowa pomi\u0119dzy edv &amp; cad group a klientem wchodzi w \u017cycie wraz z pisemnym potwierdzeniem zam\u00f3wienia przez edv &amp; cad group lub realizacj\u0105 edv &amp; cad group O ile nie uzgodniono inaczej, podstaw\u0105 umowy jest pisemne potwierdzenie zam\u00f3wienia od edv &amp; cad group .<\/p>\n\n<p><em>W przypadku kurs\u00f3w i seminari\u00f3w podstaw\u0105 umowy jest pisemna rejestracja na kurs.<br\/>Zapisy na kursy s\u0105 wi\u0105\u017c\u0105ce. Op\u0142at\u0119 za kurs nale\u017cy ui\u015bci\u0107 w ca\u0142o\u015bci, nawet w przypadku nieuczestniczenia w kursie,<\/em><br\/><em>chyba, \u017ce rezygnacja zostanie dokonana co najmniej 10 dni przed rozpocz\u0119ciem kursu.<\/em><\/p>\n\n<p>edv &amp; cad group oferuje mo\u017cliwo\u015b\u0107 nadrobienia ewentualnych nieobecno\u015bci w ci\u0105gu 6 miesi\u0119cy, pod warunkiem, \u017ce s\u0105 wolne miejsca i kurs nie zostanie zak\u0142\u00f3cony.<br\/>Nie ma jednak prawnie wi\u0105\u017c\u0105cego prawa do tego.<\/p>\n\n<h2 class=\"wp-block-heading\">\u00a75 Czas dostawy<\/h2>\n\n<p>Terminy dostaw i us\u0142ug wymagaj\u0105 pisemnego potwierdzenia edv &amp; cad group ich wa\u017cno\u015bci.<br\/>edv &amp; cad group nie ponosi odpowiedzialno\u015bci za op\u00f3\u017anienia w dostawie i realizacji wynikaj\u0105ce z dzia\u0142ania si\u0142y wy\u017cszej lub okoliczno\u015bci lub zdarze\u0144, kt\u00f3re znacznie utrudniaj\u0105 lub uniemo\u017cliwiaj\u0105 realizacj\u0119 zam\u00f3wienia przez edv &amp; cad group. W takich okoliczno\u015bciach edv &amp; cad group zastrzega sobie prawo do odst\u0105pienia od umowy w ca\u0142o\u015bci lub w cz\u0119\u015bci lub do przed\u0142u\u017cenia termin\u00f3w dostaw i realizacji o odpowiedni okres.<\/p>\n\n<h2 class=\"wp-block-heading\">\u00a76 Wysy\u0142ka, dostawa<\/h2>\n\n<p>Wysy\u0142ka lub dostawa towaru odbywa si\u0119 na koszt klienta. O ile nie uzgodniono inaczej, klient ponosi koszty dostawy towaru. Ryzyko przechodzi na klienta w momencie nadania towaru do wysy\u0142ki.<\/p>\n\n<h2 class=\"wp-block-heading\">\u00a77 Warunki p\u0142atno\u015bci<\/h2>\n\n<p>Je\u015bli dostawa jest realizowana na podstawie faktury, zap\u0142ata ceny na fakturze musi zosta\u0107 dokonana bez potr\u0105ce\u0144 w ci\u0105gu 5 dni kalendarzowych od daty wystawienia faktury, chyba \u017ce uzgodniono inaczej.<\/p>\n\n<h2 class=\"wp-block-heading\">\u00a78 Zw\u0142oka w p\u0142atno\u015bci<\/h2>\n\n<p>Nabywca zalega z p\u0142atno\u015bci\u0105, je\u015bli \u017c\u0105dana kwota faktury nie zosta\u0142a edv &amp; cad group w uzgodnionym terminie p\u0142atno\u015bci od daty wystawienia faktury. Zw\u0142oka w p\u0142atno\u015bci staje si\u0119 skuteczna nawet bez upomnienia. W przypadku zw\u0142oki w p\u0142atno\u015bci, nabywca jest winien grupie edv &amp; cad kwot\u0119 faktury, odsetki za zw\u0142ok\u0119, op\u0142aty administracyjne i koszty poniesione w wyniku s\u0105dowego dochodzenia roszcze\u0144 edv &amp; cad group.edv &amp; cad group Obejmuje to wszystkie honoraria adwokackie i op\u0142aty s\u0105dowe, a tak\u017ce wydatki. Za ka\u017cde upomnienie nale\u017cy ui\u015bci\u0107 op\u0142aty administracyjne. edv &amp; cad group zastrzega sobie prawo do dochodzenia dalszych koszt\u00f3w w zwi\u0105zku ze szkodami spowodowanymi op\u00f3\u017anieniem.<br\/>W przypadku p\u0142atno\u015bci ratalnych nabywca zalega z p\u0142atno\u015bci\u0105 raty w przypadku zw\u0142oki w sp\u0142acie raty. W takim przypadku edv &amp; cad group do obci\u0105\u017cenia ca\u0142ej kwoty faktury, w tym koszt\u00f3w dodatkowych (patrz wy\u017cej).<\/p>\n\n<h2 class=\"wp-block-heading\">\u00a79 Zastrze\u017cenie w\u0142asno\u015bci<\/h2>\n\n<p>Dostarczony towar i licencja pozostaj\u0105 w\u0142asno\u015bci\u0105 edv &amp; cad group do momentu ca\u0142kowitej zap\u0142aty kwoty faktury, jak r\u00f3wnie\u017c koszt\u00f3w zaleg\u0142o\u015bci, na kt\u00f3re sk\u0142adaj\u0105 si\u0119 wszelkie nale\u017cne op\u0142aty za upomnienie, odsetki za zw\u0142ok\u0119 i inne \u017c\u0105dane koszty.<br\/>W przypadku oprogramowania nabywca otrzymuje prawa do korzystania z oprogramowania dopiero po zap\u0142aceniu kwoty faktury oraz, w stosownych przypadkach, koszt\u00f3w niewykonania zobowi\u0105zania. Og\u00f3lnie rzecz bior\u0105c, w\u0142asno\u015b\u0107 i prawa autorskie do oprogramowania pozostaj\u0105 w\u0142asno\u015bci\u0105 producenta, chyba \u017ce postanowienia licencyjne stanowi\u0105 inaczej.<br\/>Kupuj\u0105cy jest zobowi\u0105zany do niezw\u0142ocznego powiadomienia edv &amp; cad group o ka\u017cdym dost\u0119pie os\u00f3b trzecich do towar\u00f3w, kt\u00f3rych dotyczy zastrze\u017cenie w\u0142asno\u015bci.<br\/>W przypadku odsprzeda\u017cy towar\u00f3w i licencji dostarczonych przez grup\u0119 edv &amp; cad osobom trzecim (= nabywcom), nabywca musi zosta\u0107 powiadomiony o zastrze\u017ceniu w\u0142asno\u015bci edv &amp; cad group.edv &amp; cad group<br\/>edv &amp; cad group zastrzega sobie prawo do \u017c\u0105dania od kupuj\u0105cego towar\u00f3w i licencji, je\u015bli roszczenia p\u0142atnicze z tytu\u0142u ich dostawy nie zostan\u0105 zaspokojone.<\/p>\n\n<h2 class=\"wp-block-heading\">\u00a710 Warunki licencjonowania (Warunki licencji)<\/h2>\n\n<p>Przyj\u0119cie przez kupuj\u0105cego do wiadomo\u015bci praw do u\u017cytkowania i warunk\u00f3w licencji producenta oprogramowania jest nieod\u0142\u0105czn\u0105 cz\u0119\u015bci\u0105 zam\u00f3wienia. Nabywca zwalnia edv &amp; cad group z odpowiedzialno\u015bci producenta oprogramowania za szkody, kt\u00f3re powstaj\u0105 w wyniku niezgodnego z prawem u\u017cytkowania oprogramowania lub s\u0105 dochodzone przez producenta oprogramowania.<\/p>\n\n<h2 class=\"wp-block-heading\">\u00a711 Reklamacje, r\u0119kojmia<\/h2>\n\n<p>Oprogramowanie nie podlega zwrotowi.<br\/>Je\u015bli mimo to zwrot zostanie przyj\u0119ty, edv &amp; cad group pobierze op\u0142at\u0119 administracyjn\u0105 w wysoko\u015bci 10% warto\u015bci towaru, ale nie mniej ni\u017c 20 EURO plus ustawowy podatek VAT. VAT.<br\/>Szkody materialne zwi\u0105zane z produkcj\u0105 (np. wadliwe lub wadliwe no\u015bniki), kt\u00f3re kupuj\u0105cy zg\u0142osi sprzedaj\u0105cemu w ci\u0105gu 30 dni od daty dostawy, zostan\u0105 naprawione bezp\u0142atnie przed wys\u0142aniem uszkodzonego produktu, o ile producent ponosi odpowiedzialno\u015b\u0107 za reklamowane uszkodzenia\/wady. W przypadku niekt\u00f3rych produkt\u00f3w okres powiadomienia mo\u017ce by\u0107 kr\u00f3tszy.<br\/>edv &amp; cad group ponosi odpowiedzialno\u015b\u0107 wy\u0142\u0105cznie za b\u0142\u0119dy, wady funkcjonalne i awarie oprogramowania w zakresie r\u0119kojmi. edv &amp; cad group nie ponosi odpowiedzialno\u015bci za szkody nast\u0119pcze lub straty finansowe poniesione w wyniku korzystania z oprogramowania.<br\/>W przypadku produkt\u00f3w wytwarzanych we w\u0142asnym zakresie, legalny u\u017cytkownik musi powiadomi\u0107 edv &amp; cad group na pi\u015bmie o b\u0142\u0119dach, wadach funkcjonalnych i awariach. edv &amp; cad group d\u0105\u017cy do jak najszybszego usuwania b\u0142\u0119d\u00f3w i usterek. Odbywa si\u0119 to bezp\u0142atnie.<br\/>Za zg\u0142oszone b\u0142\u0119dy, wady funkcjonalne i awarie, kt\u00f3re oka\u017c\u0105 si\u0119 b\u0142\u0119dem w obliczeniach lub b\u0142\u0119dem po stronie u\u017cytkownika, edv &amp; cad group zastrzega sobie prawo do wystawienia u\u017cytkownikowi faktury za ilo\u015b\u0107 pracy spowodowanej w wyniku zg\u0142oszenia.<\/p>\n\n<h2 class=\"wp-block-heading\">\u00a712 Wsparcie u\u017cytkownika<\/h2>\n\n<p>Ka\u017cdy legalny u\u017cytkownik produkt\u00f3w zakupionych od edv &amp; cad group i op\u0142aconych w ca\u0142o\u015bci ma prawo do pomocy w ramach umowy serwisowej edv &amp; cad group.edv &amp; cad group<br\/>U\u017cytkownicy, kt\u00f3rzy nie maj\u0105 abonamentu na wsparcie techniczne, nie s\u0105 uprawnieni do bezp\u0142atnego wsparcia.<\/p>\n\n<h2 class=\"wp-block-heading\">\u00a713 Miejsce wykonania zobowi\u0105zania, w\u0142a\u015bciwo\u015b\u0107 miejscowa s\u0105du<\/h2>\n\n<p>Miejscem wykonania i jurysdykcji jest siedziba edv &amp; cad group.<\/p>\n\n<h2 class=\"wp-block-heading\">\u00a714 Skuteczno\u015b\u0107<\/h2>\n\n<p>W przypadku, gdy niekt\u00f3re z powy\u017cszych warunk\u00f3w s\u0105 prawnie niewa\u017cne, wa\u017cno\u015b\u0107 pozosta\u0142ych warunk\u00f3w pozostaje nienaruszona.<\/p>\n\n<h2 class=\"wp-block-heading\">\u00a715 Definicja serwisu i strony internetowej<\/h2>\n\n<p>W dalszej cz\u0119\u015bci strona internetowa odnosi si\u0119 do zawarto\u015bci pliku HTML (ko\u0144cz\u0105cego si\u0119 na .htm lub .html).<br\/>Obejmuje to nie tylko tekst wy\u015bwietlany przez przegl\u0105darki internetowe, ale tak\u017ce wszelk\u0105 inn\u0105 zawarto\u015b\u0107 pliku, w szczeg\u00f3lno\u015bci funkcje formatowania, odwo\u0142ania do arkuszy styl\u00f3w (pliki ko\u0144cz\u0105 si\u0119 na .css) i skrypty (pliki ko\u0144cz\u0105 si\u0119 na .js).<br\/>Witryna internetowa odnosi si\u0119 do ca\u0142o\u015bci wszystkich stron internetowych i ich struktury.<\/p>\n\n<h2 class=\"wp-block-heading\">\u00a716 Odpowiedzialno\u015b\u0107 za informacje publikowane przez edv &amp; cad group<\/h2>\n\n<p>Informacje o produktach i us\u0142ugach zosta\u0142y opracowane zgodnie z nasz\u0105 najlepsz\u0105 wiedz\u0105 i przekonaniem. Opieraj\u0105 si\u0119 one na danych dostarczonych przez producent\u00f3w lub zaczerpni\u0119tych z dokumentacji produktu. Nie mo\u017cna zagwarantowa\u0107 poprawno\u015bci i aktualno\u015bci tych informacji. Maksymalna kwota odpowiedzialno\u015bci ze strony edv &amp; cad group jest ograniczona do warto\u015bci produktu lub us\u0142ugi op\u0142aconej za dane zam\u00f3wienie. Wszelka dalsza odpowiedzialno\u015b\u0107 jest wykluczona.<\/p>\n\n<h2 class=\"wp-block-heading\">\u00a717 Uznanie praw innych sp\u00f3\u0142ek<\/h2>\n\n<p>Uznaje si\u0119 prawa firm do marek i znak\u00f3w towarowych u\u017cywanych przez edv &amp; cad group grup\u0119 edv &amp; cad lub okre\u015blanych jako edv &amp; cad group.<\/p>\n\n<h2 class=\"wp-block-heading\">\u00a718 Informacja o prawach autorskich<\/h2>\n\n<p>Strony internetowe edv &amp; cad group podlegaj\u0105 prawu autorskiemu. Publikacje, nawet fragmenty, s\u0105 dozwolone tylko za pisemn\u0105 zgod\u0105 edv &amp; cad group .<\/p>\n","protected":false},"excerpt":{"rendered":"<p>S\u0105 to og\u00f3lne warunki handlowe Grupy EDV &amp; CAD. Stan na kwiecie\u0144 2020 r. \u00a71 Podstawa prawna Podstaw\u0105 prawn\u0105 wszystkich ofert, us\u0142ug i dostaw edv &amp; cad group s\u0105 odpowiednie ustawy i rozporz\u0105dzenia Republiki Federalnej Niemiec oraz niniejsze Og\u00f3lne Warunki Handlowe. Umowy odbiegaj\u0105ce od niniejszych warunk\u00f3w wymagaj\u0105 pisemnego potwierdzenia edv &amp; cad group. \u00a72 Oferty [&hellip;]<\/p>\n","protected":false},"author":1,"featured_media":0,"parent":0,"menu_order":0,"comment_status":"closed","ping_status":"closed","template":"","meta":{"ocean_post_layout":"","ocean_both_sidebars_style":"","ocean_both_sidebars_content_width":0,"ocean_both_sidebars_sidebars_width":0,"ocean_sidebar":"0","ocean_second_sidebar":"0","ocean_disable_margins":"enable","ocean_add_body_class":"","ocean_shortcode_before_top_bar":"","ocean_shortcode_after_top_bar":"","ocean_shortcode_before_header":"","ocean_shortcode_after_header":"","ocean_has_shortcode":"","ocean_shortcode_after_title":"","ocean_shortcode_before_footer_widgets":"","ocean_shortcode_after_footer_widgets":"","ocean_shortcode_before_footer_bottom":"","ocean_shortcode_after_footer_bottom":"","ocean_display_top_bar":"default","ocean_display_header":"default","ocean_header_style":"","ocean_center_header_left_menu":"0","ocean_custom_header_template":"0","ocean_custom_logo":0,"ocean_custom_retina_logo":0,"ocean_custom_logo_max_width":0,"ocean_custom_logo_tablet_max_width":0,"ocean_custom_logo_mobile_max_width":0,"ocean_custom_logo_max_height":0,"ocean_custom_logo_tablet_max_height":0,"ocean_custom_logo_mobile_max_height":0,"ocean_header_custom_menu":"0","ocean_menu_typo_font_family":"0","ocean_menu_typo_font_subset":"","ocean_menu_typo_font_size":0,"ocean_menu_typo_font_size_tablet":0,"ocean_menu_typo_font_size_mobile":0,"ocean_menu_typo_font_size_unit":"px","ocean_menu_typo_font_weight":"","ocean_menu_typo_font_weight_tablet":"","ocean_menu_typo_font_weight_mobile":"","ocean_menu_typo_transform":"","ocean_menu_typo_transform_tablet":"","ocean_menu_typo_transform_mobile":"","ocean_menu_typo_line_height":0,"ocean_menu_typo_line_height_tablet":0,"ocean_menu_typo_line_height_mobile":0,"ocean_menu_typo_line_height_unit":"","ocean_menu_typo_spacing":0,"ocean_menu_typo_spacing_tablet":0,"ocean_menu_typo_spacing_mobile":0,"ocean_menu_typo_spacing_unit":"","ocean_menu_link_color":"","ocean_menu_link_color_hover":"","ocean_menu_link_color_active":"","ocean_menu_link_background":"","ocean_menu_link_hover_background":"","ocean_menu_link_active_background":"","ocean_menu_social_links_bg":"","ocean_menu_social_hover_links_bg":"","ocean_menu_social_links_color":"","ocean_menu_social_hover_links_color":"","ocean_disable_title":"default","ocean_disable_heading":"default","ocean_post_title":"","ocean_post_subheading":"","ocean_post_title_style":"","ocean_post_title_background_color":"","ocean_post_title_background":0,"ocean_post_title_bg_image_position":"","ocean_post_title_bg_image_attachment":"","ocean_post_title_bg_image_repeat":"","ocean_post_title_bg_image_size":"","ocean_post_title_height":0,"ocean_post_title_bg_overlay":0.5,"ocean_post_title_bg_overlay_color":"","ocean_disable_breadcrumbs":"default","ocean_breadcrumbs_color":"","ocean_breadcrumbs_separator_color":"","ocean_breadcrumbs_links_color":"","ocean_breadcrumbs_links_hover_color":"","ocean_display_footer_widgets":"default","ocean_display_footer_bottom":"default","ocean_custom_footer_template":"0","footnotes":""},"class_list":["post-6889","page","type-page","status-publish","hentry","entry"],"_links":{"self":[{"href":"https:\/\/edv-cad.de\/pl\/wp-json\/wp\/v2\/pages\/6889","targetHints":{"allow":["GET"]}}],"collection":[{"href":"https:\/\/edv-cad.de\/pl\/wp-json\/wp\/v2\/pages"}],"about":[{"href":"https:\/\/edv-cad.de\/pl\/wp-json\/wp\/v2\/types\/page"}],"author":[{"embeddable":true,"href":"https:\/\/edv-cad.de\/pl\/wp-json\/wp\/v2\/users\/1"}],"replies":[{"embeddable":true,"href":"https:\/\/edv-cad.de\/pl\/wp-json\/wp\/v2\/comments?post=6889"}],"version-history":[{"count":0,"href":"https:\/\/edv-cad.de\/pl\/wp-json\/wp\/v2\/pages\/6889\/revisions"}],"wp:attachment":[{"href":"https:\/\/edv-cad.de\/pl\/wp-json\/wp\/v2\/media?parent=6889"}],"curies":[{"name":"wp","href":"https:\/\/api.w.org\/{rel}","templated":true}]}}