{"id":7140,"date":"2021-12-17T11:02:55","date_gmt":"2021-12-17T10:02:55","guid":{"rendered":"https:\/\/edv-cad.de\/kontakt\/wsparcie\/"},"modified":"2025-04-14T13:22:26","modified_gmt":"2025-04-14T11:22:26","slug":"wsparcie","status":"publish","type":"page","link":"https:\/\/edv-cad.de\/pl\/kontakt\/wsparcie\/","title":{"rendered":"Wsparcie"},"content":{"rendered":"\n<h2 class=\"wp-block-heading\">Popro\u015b o pomoc techniczn\u0105<\/h2>\n\n<p>Masz pytania dotycz\u0105ce funkcji, potrzebujesz pomocy dotycz\u0105cej funkcji, znalaz\u0142e\u015b b\u0142\u0105d? W takim razie wy\u015blij nam wiadomo\u015b\u0107 tutaj lub zadzwo\u0144 do nas bezpo\u015brednio <code><a href=\"tel:\/\/+49%208025%20995969\" target=\"_blank\" rel=\"noreferrer noopener\">+49 8025 995969<\/a><\/code>.<\/p>\n<div class=\"wpforms-container wpforms-container-full\" id=\"wpforms-1505\"><form id=\"wpforms-form-1505\" class=\"wpforms-validate wpforms-form wpforms-ajax-form\" data-formid=\"1505\" method=\"post\" enctype=\"multipart\/form-data\" action=\"\/pl\/wp-json\/wp\/v2\/pages\/7140\" data-token=\"dc2d63ce855615de7d88ba9927cfc891\" data-token-time=\"1777102923\"><noscript class=\"wpforms-error-noscript\">Aby wype\u0142ni\u0107 ten formularz, w\u0142\u0105cz obs\u0142ug\u0119 JavaScript w przegl\u0105darce.<\/noscript><div class=\"wpforms-field-container\"><div id=\"wpforms-1505-field_19-container\" class=\"wpforms-field wpforms-field-name\" data-field-id=\"19\"><label class=\"wpforms-field-label\">Name <span class=\"wpforms-required-label\">*<\/span><\/label><div class=\"wpforms-field-row wpforms-field-medium\"><div class=\"wpforms-field-row-block wpforms-first wpforms-one-half\"><input type=\"text\" id=\"wpforms-1505-field_19\" class=\"wpforms-field-name-first wpforms-field-required\" name=\"wpforms[fields][19][first]\" required><label for=\"wpforms-1505-field_19\" class=\"wpforms-field-sublabel after\">Imi\u0119<\/label><\/div><div class=\"wpforms-field-row-block wpforms-one-half\"><input type=\"text\" id=\"wpforms-1505-field_19-last\" class=\"wpforms-field-name-last wpforms-field-required\" name=\"wpforms[fields][19][last]\" required><label for=\"wpforms-1505-field_19-last\" class=\"wpforms-field-sublabel after\">Nazwisko<\/label><\/div><\/div><\/div><div id=\"wpforms-1505-field_3-container\" class=\"wpforms-field wpforms-field-text\" data-field-id=\"3\"><label class=\"wpforms-field-label\" for=\"wpforms-1505-field_3\">Firma<\/label><input type=\"text\" id=\"wpforms-1505-field_3\" class=\"wpforms-field-medium\" name=\"wpforms[fields][3]\" ><\/div><div id=\"wpforms-1505-field_14-container\" class=\"wpforms-field wpforms-field-email\" data-field-id=\"14\"><label class=\"wpforms-field-label\" for=\"wpforms-1505-field_14\">E-Mail <span class=\"wpforms-required-label\">*<\/span><\/label><input type=\"email\" id=\"wpforms-1505-field_14\" class=\"wpforms-field-medium wpforms-field-required\" name=\"wpforms[fields][14]\" spellcheck=\"false\" required><\/div><div id=\"wpforms-1505-field_15-container\" class=\"wpforms-field wpforms-field-text\" data-field-id=\"15\"><label class=\"wpforms-field-label\" for=\"wpforms-1505-field_15\">Telefon<\/label><input type=\"text\" id=\"wpforms-1505-field_15\" class=\"wpforms-field-medium\" name=\"wpforms[fields][15]\" ><\/div><div id=\"wpforms-1505-field_16-container\" class=\"wpforms-field wpforms-field-select wpforms-field-select-style-classic\" data-field-id=\"16\"><label class=\"wpforms-field-label\" for=\"wpforms-1505-field_16\">Temat <span class=\"wpforms-required-label\">*<\/span><\/label><select id=\"wpforms-1505-field_16\" class=\"wpforms-field-medium wpforms-field-required\" name=\"wpforms[fields][16]\" required=\"required\"><option value=\"Wsparcie w og\u00f3le\"  class=\"choice-1 depth-1\"  >Wsparcie w og\u00f3le<\/option><option value=\"Zg\u0142o\u015b problem\"  class=\"choice-2 depth-1\"  >Zg\u0142o\u015b problem<\/option><option value=\"Popro\u015b o funkcj\u0119\"  class=\"choice-5 depth-1\"  >Popro\u015b o funkcj\u0119<\/option><option value=\"Sonstiges\"  class=\"choice-3 depth-1\"  >Sonstiges<\/option><\/select><\/div><div id=\"wpforms-1505-field_18-container\" class=\"wpforms-field wpforms-field-checkbox wpforms-list-2-columns\" data-field-id=\"18\"><label class=\"wpforms-field-label\">Produktu<\/label><ul id=\"wpforms-1505-field_18\"><li class=\"choice-1 depth-1\"><input type=\"checkbox\" id=\"wpforms-1505-field_18_1\" name=\"wpforms[fields][18][]\" value=\"Vectorworks\"  ><label class=\"wpforms-field-label-inline\" for=\"wpforms-1505-field_18_1\">Vectorworks<\/label><\/li><li class=\"choice-2 depth-1\"><input type=\"checkbox\" id=\"wpforms-1505-field_18_2\" name=\"wpforms[fields][18][]\" value=\"ElementsCAD\"  ><label class=\"wpforms-field-label-inline\" for=\"wpforms-1505-field_18_2\">ElementsCAD<\/label><\/li><li class=\"choice-4 depth-1\"><input type=\"checkbox\" id=\"wpforms-1505-field_18_4\" name=\"wpforms[fields][18][]\" value=\"ElementsCAM\"  ><label class=\"wpforms-field-label-inline\" for=\"wpforms-1505-field_18_4\">ElementsCAM<\/label><\/li><li class=\"choice-6 depth-1\"><input type=\"checkbox\" id=\"wpforms-1505-field_18_6\" name=\"wpforms[fields][18][]\" value=\"ElementsOPT\"  ><label class=\"wpforms-field-label-inline\" for=\"wpforms-1505-field_18_6\">ElementsOPT<\/label><\/li><li class=\"choice-5 depth-1\"><input type=\"checkbox\" id=\"wpforms-1505-field_18_5\" name=\"wpforms[fields][18][]\" value=\"ElementsAV\"  ><label class=\"wpforms-field-label-inline\" for=\"wpforms-1505-field_18_5\">ElementsAV<\/label><\/li><\/ul><\/div><div id=\"wpforms-1505-field_12-container\" class=\"wpforms-field wpforms-field-textarea\" data-field-id=\"12\"><label class=\"wpforms-field-label\" for=\"wpforms-1505-field_12\">Komunikat <span class=\"wpforms-required-label\">*<\/span><\/label><textarea id=\"wpforms-1505-field_12\" class=\"wpforms-field-medium wpforms-field-required\" name=\"wpforms[fields][12]\" required><\/textarea><\/div><div id=\"wpforms-1505-field_20-container\" class=\"wpforms-field wpforms-field-gdpr-checkbox\" data-field-id=\"20\"><label class=\"wpforms-field-label\">Zgoda RODO <span class=\"wpforms-required-label\">*<\/span><\/label><ul id=\"wpforms-1505-field_20\" class=\"wpforms-field-required\"><li class=\"choice-1\"><input type=\"checkbox\" id=\"wpforms-1505-field_20_1\" name=\"wpforms[fields][20][]\" value=\"Wyra\u017cam zgod\u0119 na przetwarzanie moich danych osobowych zgodnie z &lt;a href=&quot;https:\/\/edv-cad.de\/datenschutz\/&quot;&gt;polityk\u0105 prywatno\u015bci.&lt;\/a&gt; W ka\u017cdej chwili mog\u0119 odwo\u0142a\u0107 swoj\u0105 zgod\u0119.\" required ><label class=\"wpforms-field-label-inline\" for=\"wpforms-1505-field_20_1\">Wyra\u017cam zgod\u0119 na przetwarzanie moich danych osobowych zgodnie z <a href=\"https:\/\/edv-cad.de\/datenschutz\/\">polityk\u0105 prywatno\u015bci.<\/a> W ka\u017cdej chwili mog\u0119 odwo\u0142a\u0107 swoj\u0105 zgod\u0119.<\/label><\/li><\/ul><\/div><\/div><!-- .wpforms-field-container --><div class=\"wpforms-recaptcha-container wpforms-is-hcaptcha\" ><div class=\"h-captcha\" data-sitekey=\"d4c74407-c955-4742-a8c2-0614cb46f4b4\"><\/div><input type=\"text\" name=\"g-recaptcha-hidden\" class=\"wpforms-recaptcha-hidden\" style=\"position:absolute!important;clip:rect(0,0,0,0)!important;height:1px!important;width:1px!important;border:0!important;overflow:hidden!important;padding:0!important;margin:0!important;\" data-rule-hcaptcha=\"1\"><\/div><div class=\"wpforms-submit-container\" ><input type=\"hidden\" name=\"wpforms[id]\" value=\"1505\"><input type=\"hidden\" name=\"page_title\" value=\"\"><input type=\"hidden\" name=\"page_url\" value=\"https:\/\/edv-cad.de\/pl\/wp-json\/wp\/v2\/pages\/7140\"><input type=\"hidden\" name=\"url_referer\" value=\"\"><button type=\"submit\" name=\"wpforms[submit]\" id=\"wpforms-submit-1505\" class=\"wpforms-submit\" data-alt-text=\"Wys\u0142a\u0107\" data-submit-text=\"Wysy\u0142ki\" aria-live=\"assertive\" value=\"wpforms-submit\">Wysy\u0142ki<\/button><img decoding=\"async\" src=\"https:\/\/edv-cad.de\/wp-content\/plugins\/wpforms-lite\/assets\/images\/submit-spin.svg\" class=\"wpforms-submit-spinner\" style=\"display: none;\" width=\"26\" height=\"26\" alt=\"Wczytywanie\" title=\"\"><\/div><\/form><\/div>  <!-- .wpforms-container -->\n","protected":false},"excerpt":{"rendered":"<p>Popro\u015b o pomoc techniczn\u0105 Masz pytania dotycz\u0105ce funkcji, potrzebujesz pomocy dotycz\u0105cej funkcji, znalaz\u0142e\u015b b\u0142\u0105d? W takim razie wy\u015blij nam wiadomo\u015b\u0107 tutaj lub zadzwo\u0144 do nas bezpo\u015brednio +49 8025 995969.<\/p>\n","protected":false},"author":1,"featured_media":0,"parent":7114,"menu_order":0,"comment_status":"closed","ping_status":"closed","template":"","meta":{"ocean_post_layout":"full-width","ocean_both_sidebars_style":"","ocean_both_sidebars_content_width":0,"ocean_both_sidebars_sidebars_width":0,"ocean_sidebar":"0","ocean_second_sidebar":"0","ocean_disable_margins":"enable","ocean_add_body_class":"","ocean_shortcode_before_top_bar":"","ocean_shortcode_after_top_bar":"","ocean_shortcode_before_header":"","ocean_shortcode_after_header":"","ocean_has_shortcode":"","ocean_shortcode_after_title":"","ocean_shortcode_before_footer_widgets":"","ocean_shortcode_after_footer_widgets":"","ocean_shortcode_before_footer_bottom":"","ocean_shortcode_after_footer_bottom":"","ocean_display_top_bar":"default","ocean_display_header":"default","ocean_header_style":"","ocean_center_header_left_menu":"0","ocean_custom_header_template":"0","ocean_custom_logo":0,"ocean_custom_retina_logo":0,"ocean_custom_logo_max_width":0,"ocean_custom_logo_tablet_max_width":0,"ocean_custom_logo_mobile_max_width":0,"ocean_custom_logo_max_height":0,"ocean_custom_logo_tablet_max_height":0,"ocean_custom_logo_mobile_max_height":0,"ocean_header_custom_menu":"0","ocean_menu_typo_font_family":"0","ocean_menu_typo_font_subset":"","ocean_menu_typo_font_size":0,"ocean_menu_typo_font_size_tablet":0,"ocean_menu_typo_font_size_mobile":0,"ocean_menu_typo_font_size_unit":"px","ocean_menu_typo_font_weight":"","ocean_menu_typo_font_weight_tablet":"","ocean_menu_typo_font_weight_mobile":"","ocean_menu_typo_transform":"","ocean_menu_typo_transform_tablet":"","ocean_menu_typo_transform_mobile":"","ocean_menu_typo_line_height":0,"ocean_menu_typo_line_height_tablet":0,"ocean_menu_typo_line_height_mobile":0,"ocean_menu_typo_line_height_unit":"","ocean_menu_typo_spacing":0,"ocean_menu_typo_spacing_tablet":0,"ocean_menu_typo_spacing_mobile":0,"ocean_menu_typo_spacing_unit":"","ocean_menu_link_color":"","ocean_menu_link_color_hover":"","ocean_menu_link_color_active":"","ocean_menu_link_background":"","ocean_menu_link_hover_background":"","ocean_menu_link_active_background":"","ocean_menu_social_links_bg":"","ocean_menu_social_hover_links_bg":"","ocean_menu_social_links_color":"","ocean_menu_social_hover_links_color":"","ocean_disable_title":"default","ocean_disable_heading":"default","ocean_post_title":"","ocean_post_subheading":"","ocean_post_title_style":"","ocean_post_title_background_color":"","ocean_post_title_background":0,"ocean_post_title_bg_image_position":"","ocean_post_title_bg_image_attachment":"","ocean_post_title_bg_image_repeat":"","ocean_post_title_bg_image_size":"","ocean_post_title_height":0,"ocean_post_title_bg_overlay":0.5,"ocean_post_title_bg_overlay_color":"","ocean_disable_breadcrumbs":"default","ocean_breadcrumbs_color":"","ocean_breadcrumbs_separator_color":"","ocean_breadcrumbs_links_color":"","ocean_breadcrumbs_links_hover_color":"","ocean_display_footer_widgets":"default","ocean_display_footer_bottom":"default","ocean_custom_footer_template":"0","footnotes":""},"class_list":["post-7140","page","type-page","status-publish","hentry","entry"],"_links":{"self":[{"href":"https:\/\/edv-cad.de\/pl\/wp-json\/wp\/v2\/pages\/7140","targetHints":{"allow":["GET"]}}],"collection":[{"href":"https:\/\/edv-cad.de\/pl\/wp-json\/wp\/v2\/pages"}],"about":[{"href":"https:\/\/edv-cad.de\/pl\/wp-json\/wp\/v2\/types\/page"}],"author":[{"embeddable":true,"href":"https:\/\/edv-cad.de\/pl\/wp-json\/wp\/v2\/users\/1"}],"replies":[{"embeddable":true,"href":"https:\/\/edv-cad.de\/pl\/wp-json\/wp\/v2\/comments?post=7140"}],"version-history":[{"count":2,"href":"https:\/\/edv-cad.de\/pl\/wp-json\/wp\/v2\/pages\/7140\/revisions"}],"predecessor-version":[{"id":9958,"href":"https:\/\/edv-cad.de\/pl\/wp-json\/wp\/v2\/pages\/7140\/revisions\/9958"}],"up":[{"embeddable":true,"href":"https:\/\/edv-cad.de\/pl\/wp-json\/wp\/v2\/pages\/7114"}],"wp:attachment":[{"href":"https:\/\/edv-cad.de\/pl\/wp-json\/wp\/v2\/media?parent=7140"}],"curies":[{"name":"wp","href":"https:\/\/api.w.org\/{rel}","templated":true}]}}