{"id":7084,"date":"2021-11-30T10:26:57","date_gmt":"2021-11-30T09:26:57","guid":{"rendered":"https:\/\/edv-cad.de\/impressao\/"},"modified":"2025-01-08T18:14:17","modified_gmt":"2025-01-08T17:14:17","slug":"impressao","status":"publish","type":"page","link":"https:\/\/edv-cad.de\/pt-br\/impressao\/","title":{"rendered":"Impress\u00e3o"},"content":{"rendered":"\n<p>Esta \u00e9 a nossa marca. Aqui voc\u00ea encontrar\u00e1 todas as informa\u00e7\u00f5es relevantes e legais sobre a identifica\u00e7\u00e3o do nosso provedor.<\/p>\n\n<h2 class=\"wp-block-heading\">Informa\u00e7\u00f5es de acordo com o \u00a7 5 TMG<\/h2>\n\n<p>edv &amp; cad group<br\/>Linden 4<br\/>83052 Bruckm\u00fchl<br\/>Alemanha<\/p>\n\n<h2 class=\"wp-block-heading\">Contato<\/h2>\n\n<p>Telefone: <a href=\"http:\/\/tel:008025995969\/\">+49 (0)8025 995969<\/a><br\/><\/p>\n\n<p><a href=\"mailto:info@edv-cad.de\">info@edv-cad.de<\/a> ou <a href=\"https:\/\/edv-cad.de\/pt-br\/contato\/\" type=\"page\" id=\"15\">formul\u00e1rio de contato nesta p\u00e1gina<\/a><\/p>\n\n<h2 class=\"wp-block-heading\">Respons\u00e1vel pelo conte\u00fado de acordo com o \u00a7 55 Abs. 2 RStV<\/h2>\n\n<p>Hannes Ellmeier<\/p>\n\n<h2 class=\"wp-block-heading\">Resolu\u00e7\u00e3o de lit\u00edgios na UE<\/h2>\n\n<p>A Comiss\u00e3o Europeia fornece uma plataforma para resolu\u00e7\u00e3o de disputas online (ODR): <a href=\"https:\/\/ec.europa.eu\/consumers\/odr\/main\/index.cfm\" target=\"_blank\" rel=\"noreferrer noopener\">https:\/\/ec.europa.eu\/consumers\/odr\/main\/index.cfm<\/a><br\/>Voc\u00ea pode encontrar nosso endere\u00e7o de e-mail na impress\u00e3o acima.<\/p>\n\n<h2 class=\"wp-block-heading\">Resolu\u00e7\u00e3o de Conflitos de Consumo \/ C\u00e2mara de Arbitragem Universal<\/h2>\n\n<p>N\u00e3o estamos dispostos ou obrigados a participar em processos de resolu\u00e7\u00e3o de lit\u00edgios perante um conselho de arbitragem de consumidores.<\/p>\n\n<h2 class=\"wp-block-heading\">Responsabilidade pelo conte\u00fado<\/h2>\n\n<p>Como prestador de servi\u00e7os, somos obrigados a cumprir o \u00a7 7, par\u00e1grafo 1 A TMG \u00e9 respons\u00e1vel pelo seu pr\u00f3prio conte\u00fado nestas p\u00e1ginas de acordo com as leis gerais. No entanto, de acordo com os \u00a7\u00a7 8 a 10 da TMG, n\u00f3s, como provedor de servi\u00e7os, n\u00e3o somos obrigados a monitorar informa\u00e7\u00f5es de terceiros transmitidas ou armazenadas ou a investigar circunst\u00e2ncias que indiquem atividade ilegal.<\/p>\n\n<p>As obriga\u00e7\u00f5es de remover ou bloquear o uso de informa\u00e7\u00f5es de acordo com as leis gerais permanecem inalteradas. No entanto, a responsabilidade a este respeito s\u00f3 \u00e9 poss\u00edvel a partir do momento em que se tem conhecimento de uma infrac\u00e7\u00e3o espec\u00edfica. Se tomarmos conhecimento de tais viola\u00e7\u00f5es, removeremos esse conte\u00fado imediatamente. As obriga\u00e7\u00f5es de remover ou bloquear o uso de informa\u00e7\u00f5es de acordo com as leis gerais permanecem inalteradas. No entanto, a responsabilidade a este respeito s\u00f3 \u00e9 poss\u00edvel a partir do momento em que se tem conhecimento de uma infrac\u00e7\u00e3o espec\u00edfica. Se tomarmos conhecimento de tais viola\u00e7\u00f5es, removeremos esse conte\u00fado imediatamente.<\/p>\n\n<h2 class=\"wp-block-heading\">Responsabilidade por links<\/h2>\n\n<p>Nosso site cont\u00e9m links para sites externos de terceiros, cujo conte\u00fado n\u00e3o temos influ\u00eancia. Portanto, n\u00e3o podemos assumir qualquer responsabilidade por esses conte\u00fados de terceiros. O respectivo provedor ou operador das p\u00e1ginas \u00e9 sempre respons\u00e1vel pelo conte\u00fado das p\u00e1ginas vinculadas. As p\u00e1ginas vinculadas foram verificadas quanto a poss\u00edveis viola\u00e7\u00f5es legais no momento da vincula\u00e7\u00e3o. O conte\u00fado ilegal n\u00e3o era reconhec\u00edvel no momento da vincula\u00e7\u00e3o.<\/p>\n\n<p>No entanto, um controle permanente do conte\u00fado das p\u00e1ginas vinculadas n\u00e3o \u00e9 razo\u00e1vel sem ind\u00edcios concretos de viola\u00e7\u00e3o da lei. Se tomarmos conhecimento de quaisquer viola\u00e7\u00f5es legais, removeremos esses links imediatamente.<\/p>\n\n<h2 class=\"wp-block-heading\">Direitos autorais<\/h2>\n\n<p>O conte\u00fado e os trabalhos criados pelos operadores do site nestas p\u00e1ginas est\u00e3o sujeitos \u00e0 lei alem\u00e3 de direitos autorais. A reprodu\u00e7\u00e3o, edi\u00e7\u00e3o, distribui\u00e7\u00e3o e qualquer tipo de explora\u00e7\u00e3o fora dos limites da lei de direitos autorais requerem o consentimento por escrito do respectivo autor ou criador. Na medida em que o conte\u00fado desta p\u00e1gina n\u00e3o tenha sido criado pelo operador, os direitos autorais de terceiros s\u00e3o observados. Em particular, o conte\u00fado de terceiros ser\u00e1 marcado como tal. Se, no entanto, tomar conhecimento de uma viola\u00e7\u00e3o de direitos autorais, informe-nos em conformidade. Se tomarmos conhecimento de quaisquer viola\u00e7\u00f5es legais, removeremos esse conte\u00fado imediatamente.<\/p>\n","protected":false},"excerpt":{"rendered":"<p>Esta \u00e9 a nossa marca. Aqui voc\u00ea encontrar\u00e1 todas as informa\u00e7\u00f5es relevantes e legais sobre a identifica\u00e7\u00e3o do nosso provedor. Informa\u00e7\u00f5es de acordo com o \u00a7 5 TMG edv &amp; cad groupLinden 483052 Bruckm\u00fchlAlemanha Contato Telefone: +49 (0)8025 995969 info@edv-cad.de ou formul\u00e1rio de contato nesta p\u00e1gina Respons\u00e1vel pelo conte\u00fado de acordo com o \u00a7 55 [&hellip;]<\/p>\n","protected":false},"author":1,"featured_media":0,"parent":0,"menu_order":0,"comment_status":"closed","ping_status":"closed","template":"","meta":{"ocean_post_layout":"","ocean_both_sidebars_style":"","ocean_both_sidebars_content_width":0,"ocean_both_sidebars_sidebars_width":0,"ocean_sidebar":"0","ocean_second_sidebar":"0","ocean_disable_margins":"enable","ocean_add_body_class":"","ocean_shortcode_before_top_bar":"","ocean_shortcode_after_top_bar":"","ocean_shortcode_before_header":"","ocean_shortcode_after_header":"","ocean_has_shortcode":"","ocean_shortcode_after_title":"","ocean_shortcode_before_footer_widgets":"","ocean_shortcode_after_footer_widgets":"","ocean_shortcode_before_footer_bottom":"","ocean_shortcode_after_footer_bottom":"","ocean_display_top_bar":"default","ocean_display_header":"default","ocean_header_style":"","ocean_center_header_left_menu":"0","ocean_custom_header_template":"0","ocean_custom_logo":0,"ocean_custom_retina_logo":0,"ocean_custom_logo_max_width":0,"ocean_custom_logo_tablet_max_width":0,"ocean_custom_logo_mobile_max_width":0,"ocean_custom_logo_max_height":0,"ocean_custom_logo_tablet_max_height":0,"ocean_custom_logo_mobile_max_height":0,"ocean_header_custom_menu":"0","ocean_menu_typo_font_family":"0","ocean_menu_typo_font_subset":"","ocean_menu_typo_font_size":0,"ocean_menu_typo_font_size_tablet":0,"ocean_menu_typo_font_size_mobile":0,"ocean_menu_typo_font_size_unit":"px","ocean_menu_typo_font_weight":"","ocean_menu_typo_font_weight_tablet":"","ocean_menu_typo_font_weight_mobile":"","ocean_menu_typo_transform":"","ocean_menu_typo_transform_tablet":"","ocean_menu_typo_transform_mobile":"","ocean_menu_typo_line_height":0,"ocean_menu_typo_line_height_tablet":0,"ocean_menu_typo_line_height_mobile":0,"ocean_menu_typo_line_height_unit":"","ocean_menu_typo_spacing":0,"ocean_menu_typo_spacing_tablet":0,"ocean_menu_typo_spacing_mobile":0,"ocean_menu_typo_spacing_unit":"","ocean_menu_link_color":"","ocean_menu_link_color_hover":"","ocean_menu_link_color_active":"","ocean_menu_link_background":"","ocean_menu_link_hover_background":"","ocean_menu_link_active_background":"","ocean_menu_social_links_bg":"","ocean_menu_social_hover_links_bg":"","ocean_menu_social_links_color":"","ocean_menu_social_hover_links_color":"","ocean_disable_title":"default","ocean_disable_heading":"default","ocean_post_title":"","ocean_post_subheading":"","ocean_post_title_style":"","ocean_post_title_background_color":"","ocean_post_title_background":0,"ocean_post_title_bg_image_position":"","ocean_post_title_bg_image_attachment":"","ocean_post_title_bg_image_repeat":"","ocean_post_title_bg_image_size":"","ocean_post_title_height":0,"ocean_post_title_bg_overlay":0.5,"ocean_post_title_bg_overlay_color":"","ocean_disable_breadcrumbs":"default","ocean_breadcrumbs_color":"","ocean_breadcrumbs_separator_color":"","ocean_breadcrumbs_links_color":"","ocean_breadcrumbs_links_hover_color":"","ocean_display_footer_widgets":"default","ocean_display_footer_bottom":"default","ocean_custom_footer_template":"0","footnotes":""},"class_list":["post-7084","page","type-page","status-publish","hentry","entry"],"_links":{"self":[{"href":"https:\/\/edv-cad.de\/pt-br\/wp-json\/wp\/v2\/pages\/7084","targetHints":{"allow":["GET"]}}],"collection":[{"href":"https:\/\/edv-cad.de\/pt-br\/wp-json\/wp\/v2\/pages"}],"about":[{"href":"https:\/\/edv-cad.de\/pt-br\/wp-json\/wp\/v2\/types\/page"}],"author":[{"embeddable":true,"href":"https:\/\/edv-cad.de\/pt-br\/wp-json\/wp\/v2\/users\/1"}],"replies":[{"embeddable":true,"href":"https:\/\/edv-cad.de\/pt-br\/wp-json\/wp\/v2\/comments?post=7084"}],"version-history":[{"count":8,"href":"https:\/\/edv-cad.de\/pt-br\/wp-json\/wp\/v2\/pages\/7084\/revisions"}],"predecessor-version":[{"id":9936,"href":"https:\/\/edv-cad.de\/pt-br\/wp-json\/wp\/v2\/pages\/7084\/revisions\/9936"}],"wp:attachment":[{"href":"https:\/\/edv-cad.de\/pt-br\/wp-json\/wp\/v2\/media?parent=7084"}],"curies":[{"name":"wp","href":"https:\/\/api.w.org\/{rel}","templated":true}]}}