{"id":8324,"date":"2022-06-30T09:51:28","date_gmt":"2022-06-30T07:51:28","guid":{"rendered":"https:\/\/edv-cad.de\/fundamentos-do-vectorworks\/"},"modified":"2024-02-03T03:56:45","modified_gmt":"2024-02-03T02:56:45","slug":"fundamentos-do-vectorworks","status":"publish","type":"page","link":"https:\/\/edv-cad.de\/pt-br\/vectorworks\/fundamentos-do-vectorworks\/","title":{"rendered":"Vectorworks Fundamentos"},"content":{"rendered":"\t\t<div data-elementor-type=\"wp-page\" data-elementor-id=\"8324\" class=\"elementor elementor-8324 elementor-3941\" data-elementor-post-type=\"page\">\n\t\t\t\t\t\t<section class=\"elementor-section elementor-top-section elementor-element elementor-element-edbe20d elementor-section-full_width elementor-section-height-min-height elementor-section-height-default elementor-section-items-middle\" data-id=\"edbe20d\" data-element_type=\"section\" data-e-type=\"section\" data-settings=\"{&quot;background_background&quot;:&quot;classic&quot;}\">\n\t\t\t\t\t\t<div class=\"elementor-container elementor-column-gap-default\">\n\t\t\t\t\t<div class=\"elementor-column elementor-col-50 elementor-top-column elementor-element elementor-element-cc6ac31\" data-id=\"cc6ac31\" data-element_type=\"column\" data-e-type=\"column\" data-settings=\"{&quot;background_background&quot;:&quot;classic&quot;}\">\n\t\t\t<div class=\"elementor-widget-wrap elementor-element-populated\">\n\t\t\t\t\t\t<div class=\"elementor-element elementor-element-95abf19 elementor-widget elementor-widget-image\" data-id=\"95abf19\" data-element_type=\"widget\" data-e-type=\"widget\" data-widget_type=\"image.default\">\n\t\t\t\t<div class=\"elementor-widget-container\">\n\t\t\t\t\t\t\t\t\t\t\t\t\t\t\t<img fetchpriority=\"high\" decoding=\"async\" width=\"1024\" height=\"184\" src=\"https:\/\/edv-cad.de\/wp-content\/uploads\/2023\/05\/Vectorworks_own-1024x184.png\" class=\"attachment-large size-large wp-image-6839\" alt=\"\" srcset=\"https:\/\/edv-cad.de\/wp-content\/uploads\/2023\/05\/Vectorworks_own-1024x184.png 1024w, https:\/\/edv-cad.de\/wp-content\/uploads\/2023\/05\/Vectorworks_own-300x54.png 300w, https:\/\/edv-cad.de\/wp-content\/uploads\/2023\/05\/Vectorworks_own-768x138.png 768w, https:\/\/edv-cad.de\/wp-content\/uploads\/2023\/05\/Vectorworks_own-1536x276.png 1536w, https:\/\/edv-cad.de\/wp-content\/uploads\/2023\/05\/Vectorworks_own.png 1950w\" sizes=\"(max-width: 1024px) 100vw, 1024px\" title=\"\">\t\t\t\t\t\t\t\t\t\t\t\t\t\t\t<\/div>\n\t\t\t\t<\/div>\n\t\t\t\t<div class=\"elementor-element elementor-element-d7cc86c elementor-widget elementor-widget-heading\" data-id=\"d7cc86c\" data-element_type=\"widget\" data-e-type=\"widget\" data-widget_type=\"heading.default\">\n\t\t\t\t<div class=\"elementor-widget-container\">\n\t\t\t\t\t<h2 class=\"elementor-heading-title elementor-size-default\">Fundamentos<\/h2>\t\t\t\t<\/div>\n\t\t\t\t<\/div>\n\t\t\t\t<div class=\"elementor-element elementor-element-50d292d6 elementor-widget elementor-widget-text-editor\" data-id=\"50d292d6\" data-element_type=\"widget\" data-e-type=\"widget\" data-widget_type=\"text-editor.default\">\n\t\t\t\t<div class=\"elementor-widget-container\">\n\t\t\t\t\t\t\t\t\t<p>A solu\u00e7\u00e3o flex\u00edvel para o seu processo de projeto completo<\/p>\n\t\t\t\t\t\t\t\t<\/div>\n\t\t\t\t<\/div>\n\t\t\t\t<section class=\"elementor-section elementor-inner-section elementor-element elementor-element-deb8c76 elementor-section-boxed elementor-section-height-default elementor-section-height-default\" data-id=\"deb8c76\" data-element_type=\"section\" data-e-type=\"section\">\n\t\t\t\t\t\t<div class=\"elementor-container elementor-column-gap-default\">\n\t\t\t\t\t<div class=\"elementor-column elementor-col-50 elementor-inner-column elementor-element elementor-element-8800371\" data-id=\"8800371\" data-element_type=\"column\" data-e-type=\"column\">\n\t\t\t<div class=\"elementor-widget-wrap elementor-element-populated\">\n\t\t\t\t\t\t<div class=\"elementor-element elementor-element-592cdd4 elementor-align-left elementor-widget elementor-widget-button\" data-id=\"592cdd4\" data-element_type=\"widget\" data-e-type=\"widget\" data-widget_type=\"button.default\">\n\t\t\t\t<div class=\"elementor-widget-container\">\n\t\t\t\t\t\t\t\t\t<div class=\"elementor-button-wrapper\">\n\t\t\t\t\t<a class=\"elementor-button elementor-button-link elementor-size-md elementor-animation-grow\" href=\"https:\/\/edv-cad.de\/pt-br\/contato\/cotacao\/\" target=\"_blank\">\n\t\t\t\t\t\t<span class=\"elementor-button-content-wrapper\">\n\t\t\t\t\t\t\t\t\t<span class=\"elementor-button-text\">Solicite uma demonstra\u00e7\u00e3o<\/span>\n\t\t\t\t\t<\/span>\n\t\t\t\t\t<\/a>\n\t\t\t\t<\/div>\n\t\t\t\t\t\t\t\t<\/div>\n\t\t\t\t<\/div>\n\t\t\t\t\t<\/div>\n\t\t<\/div>\n\t\t\t\t<div class=\"elementor-column elementor-col-50 elementor-inner-column elementor-element elementor-element-3586a53\" data-id=\"3586a53\" data-element_type=\"column\" data-e-type=\"column\">\n\t\t\t<div class=\"elementor-widget-wrap elementor-element-populated\">\n\t\t\t\t\t\t<div class=\"elementor-element elementor-element-a5bf4be elementor-align-left elementor-widget elementor-widget-button\" data-id=\"a5bf4be\" data-element_type=\"widget\" data-e-type=\"widget\" data-widget_type=\"button.default\">\n\t\t\t\t<div class=\"elementor-widget-container\">\n\t\t\t\t\t\t\t\t\t<div class=\"elementor-button-wrapper\">\n\t\t\t\t\t<a class=\"elementor-button elementor-button-link elementor-size-md elementor-animation-grow\" href=\"https:\/\/edv-cad.de\/pt-br\/contato\/cotacao\/\" target=\"_blank\">\n\t\t\t\t\t\t<span class=\"elementor-button-content-wrapper\">\n\t\t\t\t\t\t\t\t\t<span class=\"elementor-button-text\">Solicite a vers\u00e3o completa<\/span>\n\t\t\t\t\t<\/span>\n\t\t\t\t\t<\/a>\n\t\t\t\t<\/div>\n\t\t\t\t\t\t\t\t<\/div>\n\t\t\t\t<\/div>\n\t\t\t\t\t<\/div>\n\t\t<\/div>\n\t\t\t\t\t<\/div>\n\t\t<\/section>\n\t\t\t\t\t<\/div>\n\t\t<\/div>\n\t\t\t\t<div class=\"elementor-column elementor-col-50 elementor-top-column elementor-element elementor-element-3ba25de5\" data-id=\"3ba25de5\" data-element_type=\"column\" data-e-type=\"column\">\n\t\t\t<div class=\"elementor-widget-wrap\">\n\t\t\t\t\t\t\t<\/div>\n\t\t<\/div>\n\t\t\t\t\t<\/div>\n\t\t<\/section>\n\t\t\t\t<section class=\"elementor-section elementor-top-section elementor-element elementor-element-08172b6 elementor-section-boxed elementor-section-height-default elementor-section-height-default\" data-id=\"08172b6\" data-element_type=\"section\" data-e-type=\"section\" data-settings=\"{&quot;background_background&quot;:&quot;classic&quot;}\">\n\t\t\t\t\t\t<div class=\"elementor-container elementor-column-gap-default\">\n\t\t\t\t\t<div class=\"elementor-column elementor-col-100 elementor-top-column elementor-element elementor-element-6a2d3b1\" data-id=\"6a2d3b1\" data-element_type=\"column\" data-e-type=\"column\">\n\t\t\t<div class=\"elementor-widget-wrap elementor-element-populated\">\n\t\t\t\t\t\t<div class=\"elementor-element elementor-element-9b2c1da elementor-widget elementor-widget-text-editor\" data-id=\"9b2c1da\" data-element_type=\"widget\" data-e-type=\"widget\" data-widget_type=\"text-editor.default\">\n\t\t\t\t<div class=\"elementor-widget-container\">\n\t\t\t\t\t\t\t\t\t<p><strong>Vectorworks Fundamentals<\/strong> \u00e9 a vers\u00e3o base internacional para Vectorworks. As fun\u00e7\u00f5es s\u00e3o neutras para a ind\u00fastria e incluem todas as fun\u00e7\u00f5es 2D e 3D para as mais altas exig\u00eancias.<br \/>O ambiente de trabalho Vectorworks Fundamentals pode ser personalizado.<br \/>As vers\u00f5es internacionais s\u00e3o extremamente atrativas, especialmente devido \u00e0 rela\u00e7\u00e3o pre\u00e7o-desempenho muito boa.<br \/><em>Vectorworks Fundamentals<\/em> vem sem um dongel e \u00e9 protegido por n\u00fameros de s\u00e9rie.<\/p>\n\t\t\t\t\t\t\t\t<\/div>\n\t\t\t\t<\/div>\n\t\t\t\t\t<\/div>\n\t\t<\/div>\n\t\t\t\t\t<\/div>\n\t\t<\/section>\n\t\t\t\t<section class=\"elementor-section elementor-top-section elementor-element elementor-element-43221e9 elementor-section-boxed elementor-section-height-default elementor-section-height-default\" data-id=\"43221e9\" data-element_type=\"section\" data-e-type=\"section\">\n\t\t\t\t\t\t<div class=\"elementor-container elementor-column-gap-default\">\n\t\t\t\t\t<div class=\"elementor-column elementor-col-66 elementor-top-column elementor-element elementor-element-96438af\" data-id=\"96438af\" data-element_type=\"column\" data-e-type=\"column\">\n\t\t\t<div class=\"elementor-widget-wrap elementor-element-populated\">\n\t\t\t\t\t\t<div class=\"elementor-element elementor-element-037f0bd elementor-widget elementor-widget-heading\" data-id=\"037f0bd\" data-element_type=\"widget\" data-e-type=\"widget\" data-widget_type=\"heading.default\">\n\t\t\t\t<div class=\"elementor-widget-container\">\n\t\t\t\t\t<h2 class=\"elementor-heading-title elementor-size-default\">Vectorworks Fundamentos - para quem?<\/h2>\t\t\t\t<\/div>\n\t\t\t\t<\/div>\n\t\t\t\t<div class=\"elementor-element elementor-element-994e43e elementor-widget elementor-widget-text-editor\" data-id=\"994e43e\" data-element_type=\"widget\" data-e-type=\"widget\" data-widget_type=\"text-editor.default\">\n\t\t\t\t<div class=\"elementor-widget-container\">\n\t\t\t\t\t\t\t\t\t<p>Vectorworks Fundamentals \u00e9 a solu\u00e7\u00e3o ideal para empresas que precisam de um programa r\u00e1pido de aprendizado para criar desenhos t\u00e9cnicos sem sacrificar o poder de um sistema CAD completo.<\/p>\n\t\t\t\t\t\t\t\t<\/div>\n\t\t\t\t<\/div>\n\t\t\t\t\t<\/div>\n\t\t<\/div>\n\t\t\t\t<div class=\"elementor-column elementor-col-33 elementor-top-column elementor-element elementor-element-837bb8a\" data-id=\"837bb8a\" data-element_type=\"column\" data-e-type=\"column\">\n\t\t\t<div class=\"elementor-widget-wrap elementor-element-populated\">\n\t\t\t\t\t\t<div class=\"elementor-element elementor-element-1c3aef4 elementor-widget elementor-widget-image\" data-id=\"1c3aef4\" data-element_type=\"widget\" data-e-type=\"widget\" data-widget_type=\"image.default\">\n\t\t\t\t<div class=\"elementor-widget-container\">\n\t\t\t\t\t\t\t\t\t\t\t\t\t\t\t<img decoding=\"async\" width=\"348\" height=\"145\" src=\"https:\/\/edv-cad.de\/wp-content\/uploads\/2022\/06\/haus-hochbau-cad-rendering-fotoreal-architektur.jpg\" class=\"attachment-large size-large wp-image-7324\" alt=\"\" srcset=\"https:\/\/edv-cad.de\/wp-content\/uploads\/2022\/06\/haus-hochbau-cad-rendering-fotoreal-architektur.jpg 348w, https:\/\/edv-cad.de\/wp-content\/uploads\/2022\/06\/haus-hochbau-cad-rendering-fotoreal-architektur-300x125.jpg 300w\" sizes=\"(max-width: 348px) 100vw, 348px\" title=\"\">\t\t\t\t\t\t\t\t\t\t\t\t\t\t\t<\/div>\n\t\t\t\t<\/div>\n\t\t\t\t\t<\/div>\n\t\t<\/div>\n\t\t\t\t\t<\/div>\n\t\t<\/section>\n\t\t\t\t<section class=\"elementor-section elementor-top-section elementor-element elementor-element-37f8792 elementor-section-boxed elementor-section-height-default elementor-section-height-default\" data-id=\"37f8792\" data-element_type=\"section\" data-e-type=\"section\" data-settings=\"{&quot;background_background&quot;:&quot;classic&quot;}\">\n\t\t\t\t\t\t<div class=\"elementor-container elementor-column-gap-default\">\n\t\t\t\t\t<div class=\"elementor-column elementor-col-33 elementor-top-column elementor-element elementor-element-bdfbebb\" data-id=\"bdfbebb\" data-element_type=\"column\" data-e-type=\"column\">\n\t\t\t<div class=\"elementor-widget-wrap elementor-element-populated\">\n\t\t\t\t\t\t<div class=\"elementor-element elementor-element-e8d095b elementor-widget elementor-widget-image\" data-id=\"e8d095b\" data-element_type=\"widget\" data-e-type=\"widget\" data-widget_type=\"image.default\">\n\t\t\t\t<div class=\"elementor-widget-container\">\n\t\t\t\t\t\t\t\t\t\t\t\t\t\t\t<img decoding=\"async\" width=\"1024\" height=\"635\" src=\"https:\/\/edv-cad.de\/wp-content\/uploads\/2022\/06\/Vectorworks-2018-deutsch-neuerungen-mehrfenstertechnik-1024x635.jpg\" class=\"attachment-large size-large wp-image-7336\" alt=\"\" srcset=\"https:\/\/edv-cad.de\/wp-content\/uploads\/2022\/06\/Vectorworks-2018-deutsch-neuerungen-mehrfenstertechnik-1024x635.jpg 1024w, https:\/\/edv-cad.de\/wp-content\/uploads\/2022\/06\/Vectorworks-2018-deutsch-neuerungen-mehrfenstertechnik-300x186.jpg 300w, https:\/\/edv-cad.de\/wp-content\/uploads\/2022\/06\/Vectorworks-2018-deutsch-neuerungen-mehrfenstertechnik-768x476.jpg 768w, https:\/\/edv-cad.de\/wp-content\/uploads\/2022\/06\/Vectorworks-2018-deutsch-neuerungen-mehrfenstertechnik-1536x953.jpg 1536w, https:\/\/edv-cad.de\/wp-content\/uploads\/2022\/06\/Vectorworks-2018-deutsch-neuerungen-mehrfenstertechnik.jpg 1678w\" sizes=\"(max-width: 1024px) 100vw, 1024px\" title=\"\">\t\t\t\t\t\t\t\t\t\t\t\t\t\t\t<\/div>\n\t\t\t\t<\/div>\n\t\t\t\t\t<\/div>\n\t\t<\/div>\n\t\t\t\t<div class=\"elementor-column elementor-col-66 elementor-top-column elementor-element elementor-element-e5759ad\" data-id=\"e5759ad\" data-element_type=\"column\" data-e-type=\"column\">\n\t\t\t<div class=\"elementor-widget-wrap elementor-element-populated\">\n\t\t\t\t\t\t<div class=\"elementor-element elementor-element-b10b340 elementor-widget elementor-widget-heading\" data-id=\"b10b340\" data-element_type=\"widget\" data-e-type=\"widget\" data-widget_type=\"heading.default\">\n\t\t\t\t<div class=\"elementor-widget-container\">\n\t\t\t\t\t<h2 class=\"elementor-heading-title elementor-size-default\">Valor imbat\u00edvel para o dinheiro<\/h2>\t\t\t\t<\/div>\n\t\t\t\t<\/div>\n\t\t\t\t<div class=\"elementor-element elementor-element-19d9623 elementor-widget elementor-widget-text-editor\" data-id=\"19d9623\" data-element_type=\"widget\" data-e-type=\"widget\" data-widget_type=\"text-editor.default\">\n\t\t\t\t<div class=\"elementor-widget-container\">\n\t\t\t\t\t\t\t\t\t<div>\n<ul>\n<li dir=\"ltr\" data-angle=\"0\" data-font-name=\"g_font_822_0\" data-canvas-width=\"292.43867300510414\">Efeitos de imagem &#8211; Use Vectorworks como um programa gr\u00e1fico e salve-se Photoshop\u00ae<\/li>\n<li dir=\"ltr\" data-angle=\"0\" data-font-name=\"g_font_822_0\" data-canvas-width=\"292.43867300510414\">Composi\u00e7\u00e3o de imagem r\u00e1pida gra\u00e7as ao suporte ideal para placa gr\u00e1fica e processador<\/li>\n<li dir=\"ltr\" data-angle=\"0\" data-font-name=\"g_font_822_0\" data-canvas-width=\"292.43867300510414\">A tecnologia de v\u00e1rias janelas no Vectorworks mostra v\u00e1rias exibi\u00e7\u00f5es de um modelo ou plano ao mesmo tempo. As altera\u00e7\u00f5es do plano s\u00e3o atualizadas globalmente<\/li>\n<li dir=\"ltr\" data-angle=\"0\" data-font-name=\"g_font_822_0\" data-canvas-width=\"292.43867300510414\">Tabelas significativas com fun\u00e7\u00e3o de exporta\u00e7\u00e3o<\/li>\n<li dir=\"ltr\" data-angle=\"0\" data-font-name=\"g_font_822_0\" data-canvas-width=\"292.43867300510414\">O gerenciador de acess\u00f3rios embutido facilita o controle de todos os s\u00edmbolos, escotilhas, materiais, etc.<br \/>Encontre e use acess\u00f3rios mais r\u00e1pido do que nunca no Vectorworks<\/li>\n<li>Modelagem de subdivis\u00f5es para cria\u00e7\u00e3o de corpos 3D complexos<\/li>\n<li dir=\"ltr\" data-angle=\"0\" data-font-name=\"g_font_822_0\" data-canvas-width=\"292.43867300510414\">In\u00fameras interfaces de importa\u00e7\u00e3o e exporta\u00e7\u00e3o garantem a troca de dados com programas de terceiros<\/li>\n<\/ul>\n<\/div>\n\t\t\t\t\t\t\t\t<\/div>\n\t\t\t\t<\/div>\n\t\t\t\t\t<\/div>\n\t\t<\/div>\n\t\t\t\t\t<\/div>\n\t\t<\/section>\n\t\t\t\t<\/div>\n\t\t","protected":false},"excerpt":{"rendered":"<p>Fundamentos A solu\u00e7\u00e3o flex\u00edvel para o seu processo de projeto completo Solicite uma demonstra\u00e7\u00e3o Solicite a vers\u00e3o completa Vectorworks Fundamentals \u00e9 a vers\u00e3o base internacional para Vectorworks. As fun\u00e7\u00f5es s\u00e3o neutras para a ind\u00fastria e incluem todas as fun\u00e7\u00f5es 2D e 3D para as mais altas exig\u00eancias.O ambiente de trabalho Vectorworks Fundamentals pode ser personalizado.As [&hellip;]<\/p>\n","protected":false},"author":3,"featured_media":0,"parent":8678,"menu_order":0,"comment_status":"closed","ping_status":"closed","template":"","meta":{"ocean_post_layout":"full-screen","ocean_both_sidebars_style":"","ocean_both_sidebars_content_width":0,"ocean_both_sidebars_sidebars_width":0,"ocean_sidebar":"0","ocean_second_sidebar":"0","ocean_disable_margins":"enable","ocean_add_body_class":"","ocean_shortcode_before_top_bar":"","ocean_shortcode_after_top_bar":"","ocean_shortcode_before_header":"","ocean_shortcode_after_header":"","ocean_has_shortcode":"","ocean_shortcode_after_title":"","ocean_shortcode_before_footer_widgets":"","ocean_shortcode_after_footer_widgets":"","ocean_shortcode_before_footer_bottom":"","ocean_shortcode_after_footer_bottom":"","ocean_display_top_bar":"default","ocean_display_header":"default","ocean_header_style":"","ocean_center_header_left_menu":"0","ocean_custom_header_template":"0","ocean_custom_logo":0,"ocean_custom_retina_logo":0,"ocean_custom_logo_max_width":0,"ocean_custom_logo_tablet_max_width":0,"ocean_custom_logo_mobile_max_width":0,"ocean_custom_logo_max_height":0,"ocean_custom_logo_tablet_max_height":0,"ocean_custom_logo_mobile_max_height":0,"ocean_header_custom_menu":"0","ocean_menu_typo_font_family":"0","ocean_menu_typo_font_subset":"","ocean_menu_typo_font_size":0,"ocean_menu_typo_font_size_tablet":0,"ocean_menu_typo_font_size_mobile":0,"ocean_menu_typo_font_size_unit":"px","ocean_menu_typo_font_weight":"","ocean_menu_typo_font_weight_tablet":"","ocean_menu_typo_font_weight_mobile":"","ocean_menu_typo_transform":"","ocean_menu_typo_transform_tablet":"","ocean_menu_typo_transform_mobile":"","ocean_menu_typo_line_height":0,"ocean_menu_typo_line_height_tablet":0,"ocean_menu_typo_line_height_mobile":0,"ocean_menu_typo_line_height_unit":"","ocean_menu_typo_spacing":0,"ocean_menu_typo_spacing_tablet":0,"ocean_menu_typo_spacing_mobile":0,"ocean_menu_typo_spacing_unit":"","ocean_menu_link_color":"","ocean_menu_link_color_hover":"","ocean_menu_link_color_active":"","ocean_menu_link_background":"","ocean_menu_link_hover_background":"","ocean_menu_link_active_background":"","ocean_menu_social_links_bg":"","ocean_menu_social_hover_links_bg":"","ocean_menu_social_links_color":"","ocean_menu_social_hover_links_color":"","ocean_disable_title":"on","ocean_disable_heading":"default","ocean_post_title":"","ocean_post_subheading":"","ocean_post_title_style":"","ocean_post_title_background_color":"","ocean_post_title_background":0,"ocean_post_title_bg_image_position":"","ocean_post_title_bg_image_attachment":"","ocean_post_title_bg_image_repeat":"","ocean_post_title_bg_image_size":"","ocean_post_title_height":0,"ocean_post_title_bg_overlay":0.5,"ocean_post_title_bg_overlay_color":"","ocean_disable_breadcrumbs":"default","ocean_breadcrumbs_color":"","ocean_breadcrumbs_separator_color":"","ocean_breadcrumbs_links_color":"","ocean_breadcrumbs_links_hover_color":"","ocean_display_footer_widgets":"default","ocean_display_footer_bottom":"default","ocean_custom_footer_template":"0","footnotes":""},"class_list":["post-8324","page","type-page","status-publish","hentry","entry"],"_links":{"self":[{"href":"https:\/\/edv-cad.de\/pt-br\/wp-json\/wp\/v2\/pages\/8324","targetHints":{"allow":["GET"]}}],"collection":[{"href":"https:\/\/edv-cad.de\/pt-br\/wp-json\/wp\/v2\/pages"}],"about":[{"href":"https:\/\/edv-cad.de\/pt-br\/wp-json\/wp\/v2\/types\/page"}],"author":[{"embeddable":true,"href":"https:\/\/edv-cad.de\/pt-br\/wp-json\/wp\/v2\/users\/3"}],"replies":[{"embeddable":true,"href":"https:\/\/edv-cad.de\/pt-br\/wp-json\/wp\/v2\/comments?post=8324"}],"version-history":[{"count":0,"href":"https:\/\/edv-cad.de\/pt-br\/wp-json\/wp\/v2\/pages\/8324\/revisions"}],"up":[{"embeddable":true,"href":"https:\/\/edv-cad.de\/pt-br\/wp-json\/wp\/v2\/pages\/8678"}],"wp:attachment":[{"href":"https:\/\/edv-cad.de\/pt-br\/wp-json\/wp\/v2\/media?parent=8324"}],"curies":[{"name":"wp","href":"https:\/\/api.w.org\/{rel}","templated":true}]}}