{"id":8573,"date":"2022-06-30T10:26:37","date_gmt":"2022-06-30T08:26:37","guid":{"rendered":"https:\/\/edv-cad.de\/vectorworks-em-destaque\/"},"modified":"2024-02-03T03:54:03","modified_gmt":"2024-02-03T02:54:03","slug":"vectorworks-em-destaque","status":"publish","type":"page","link":"https:\/\/edv-cad.de\/pt-br\/vectorworks\/vectorworks-em-destaque\/","title":{"rendered":"Vectorworks Holofote"},"content":{"rendered":"\t\t<div data-elementor-type=\"wp-page\" data-elementor-id=\"8573\" class=\"elementor elementor-8573 elementor-3964\" data-elementor-post-type=\"page\">\n\t\t\t\t\t\t<section class=\"elementor-section elementor-top-section elementor-element elementor-element-6b8209de elementor-section-full_width elementor-section-height-min-height elementor-section-height-default elementor-section-items-middle\" data-id=\"6b8209de\" data-element_type=\"section\" data-e-type=\"section\" data-settings=\"{&quot;background_background&quot;:&quot;classic&quot;}\">\n\t\t\t\t\t\t<div class=\"elementor-container elementor-column-gap-default\">\n\t\t\t\t\t<div class=\"elementor-column elementor-col-50 elementor-top-column elementor-element elementor-element-67b4b6e6\" data-id=\"67b4b6e6\" data-element_type=\"column\" data-e-type=\"column\" data-settings=\"{&quot;background_background&quot;:&quot;classic&quot;}\">\n\t\t\t<div class=\"elementor-widget-wrap elementor-element-populated\">\n\t\t\t\t\t\t<div class=\"elementor-element elementor-element-d3b1354 elementor-widget elementor-widget-image\" data-id=\"d3b1354\" data-element_type=\"widget\" data-e-type=\"widget\" data-widget_type=\"image.default\">\n\t\t\t\t<div class=\"elementor-widget-container\">\n\t\t\t\t\t\t\t\t\t\t\t\t\t\t\t<img fetchpriority=\"high\" decoding=\"async\" width=\"1024\" height=\"184\" src=\"https:\/\/edv-cad.de\/wp-content\/uploads\/2023\/05\/Vectorworks_own-1024x184.png\" class=\"attachment-large size-large wp-image-6839\" alt=\"\" srcset=\"https:\/\/edv-cad.de\/wp-content\/uploads\/2023\/05\/Vectorworks_own-1024x184.png 1024w, https:\/\/edv-cad.de\/wp-content\/uploads\/2023\/05\/Vectorworks_own-300x54.png 300w, https:\/\/edv-cad.de\/wp-content\/uploads\/2023\/05\/Vectorworks_own-768x138.png 768w, https:\/\/edv-cad.de\/wp-content\/uploads\/2023\/05\/Vectorworks_own-1536x276.png 1536w, https:\/\/edv-cad.de\/wp-content\/uploads\/2023\/05\/Vectorworks_own.png 1950w\" sizes=\"(max-width: 1024px) 100vw, 1024px\" title=\"\">\t\t\t\t\t\t\t\t\t\t\t\t\t\t\t<\/div>\n\t\t\t\t<\/div>\n\t\t\t\t<div class=\"elementor-element elementor-element-db393d2 elementor-widget elementor-widget-heading\" data-id=\"db393d2\" data-element_type=\"widget\" data-e-type=\"widget\" data-widget_type=\"heading.default\">\n\t\t\t\t<div class=\"elementor-widget-container\">\n\t\t\t\t\t<h2 class=\"elementor-heading-title elementor-size-default\">Holofote<\/h2>\t\t\t\t<\/div>\n\t\t\t\t<\/div>\n\t\t\t\t<div class=\"elementor-element elementor-element-107c9b22 elementor-widget elementor-widget-text-editor\" data-id=\"107c9b22\" data-element_type=\"widget\" data-e-type=\"widget\" data-widget_type=\"text-editor.default\">\n\t\t\t\t<div class=\"elementor-widget-container\">\n\t\t\t\t\t\t\t\t\t<p><strong>Solu\u00e7\u00e3o econ\u00f4mica para desenhistas frequentes com altas demandas<\/strong><\/p>\n\t\t\t\t\t\t\t\t<\/div>\n\t\t\t\t<\/div>\n\t\t\t\t<section class=\"elementor-section elementor-inner-section elementor-element elementor-element-8f55dd8 elementor-section-boxed elementor-section-height-default elementor-section-height-default\" data-id=\"8f55dd8\" data-element_type=\"section\" data-e-type=\"section\">\n\t\t\t\t\t\t<div class=\"elementor-container elementor-column-gap-default\">\n\t\t\t\t\t<div class=\"elementor-column elementor-col-50 elementor-inner-column elementor-element elementor-element-98b2df8\" data-id=\"98b2df8\" data-element_type=\"column\" data-e-type=\"column\">\n\t\t\t<div class=\"elementor-widget-wrap elementor-element-populated\">\n\t\t\t\t\t\t<div class=\"elementor-element elementor-element-4df7606 elementor-align-left elementor-widget elementor-widget-button\" data-id=\"4df7606\" data-element_type=\"widget\" data-e-type=\"widget\" data-widget_type=\"button.default\">\n\t\t\t\t<div class=\"elementor-widget-container\">\n\t\t\t\t\t\t\t\t\t<div class=\"elementor-button-wrapper\">\n\t\t\t\t\t<a class=\"elementor-button elementor-button-link elementor-size-md elementor-animation-grow\" href=\"https:\/\/edv-cad.de\/pt-br\/contato\/cotacao\/\" target=\"_blank\">\n\t\t\t\t\t\t<span class=\"elementor-button-content-wrapper\">\n\t\t\t\t\t\t\t\t\t<span class=\"elementor-button-text\">Solicite uma demonstra\u00e7\u00e3o<\/span>\n\t\t\t\t\t<\/span>\n\t\t\t\t\t<\/a>\n\t\t\t\t<\/div>\n\t\t\t\t\t\t\t\t<\/div>\n\t\t\t\t<\/div>\n\t\t\t\t\t<\/div>\n\t\t<\/div>\n\t\t\t\t<div class=\"elementor-column elementor-col-50 elementor-inner-column elementor-element elementor-element-8cc450c\" data-id=\"8cc450c\" data-element_type=\"column\" data-e-type=\"column\">\n\t\t\t<div class=\"elementor-widget-wrap elementor-element-populated\">\n\t\t\t\t\t\t<div class=\"elementor-element elementor-element-2a95fba elementor-align-left elementor-widget elementor-widget-button\" data-id=\"2a95fba\" data-element_type=\"widget\" data-e-type=\"widget\" data-widget_type=\"button.default\">\n\t\t\t\t<div class=\"elementor-widget-container\">\n\t\t\t\t\t\t\t\t\t<div class=\"elementor-button-wrapper\">\n\t\t\t\t\t<a class=\"elementor-button elementor-button-link elementor-size-md elementor-animation-grow\" href=\"https:\/\/edv-cad.de\/pt-br\/contato\/cotacao\/\" target=\"_blank\">\n\t\t\t\t\t\t<span class=\"elementor-button-content-wrapper\">\n\t\t\t\t\t\t\t\t\t<span class=\"elementor-button-text\">Solicite a vers\u00e3o completa<\/span>\n\t\t\t\t\t<\/span>\n\t\t\t\t\t<\/a>\n\t\t\t\t<\/div>\n\t\t\t\t\t\t\t\t<\/div>\n\t\t\t\t<\/div>\n\t\t\t\t\t<\/div>\n\t\t<\/div>\n\t\t\t\t\t<\/div>\n\t\t<\/section>\n\t\t\t\t\t<\/div>\n\t\t<\/div>\n\t\t\t\t<div class=\"elementor-column elementor-col-50 elementor-top-column elementor-element elementor-element-490f6d36\" data-id=\"490f6d36\" data-element_type=\"column\" data-e-type=\"column\">\n\t\t\t<div class=\"elementor-widget-wrap\">\n\t\t\t\t\t\t\t<\/div>\n\t\t<\/div>\n\t\t\t\t\t<\/div>\n\t\t<\/section>\n\t\t\t\t<section class=\"elementor-section elementor-top-section elementor-element elementor-element-08172b6 elementor-section-boxed elementor-section-height-default elementor-section-height-default\" data-id=\"08172b6\" data-element_type=\"section\" data-e-type=\"section\">\n\t\t\t\t\t\t<div class=\"elementor-container elementor-column-gap-default\">\n\t\t\t\t\t<div class=\"elementor-column elementor-col-100 elementor-top-column elementor-element elementor-element-6a2d3b1\" data-id=\"6a2d3b1\" data-element_type=\"column\" data-e-type=\"column\">\n\t\t\t<div class=\"elementor-widget-wrap elementor-element-populated\">\n\t\t\t\t\t\t<div class=\"elementor-element elementor-element-9b2c1da elementor-widget elementor-widget-text-editor\" data-id=\"9b2c1da\" data-element_type=\"widget\" data-e-type=\"widget\" data-widget_type=\"text-editor.default\">\n\t\t\t\t<div class=\"elementor-widget-container\">\n\t\t\t\t\t\t\t\t\t<h3>Vectorworks Spotlight internacional \u00e9 o padr\u00e3o para software CAD na ind\u00fastria de entretenimento\/design.<\/h3>\n<p>Seja projetando ilumina\u00e7\u00e3o, cen\u00e1rios paisag\u00edsticos, eventos corporativos, apresenta\u00e7\u00f5es teatrais ou exposi\u00e7\u00f5es,<br \/>Voc\u00ea pode se colocar no centro das aten\u00e7\u00f5es quando fizer um show espetacular.<\/p>\n<p>Com funcionalidade 2D e 3D superior, voc\u00ea se beneficia da facilidade de uso,<br \/>que voc\u00ea vai perder em produtos concorrentes.<\/p>\n\t\t\t\t\t\t\t\t<\/div>\n\t\t\t\t<\/div>\n\t\t\t\t\t<\/div>\n\t\t<\/div>\n\t\t\t\t\t<\/div>\n\t\t<\/section>\n\t\t\t\t<section class=\"elementor-section elementor-top-section elementor-element elementor-element-43221e9 elementor-section-boxed elementor-section-height-default elementor-section-height-default\" data-id=\"43221e9\" data-element_type=\"section\" data-e-type=\"section\" data-settings=\"{&quot;background_background&quot;:&quot;classic&quot;}\">\n\t\t\t\t\t\t<div class=\"elementor-container elementor-column-gap-default\">\n\t\t\t\t\t<div class=\"elementor-column elementor-col-66 elementor-top-column elementor-element elementor-element-96438af\" data-id=\"96438af\" data-element_type=\"column\" data-e-type=\"column\">\n\t\t\t<div class=\"elementor-widget-wrap elementor-element-populated\">\n\t\t\t\t\t\t<div class=\"elementor-element elementor-element-579a606 elementor-widget elementor-widget-heading\" data-id=\"579a606\" data-element_type=\"widget\" data-e-type=\"widget\" data-widget_type=\"heading.default\">\n\t\t\t\t<div class=\"elementor-widget-container\">\n\t\t\t\t\t<h2 class=\"elementor-heading-title elementor-size-default\">Flexibilidade absoluta sem limites<\/h2>\t\t\t\t<\/div>\n\t\t\t\t<\/div>\n\t\t\t\t<div class=\"elementor-element elementor-element-994e43e elementor-widget elementor-widget-text-editor\" data-id=\"994e43e\" data-element_type=\"widget\" data-e-type=\"widget\" data-widget_type=\"text-editor.default\">\n\t\t\t\t<div class=\"elementor-widget-container\">\n\t\t\t\t\t\t\t\t\t<p>Vectorworks O Spotlight International tem ferramentas avan\u00e7adas de ilumina\u00e7\u00e3o e cenografia e \u00e9 projetado especificamente para designers de ilumina\u00e7\u00e3o, cen\u00e1rios e cen\u00e1rios, diretores art\u00edsticos e profissionais de design na ind\u00fastria do entretenimento.<\/p>\n<p>Crie planos de ilumina\u00e7\u00e3o, cen\u00e1rios, palcos, etc. em pouco tempo.<br \/>As ferramentas 2D e 3D espec\u00edficas do setor do m\u00f3dulo &#8220;Spotlight&#8221; tornam o seu trabalho muito mais f\u00e1cil.<\/p>\n\t\t\t\t\t\t\t\t<\/div>\n\t\t\t\t<\/div>\n\t\t\t\t\t<\/div>\n\t\t<\/div>\n\t\t\t\t<div class=\"elementor-column elementor-col-33 elementor-top-column elementor-element elementor-element-837bb8a\" data-id=\"837bb8a\" data-element_type=\"column\" data-e-type=\"column\">\n\t\t\t<div class=\"elementor-widget-wrap elementor-element-populated\">\n\t\t\t\t\t\t<div class=\"elementor-element elementor-element-1c3aef4 elementor-widget elementor-widget-image\" data-id=\"1c3aef4\" data-element_type=\"widget\" data-e-type=\"widget\" data-widget_type=\"image.default\">\n\t\t\t\t<div class=\"elementor-widget-container\">\n\t\t\t\t\t\t\t\t\t\t\t\t\t\t\t<img decoding=\"async\" width=\"261\" height=\"193\" src=\"https:\/\/edv-cad.de\/wp-content\/uploads\/2022\/06\/CAD-Software-US-Gebaeude-Rendering.jpg\" class=\"attachment-medium_large size-medium_large wp-image-7342\" alt=\"\" title=\"\">\t\t\t\t\t\t\t\t\t\t\t\t\t\t\t<\/div>\n\t\t\t\t<\/div>\n\t\t\t\t\t<\/div>\n\t\t<\/div>\n\t\t\t\t\t<\/div>\n\t\t<\/section>\n\t\t\t\t<\/div>\n\t\t","protected":false},"excerpt":{"rendered":"<p>Holofote Solu\u00e7\u00e3o econ\u00f4mica para desenhistas frequentes com altas demandas Solicite uma demonstra\u00e7\u00e3o Solicite a vers\u00e3o completa Vectorworks Spotlight internacional \u00e9 o padr\u00e3o para software CAD na ind\u00fastria de entretenimento\/design. Seja projetando ilumina\u00e7\u00e3o, cen\u00e1rios paisag\u00edsticos, eventos corporativos, apresenta\u00e7\u00f5es teatrais ou exposi\u00e7\u00f5es,Voc\u00ea pode se colocar no centro das aten\u00e7\u00f5es quando fizer um show espetacular. Com funcionalidade 2D [&hellip;]<\/p>\n","protected":false},"author":3,"featured_media":0,"parent":8678,"menu_order":0,"comment_status":"closed","ping_status":"closed","template":"","meta":{"ocean_post_layout":"full-screen","ocean_both_sidebars_style":"","ocean_both_sidebars_content_width":0,"ocean_both_sidebars_sidebars_width":0,"ocean_sidebar":"0","ocean_second_sidebar":"0","ocean_disable_margins":"enable","ocean_add_body_class":"","ocean_shortcode_before_top_bar":"","ocean_shortcode_after_top_bar":"","ocean_shortcode_before_header":"","ocean_shortcode_after_header":"","ocean_has_shortcode":"","ocean_shortcode_after_title":"","ocean_shortcode_before_footer_widgets":"","ocean_shortcode_after_footer_widgets":"","ocean_shortcode_before_footer_bottom":"","ocean_shortcode_after_footer_bottom":"","ocean_display_top_bar":"default","ocean_display_header":"default","ocean_header_style":"","ocean_center_header_left_menu":"0","ocean_custom_header_template":"0","ocean_custom_logo":0,"ocean_custom_retina_logo":0,"ocean_custom_logo_max_width":0,"ocean_custom_logo_tablet_max_width":0,"ocean_custom_logo_mobile_max_width":0,"ocean_custom_logo_max_height":0,"ocean_custom_logo_tablet_max_height":0,"ocean_custom_logo_mobile_max_height":0,"ocean_header_custom_menu":"0","ocean_menu_typo_font_family":"0","ocean_menu_typo_font_subset":"","ocean_menu_typo_font_size":0,"ocean_menu_typo_font_size_tablet":0,"ocean_menu_typo_font_size_mobile":0,"ocean_menu_typo_font_size_unit":"px","ocean_menu_typo_font_weight":"","ocean_menu_typo_font_weight_tablet":"","ocean_menu_typo_font_weight_mobile":"","ocean_menu_typo_transform":"","ocean_menu_typo_transform_tablet":"","ocean_menu_typo_transform_mobile":"","ocean_menu_typo_line_height":0,"ocean_menu_typo_line_height_tablet":0,"ocean_menu_typo_line_height_mobile":0,"ocean_menu_typo_line_height_unit":"","ocean_menu_typo_spacing":0,"ocean_menu_typo_spacing_tablet":0,"ocean_menu_typo_spacing_mobile":0,"ocean_menu_typo_spacing_unit":"","ocean_menu_link_color":"","ocean_menu_link_color_hover":"","ocean_menu_link_color_active":"","ocean_menu_link_background":"","ocean_menu_link_hover_background":"","ocean_menu_link_active_background":"","ocean_menu_social_links_bg":"","ocean_menu_social_hover_links_bg":"","ocean_menu_social_links_color":"","ocean_menu_social_hover_links_color":"","ocean_disable_title":"on","ocean_disable_heading":"default","ocean_post_title":"","ocean_post_subheading":"","ocean_post_title_style":"","ocean_post_title_background_color":"","ocean_post_title_background":0,"ocean_post_title_bg_image_position":"","ocean_post_title_bg_image_attachment":"","ocean_post_title_bg_image_repeat":"","ocean_post_title_bg_image_size":"","ocean_post_title_height":0,"ocean_post_title_bg_overlay":0.5,"ocean_post_title_bg_overlay_color":"","ocean_disable_breadcrumbs":"default","ocean_breadcrumbs_color":"","ocean_breadcrumbs_separator_color":"","ocean_breadcrumbs_links_color":"","ocean_breadcrumbs_links_hover_color":"","ocean_display_footer_widgets":"default","ocean_display_footer_bottom":"default","ocean_custom_footer_template":"0","footnotes":""},"class_list":["post-8573","page","type-page","status-publish","hentry","entry"],"_links":{"self":[{"href":"https:\/\/edv-cad.de\/pt-br\/wp-json\/wp\/v2\/pages\/8573","targetHints":{"allow":["GET"]}}],"collection":[{"href":"https:\/\/edv-cad.de\/pt-br\/wp-json\/wp\/v2\/pages"}],"about":[{"href":"https:\/\/edv-cad.de\/pt-br\/wp-json\/wp\/v2\/types\/page"}],"author":[{"embeddable":true,"href":"https:\/\/edv-cad.de\/pt-br\/wp-json\/wp\/v2\/users\/3"}],"replies":[{"embeddable":true,"href":"https:\/\/edv-cad.de\/pt-br\/wp-json\/wp\/v2\/comments?post=8573"}],"version-history":[{"count":0,"href":"https:\/\/edv-cad.de\/pt-br\/wp-json\/wp\/v2\/pages\/8573\/revisions"}],"up":[{"embeddable":true,"href":"https:\/\/edv-cad.de\/pt-br\/wp-json\/wp\/v2\/pages\/8678"}],"wp:attachment":[{"href":"https:\/\/edv-cad.de\/pt-br\/wp-json\/wp\/v2\/media?parent=8573"}],"curies":[{"name":"wp","href":"https:\/\/api.w.org\/{rel}","templated":true}]}}