{"id":9575,"date":"2024-02-02T15:09:09","date_gmt":"2024-02-02T14:09:09","guid":{"rendered":"https:\/\/edv-cad.de\/vectorworks-assinatura-vs-licencas-perpetuas\/"},"modified":"2025-12-01T18:20:21","modified_gmt":"2025-12-01T17:20:21","slug":"vectorworks-assinatura-vs-licencas-perpetuas","status":"publish","type":"page","link":"https:\/\/edv-cad.de\/pt-br\/vectorworks\/vectorworks-assinatura-vs-licencas-perpetuas\/","title":{"rendered":"Vectorworks ASSINATURA vs. Licen\u00e7as Perp\u00e9tuas"},"content":{"rendered":"\t\t<div data-elementor-type=\"wp-page\" data-elementor-id=\"9575\" class=\"elementor elementor-9575 elementor-9560\" data-elementor-post-type=\"page\">\n\t\t\t\t\t\t<section class=\"elementor-section elementor-top-section elementor-element elementor-element-79b87532 elementor-section-boxed elementor-section-height-default elementor-section-height-default\" data-id=\"79b87532\" data-element_type=\"section\" data-e-type=\"section\">\n\t\t\t\t\t\t<div class=\"elementor-container elementor-column-gap-default\">\n\t\t\t\t\t<div class=\"elementor-column elementor-col-100 elementor-top-column elementor-element elementor-element-3e737773\" data-id=\"3e737773\" data-element_type=\"column\" data-e-type=\"column\">\n\t\t\t<div class=\"elementor-widget-wrap elementor-element-populated\">\n\t\t\t\t\t\t<div class=\"elementor-element elementor-element-5d160bf7 elementor-widget elementor-widget-text-editor\" data-id=\"5d160bf7\" data-element_type=\"widget\" data-e-type=\"widget\" data-widget_type=\"text-editor.default\">\n\t\t\t\t<div class=\"elementor-widget-container\">\n\t\t\t\t\t\t\t\t\t<p>Desde 2024, a Vectorworks oferece apenas licen\u00e7as ABO em vez de perp\u00e9tuas em pa\u00edses de l\u00edngua alem\u00e3.<br>Os ABOs podem ser adquiridos mensalmente ou anualmente.<\/p><h2 style=\"font-variant-ligatures: normal; font-variant-caps: normal; font-style: normal; letter-spacing: 0.3px;\">Vectorworks &#8211; Fator de custo para carpinteiros e planejadores<\/h2><p>Temos uma vis\u00e3o cr\u00edtica desse desenvolvimento. Para os nossos principais grupos-alvo, ou seja, carpinteiros, lojas, feiras e designers de interiores, o m\u00f3dulo ElementsCAD \u00e9 a ferramenta que proporciona o aumento decisivo da produtividade.<\/p><h2 style=\"font-variant-ligatures: normal; font-variant-caps: normal; font-style: normal; letter-spacing: 0.3px;\">Vectorworks &#8211; Licen\u00e7as perp\u00e9tuas dispon\u00edveis conosco<\/h2><p>Ainda oferecemos aos nossos clientes licen\u00e7as perp\u00e9tuas para ElementsCAD E Vectorworks.<br><span style=\"font-size: 16px; letter-spacing: 0.3px;\"><u>Como isso \u00e9 poss\u00edvel?<\/u><\/span><\/p><p><span style=\"font-size: 16px; letter-spacing: 0.3px;\">Em pa\u00edses de l\u00edngua alem\u00e3, um grande n\u00famero de licen\u00e7as permanentes atuais, como a Vectorworks 2026, est\u00e1 em uso. O motivo \u00e9 que muitos clientes t\u00eam um contrato de atualiza\u00e7\u00e3o (VSS) para a licen\u00e7a perp\u00e9tua que compraram na \u00e9poca. <br>Se essas licen\u00e7as n\u00e3o estiverem mais em uso (por exemplo, devido \u00e0 liquida\u00e7\u00e3o de neg\u00f3cios, aposentadoria, etc.), essas licen\u00e7as ser\u00e3o aceitas e reregistradas por n\u00f3s.<br>Al\u00e9m das novas licen\u00e7as, muitas vezes tamb\u00e9m temos licen\u00e7as antigas e baratas em estoque.<br>Al\u00e9m das licen\u00e7as perp\u00e9tuas em alem\u00e3o da Vectorworks, tamb\u00e9m recebemos licen\u00e7as perp\u00e9tuas em ingl\u00eas repetidas vezes.   <\/span><\/p><h2 style=\"font-variant-ligatures: normal; font-variant-caps: normal; font-style: normal; letter-spacing: 0.3px;\">Vectorworks &#8211; Precifica\u00e7\u00e3o de Licen\u00e7a Perp\u00e9tua<\/h2><div><p>As licen\u00e7as da Vectorworks em quest\u00e3o geralmente s\u00e3o oferecidas junto com o complemento interno E<a href=\"https:\/\/edv-cad.de\/pt-br\/aplicativos-do-elements\/#elecad\" target=\"_blank\" rel=\"noopener\">lementsCAD Basic \/ Pro<\/a> .<br>Qual vers\u00e3o do Vectorworks \u00e9 a melhor escolha para voc\u00ea tamb\u00e9m depende dos requisitos do seu sistema. Vers\u00f5es mais recentes geralmente exigem mais desempenho, mas o sistema operacional tamb\u00e9m \u00e9 importante. Embora o Vectorworks seja compat\u00edvel para Windows 11 a partir da vers\u00e3o 2021, o per\u00edodo de compatibilidade retroativa para o macOS atual geralmente \u00e9 de cerca de 2 anos.    <\/p><\/div><h2 style=\"font-variant-ligatures: normal; font-variant-caps: normal; font-style: normal; letter-spacing: 0.3px;\">ElementsCAD &#8211; compat\u00edvel com Vectorworks a partir da vers\u00e3o de 2014<\/h2><p><span style=\"font-family: poppins_own; font-size: 16px; font-style: normal; font-variant-ligatures: normal; font-variant-caps: normal; font-weight: 400; letter-spacing: 0.3px;\">Como \u00e9 bem conhecido, o ElementsCAD requer o Vectorworks como motor.<\/span><br style=\"letter-spacing: 0.3px;\"><span style=\"font-family: poppins_own; font-size: 16px; font-style: normal; font-variant-ligatures: normal; font-variant-caps: normal; font-weight: 400; letter-spacing: 0.3px;\">A Vectorworks, por outro lado, representa a maior parte dos custos totais, se voc\u00ea olhar mais de perto os pre\u00e7os das licen\u00e7as.<\/span><\/p><p>Por esse motivo, oferecemos a possibilidade de instalar o ElementsCAD em vers\u00f5es mais antigas do Vectorworks tamb\u00e9m. Uma fun\u00e7\u00e3o interna de atualiza\u00e7\u00e3o no menu do ElementsCAD mant\u00e9m voc\u00ea atualizado. <\/p><p>Isso tamb\u00e9m tem a vantagem de que vers\u00f5es antigas do Vectorworks frequentemente t\u00eam requisitos de sistema menores, como j\u00e1 mencionado no in\u00edcio.<\/p><p><a href=\"https:\/\/edv-cad.de\/pt-br\/contato\/cotacao\/\" target=\"_blank\" rel=\"noopener\">Entre em contato conosco<\/a> para saber mais sobre as possibilidades de uma licen\u00e7a perp\u00e9tua ElementsCAD \/ Vectorworks .<\/p><p><a role=\"button\" href=\"https:\/\/edv-cad.de\/pt-br\/contato\/cotacao\/\" target=\"_blank\" rel=\"noopener\">Solicite uma demonstra\u00e7\u00e3o<\/a><\/p>\t\t\t\t\t\t\t\t<\/div>\n\t\t\t\t<\/div>\n\t\t\t\t\t<\/div>\n\t\t<\/div>\n\t\t\t\t\t<\/div>\n\t\t<\/section>\n\t\t\t\t<section class=\"elementor-section elementor-top-section elementor-element elementor-element-3a25917 elementor-section-boxed elementor-section-height-default elementor-section-height-default\" data-id=\"3a25917\" data-element_type=\"section\" data-e-type=\"section\">\n\t\t\t\t\t\t<div class=\"elementor-container elementor-column-gap-default\">\n\t\t\t\t\t<div class=\"elementor-column elementor-col-100 elementor-top-column elementor-element elementor-element-dd59d12\" data-id=\"dd59d12\" data-element_type=\"column\" data-e-type=\"column\">\n\t\t\t<div class=\"elementor-widget-wrap elementor-element-populated\">\n\t\t\t\t\t\t<div class=\"elementor-element elementor-element-09a7360 elementor-widget elementor-widget-image\" data-id=\"09a7360\" data-element_type=\"widget\" data-e-type=\"widget\" data-widget_type=\"image.default\">\n\t\t\t\t<div class=\"elementor-widget-container\">\n\t\t\t\t\t\t\t\t\t\t\t\t\t\t\t<img fetchpriority=\"high\" decoding=\"async\" width=\"813\" height=\"381\" src=\"https:\/\/edv-cad.de\/wp-content\/uploads\/2024\/02\/Vectorworks-subscription-miete-abo.png\" class=\"attachment-large size-large wp-image-9586\" alt=\"\" srcset=\"https:\/\/edv-cad.de\/wp-content\/uploads\/2024\/02\/Vectorworks-subscription-miete-abo.png 813w, https:\/\/edv-cad.de\/wp-content\/uploads\/2024\/02\/Vectorworks-subscription-miete-abo-300x141.png 300w, https:\/\/edv-cad.de\/wp-content\/uploads\/2024\/02\/Vectorworks-subscription-miete-abo-768x360.png 768w\" sizes=\"(max-width: 813px) 100vw, 813px\" title=\"\">\t\t\t\t\t\t\t\t\t\t\t\t\t\t\t<\/div>\n\t\t\t\t<\/div>\n\t\t\t\t\t<\/div>\n\t\t<\/div>\n\t\t\t\t\t<\/div>\n\t\t<\/section>\n\t\t\t\t<section class=\"elementor-section elementor-top-section elementor-element elementor-element-fe850d9 elementor-section-boxed elementor-section-height-default elementor-section-height-default\" data-id=\"fe850d9\" data-element_type=\"section\" data-e-type=\"section\">\n\t\t\t\t\t\t<div class=\"elementor-container elementor-column-gap-default\">\n\t\t\t\t\t<div class=\"elementor-column elementor-col-100 elementor-top-column elementor-element elementor-element-a1018b0\" data-id=\"a1018b0\" data-element_type=\"column\" data-e-type=\"column\">\n\t\t\t<div class=\"elementor-widget-wrap elementor-element-populated\">\n\t\t\t\t\t\t<div class=\"elementor-element elementor-element-f1ba115 elementor-widget__width-initial elementor-widget elementor-widget-text-editor\" data-id=\"f1ba115\" data-element_type=\"widget\" data-e-type=\"widget\" data-widget_type=\"text-editor.default\">\n\t\t\t\t<div class=\"elementor-widget-container\">\n\t\t\t\t\t\t\t\t\t<p> <\/p><p><a href=\"https:\/\/edv-cad.de\/pt-br\/contato\/cotacao\/\">Conosco, voc\u00ea fica independente<br><\/a><\/p><p>Vectorworks Basic e <strong>Vectorworks Vectorworks<\/strong> s\u00e3o as vers\u00f5es populares para <span style=\"font-family: poppins_own; font-size: 16px; font-style: normal; font-variant-ligatures: normal; font-variant-caps: normal; font-weight: 400; letter-spacing: 0.3px;\">carpinteiros, lojas, feiras e designers de interiores.<\/span><\/p><p>\u00c0 medida que a visualiza\u00e7\u00e3o se torna cada vez mais importante, surge a quest\u00e3o de como isso pode ser alcan\u00e7ado com o Vectorworks, especialmente com vers\u00f5es mais antigas.<\/p><p>Aqui temos uma recomenda\u00e7\u00e3o clara: <a style=\"font-size: 16px; background-color: #ffffff; letter-spacing: 0.3px;\" href=\"https:\/\/www.youtube.com\/watch?v=hGVT8dfNg90&amp;t=90s\" target=\"_blank\" rel=\"noopener\">Twinmotion<\/a><\/p><p>Essa ferramenta n\u00e3o deixa nada a desejar. Ele renderiza incrivelmente r\u00e1pido, a fun\u00e7\u00e3o &#8220;Path Tracer&#8221; cria apresenta\u00e7\u00f5es para as maiores demandas. A partir da vers\u00e3o 2022 do Vectorworks, uma interface de link ao vivo garante a troca direta de dados, para que as mudan\u00e7as sejam transmitidas ao vivo no Vectorworks.  <\/p><p>Voc\u00ea tem alguma d\u00favida sobre Elements &#8211; Vectorworks &#8211; Twinmotion? <a href=\"https:\/\/edv-cad.de\/pt-br\/contato\/cotacao\/\" target=\"_blank\" rel=\"noopener\">Entre em contato conosco<\/a>.<\/p><h2>Vectorworks &#8211; para quem?<\/h2><p>ElementsCAD &amp; Vectorworks \u00e9 a solu\u00e7\u00e3o ideal para empresas que precisam de um programa que pode ser aprendido rapidamente para criar projetos 3D.  <br>A sa\u00edda de listas de pe\u00e7as e programas CNC (opcional) tamb\u00e9m \u00e9 poss\u00edvel, \u00e9 claro.<\/p><h2>ElementsCAD &amp; Vectorworks &#8211; Excelente custo-benef\u00edcio<\/h2><ul><li dir=\"ltr\" data-angle=\"0\" data-font-name=\"g_font_822_0\" data-canvas-width=\"292.43867300510414\">Motor de baixo custo Vectorworks &#8211; pode ser integrado com ElementsCAD a partir da vers\u00e3o 2015<\/li><li dir=\"ltr\" data-angle=\"0\" data-font-name=\"g_font_822_0\" data-canvas-width=\"292.43867300510414\"><span style=\"font-size: 16px; color: var( --e-global-color-text ); letter-spacing: 0.3px;\">M\u00f3dulo ElementsCAD poderoso com vers\u00e3o inicial &#8220;Basic&#8221; e vers\u00e3o completa &#8220;Pro&#8221;<\/span><\/li><li dir=\"ltr\" data-angle=\"0\" data-font-name=\"g_font_822_0\" data-canvas-width=\"292.43867300510414\"><span style=\"font-size: 16px; color: var( --e-global-color-text ); letter-spacing: 0.3px;\">In\u00fameras interfaces para programas de terceiros<\/span><\/li><li dir=\"ltr\" data-angle=\"0\" data-font-name=\"g_font_822_0\" data-canvas-width=\"292.43867300510414\">Sa\u00edda CNC opcional<\/li><li dir=\"ltr\" data-angle=\"0\" data-font-name=\"g_font_822_0\" data-canvas-width=\"292.43867300510414\">Gerenciador de acess\u00f3rios integrado com milhares de acess\u00f3rios espec\u00edficos do setor<\/li><li dir=\"ltr\" data-angle=\"0\" data-font-name=\"g_font_822_0\" data-canvas-width=\"292.43867300510414\">Exportar Twinmotion &#8211; Interface de Link Direto para Sincroniza\u00e7\u00e3o Direta<\/li><\/ul>\t\t\t\t\t\t\t\t<\/div>\n\t\t\t\t<\/div>\n\t\t\t\t<div class=\"elementor-element elementor-element-caac0d9 elementor-widget elementor-widget-image\" data-id=\"caac0d9\" data-element_type=\"widget\" data-e-type=\"widget\" data-widget_type=\"image.default\">\n\t\t\t\t<div class=\"elementor-widget-container\">\n\t\t\t\t\t\t\t\t\t\t\t\t\t\t\t<img decoding=\"async\" width=\"644\" height=\"434\" src=\"https:\/\/edv-cad.de\/wp-content\/uploads\/2024\/02\/Vectorworks-subscription-miete-SaaS.png\" class=\"attachment-large size-large wp-image-9617\" alt=\"Vectorworks-subscription-miete-SaaS\" srcset=\"https:\/\/edv-cad.de\/wp-content\/uploads\/2024\/02\/Vectorworks-subscription-miete-SaaS.png 644w, https:\/\/edv-cad.de\/wp-content\/uploads\/2024\/02\/Vectorworks-subscription-miete-SaaS-300x202.png 300w\" sizes=\"(max-width: 644px) 100vw, 644px\" title=\"\">\t\t\t\t\t\t\t\t\t\t\t\t\t\t\t<\/div>\n\t\t\t\t<\/div>\n\t\t\t\t\t<\/div>\n\t\t<\/div>\n\t\t\t\t\t<\/div>\n\t\t<\/section>\n\t\t\t\t<section class=\"elementor-section elementor-top-section elementor-element elementor-element-26d7a23 elementor-section-boxed elementor-section-height-default elementor-section-height-default\" data-id=\"26d7a23\" data-element_type=\"section\" data-e-type=\"section\">\n\t\t\t\t\t\t<div class=\"elementor-container elementor-column-gap-default\">\n\t\t\t\t\t<div class=\"elementor-column elementor-col-100 elementor-top-column elementor-element elementor-element-6e16df4\" data-id=\"6e16df4\" data-element_type=\"column\" data-e-type=\"column\">\n\t\t\t<div class=\"elementor-widget-wrap\">\n\t\t\t\t\t\t\t<\/div>\n\t\t<\/div>\n\t\t\t\t\t<\/div>\n\t\t<\/section>\n\t\t\t\t<\/div>\n\t\t","protected":false},"excerpt":{"rendered":"<p>Desde 2024, a Vectorworks oferece apenas licen\u00e7as ABO em vez de perp\u00e9tuas em pa\u00edses de l\u00edngua alem\u00e3.Os ABOs podem ser adquiridos mensalmente ou anualmente. Vectorworks &#8211; Fator de custo para carpinteiros e planejadores Temos uma vis\u00e3o cr\u00edtica desse desenvolvimento. Para os nossos principais grupos-alvo, ou seja, carpinteiros, lojas, feiras e designers de interiores, o m\u00f3dulo [&hellip;]<\/p>\n","protected":false},"author":3,"featured_media":0,"parent":8678,"menu_order":0,"comment_status":"closed","ping_status":"closed","template":"","meta":{"ocean_post_layout":"","ocean_both_sidebars_style":"","ocean_both_sidebars_content_width":0,"ocean_both_sidebars_sidebars_width":0,"ocean_sidebar":"","ocean_second_sidebar":"","ocean_disable_margins":"enable","ocean_add_body_class":"","ocean_shortcode_before_top_bar":"","ocean_shortcode_after_top_bar":"","ocean_shortcode_before_header":"","ocean_shortcode_after_header":"","ocean_has_shortcode":"","ocean_shortcode_after_title":"","ocean_shortcode_before_footer_widgets":"","ocean_shortcode_after_footer_widgets":"","ocean_shortcode_before_footer_bottom":"","ocean_shortcode_after_footer_bottom":"","ocean_display_top_bar":"default","ocean_display_header":"default","ocean_header_style":"","ocean_center_header_left_menu":"","ocean_custom_header_template":"","ocean_custom_logo":0,"ocean_custom_retina_logo":0,"ocean_custom_logo_max_width":0,"ocean_custom_logo_tablet_max_width":0,"ocean_custom_logo_mobile_max_width":0,"ocean_custom_logo_max_height":0,"ocean_custom_logo_tablet_max_height":0,"ocean_custom_logo_mobile_max_height":0,"ocean_header_custom_menu":"","ocean_menu_typo_font_family":"","ocean_menu_typo_font_subset":"","ocean_menu_typo_font_size":0,"ocean_menu_typo_font_size_tablet":0,"ocean_menu_typo_font_size_mobile":0,"ocean_menu_typo_font_size_unit":"px","ocean_menu_typo_font_weight":"","ocean_menu_typo_font_weight_tablet":"","ocean_menu_typo_font_weight_mobile":"","ocean_menu_typo_transform":"","ocean_menu_typo_transform_tablet":"","ocean_menu_typo_transform_mobile":"","ocean_menu_typo_line_height":0,"ocean_menu_typo_line_height_tablet":0,"ocean_menu_typo_line_height_mobile":0,"ocean_menu_typo_line_height_unit":"","ocean_menu_typo_spacing":0,"ocean_menu_typo_spacing_tablet":0,"ocean_menu_typo_spacing_mobile":0,"ocean_menu_typo_spacing_unit":"","ocean_menu_link_color":"","ocean_menu_link_color_hover":"","ocean_menu_link_color_active":"","ocean_menu_link_background":"","ocean_menu_link_hover_background":"","ocean_menu_link_active_background":"","ocean_menu_social_links_bg":"","ocean_menu_social_hover_links_bg":"","ocean_menu_social_links_color":"","ocean_menu_social_hover_links_color":"","ocean_disable_title":"default","ocean_disable_heading":"default","ocean_post_title":"","ocean_post_subheading":"","ocean_post_title_style":"","ocean_post_title_background_color":"","ocean_post_title_background":0,"ocean_post_title_bg_image_position":"","ocean_post_title_bg_image_attachment":"","ocean_post_title_bg_image_repeat":"","ocean_post_title_bg_image_size":"","ocean_post_title_height":0,"ocean_post_title_bg_overlay":0.5,"ocean_post_title_bg_overlay_color":"","ocean_disable_breadcrumbs":"default","ocean_breadcrumbs_color":"","ocean_breadcrumbs_separator_color":"","ocean_breadcrumbs_links_color":"","ocean_breadcrumbs_links_hover_color":"","ocean_display_footer_widgets":"default","ocean_display_footer_bottom":"default","ocean_custom_footer_template":"","footnotes":""},"class_list":["post-9575","page","type-page","status-publish","hentry","entry"],"_links":{"self":[{"href":"https:\/\/edv-cad.de\/pt-br\/wp-json\/wp\/v2\/pages\/9575","targetHints":{"allow":["GET"]}}],"collection":[{"href":"https:\/\/edv-cad.de\/pt-br\/wp-json\/wp\/v2\/pages"}],"about":[{"href":"https:\/\/edv-cad.de\/pt-br\/wp-json\/wp\/v2\/types\/page"}],"author":[{"embeddable":true,"href":"https:\/\/edv-cad.de\/pt-br\/wp-json\/wp\/v2\/users\/3"}],"replies":[{"embeddable":true,"href":"https:\/\/edv-cad.de\/pt-br\/wp-json\/wp\/v2\/comments?post=9575"}],"version-history":[{"count":8,"href":"https:\/\/edv-cad.de\/pt-br\/wp-json\/wp\/v2\/pages\/9575\/revisions"}],"predecessor-version":[{"id":10296,"href":"https:\/\/edv-cad.de\/pt-br\/wp-json\/wp\/v2\/pages\/9575\/revisions\/10296"}],"up":[{"embeddable":true,"href":"https:\/\/edv-cad.de\/pt-br\/wp-json\/wp\/v2\/pages\/8678"}],"wp:attachment":[{"href":"https:\/\/edv-cad.de\/pt-br\/wp-json\/wp\/v2\/media?parent=9575"}],"curies":[{"name":"wp","href":"https:\/\/api.w.org\/{rel}","templated":true}]}}